{"id":671623,"date":"2024-10-13T18:46:18","date_gmt":"2024-10-13T16:46:18","guid":{"rendered":"https:\/\/streetmarkets.fr\/app\/produit\/new-rebels-sac-a-dos-bowie-new-york\/"},"modified":"2024-10-14T01:45:45","modified_gmt":"2024-10-13T23:45:45","slug":"new-rebels-sac-a-dos-bowie-new-york","status":"publish","type":"product","link":"https:\/\/streetmarkets.fr\/app\/produit\/new-rebels-sac-a-dos-bowie-new-york\/","title":{"rendered":"New Rebels, Sac \u00e0 dos Bowie New-York"},"content":{"rendered":"<p>New Rebels d\u00e9barque en France avec son sac New-York. Une version Bowie en deux couleurs, con\u00e7ue pour la pluie et le dos.<\/p>\n<h3>Soyez un New Rebels avec la version Bowie New-York<\/h3>\n<p>Le sac \u00e0 dos Bowie New-York est la version bicolore du mod\u00e8le Bowie. Comme son fr\u00e8re, il peut contenir jusqu&#8217;\u00e0 21 litres, et 15 litres en position ferm\u00e9e. Son rev\u00eatement est hydrofuge et id\u00e9al pour pour les ordinateurs portables de 15,6 pouces. Avec ces deux couleurs, ce sac \u00e0 dos con\u00e7u pour la pluie dispose \u00e9galement de beaucoup d&#8217;espace de rangement, que ce soit dans votre quotidien ou pour vos voyages. Un sac l\u00e9ger, qui s\u2019adapte \u00e0 votre dos, et qui poss\u00e8de aussi une bande r\u00e9fl\u00e9chissante sur l\u2019avant pour ceux qui font du v\u00e9lo. New Rebels arrive dans votre vie et d\u00e9barque chez You &amp; Me Paris, pour soigner votre style.<\/p>\n<h3>Zoom sur le sac Bowie New-York de New Rebels<\/h3>\n<h4>Bowie New York, un sac \u00e0 dos con\u00e7u pour la pluie<\/h4>\n<p>Les sacs \u00e0 dos Bowie New York sont fabriqu\u00e9s en mat\u00e9riau PU\/polyur\u00e9thane perm\u00e9able, ce qui signifie que le sac \u00e0 dos est hydrofuge. New Rebels signe ici un sac \u00e0 dos bicolore id\u00e9al que vos affaires soient toujours en s\u00e9curit\u00e9 par temps de pluie.<\/p>\n<h4>New rebels pense au rangement<\/h4>\n<p>Le sac \u00e0 dos dispose Bowie New-York poss\u00e8de beaucoup d&#8217;espace de rangement gr\u00e2ce au compartiment principal spacieux de 17 L, qui peut \u00eatre facilement agrandi de 43 cm \u00e0 53 cm et monter ainsi jusqu\u2019\u00e0 21 L en d\u00e9roulant la partie enroulable en haut du sac. Comme son grand fr\u00e8re le Mart, il est id\u00e9al pour aller \u00e0 l&#8217;\u00e9cole, au travail ou pour vos prochaines vacances, car il poss\u00e8de plusieurs compartiments zipp\u00e9s \u00e0 l&#8217;int\u00e9rieur et \u00e0 l&#8217;ext\u00e9rieur.<\/p>\n<h4>Le sac \u00e0 dos bicolore pens\u00e9 pour les portables<\/h4>\n<p>Le compartiment principal du sac \u00e0 dos Bowie New-York contient un compartiment rembourr\u00e9 pour ordinateur portable (35&#215;26 cm), correspondant \u00e0 un ordinateur portable de 15,6 pouces. Ainsi, quand on a besoin de transporter ses affaires, ces derni\u00e8res peuvent \u00eatre facilement gliss\u00e9es dans les petites poches situ\u00e9es \u00e0 l&#8217;int\u00e9rieur et \u00e0 l&#8217;ext\u00e9rieur du sac \u00e0 dos, qui se ferment toutes par un zip.<\/p>\n<h4>New rebels, le confort et le design<\/h4>\n<p>Avec New Rebels, chaque sac \u00e0 dos est pens\u00e9 pour \u00eatre tr\u00e8s confortable gr\u00e2ce \u00e0 sa surface et ses bretelles arri\u00e8re rembourr\u00e9es et r\u00e9glables. Sa mati\u00e8re hydrofuge et ses couleurs branch\u00e9es et tendances, donnent au final un sac \u00e0 dos con\u00e7u pour respirer. Son poids ultra l\u00e9ger, rend ce sac facile et agr\u00e9able \u00e0 transporter, et toujours fonctionnel.<\/p>\n<h4>Bowie New-York, les chiffres<\/h4>\n<p>\u2022 Dimensions ext\u00e9rieures d\u00e9ploy\u00e9es : H 53 x L 30 x P 13 cm<br \/>\u2022 Dimensions ext\u00e9rieures enroul\u00e9 : H 43 x L 30 x P 13 cm<br \/>\u2022 Taille de l&#8217;ordinateur portable : 7,9 pouces &#8211; 15,6 pouces\u00a0 \u00a0<br \/>\u2022 Volume : 17 litres enroul\u00e9<br \/>\u2022 Volume : 21 litres d\u00e9ploy\u00e9<br \/>\u2022 Poids : 750 grammes<br \/>\u2022 Mat\u00e9riau : 100 % polyur\u00e9thane (hydrofuge)<\/p>\n","protected":false},"excerpt":{"rendered":"<p>New Rebels d\u00e9barque en France avec son sac New-York. Une version Bowie en deux couleurs, con\u00e7ue pour la pluie et le dos. Soyez un New Rebels avec la version Bowie New-York Le sac \u00e0 dos Bowie New-York est la version bicolore du mod\u00e8le Bowie. Comme son fr\u00e8re, il peut contenir jusqu&#8217;\u00e0 21 litres, et 15 [&hellip;]<\/p>\n","protected":false},"featured_media":671624,"comment_status":"open","ping_status":"closed","template":"","meta":[],"product_brand":[],"product_cat":[1756,1764],"product_tag":[],"acf":[],"_links":{"self":[{"href":"https:\/\/streetmarkets.fr\/app\/wp-json\/wp\/v2\/product\/671623"}],"collection":[{"href":"https:\/\/streetmarkets.fr\/app\/wp-json\/wp\/v2\/product"}],"about":[{"href":"https:\/\/streetmarkets.fr\/app\/wp-json\/wp\/v2\/types\/product"}],"replies":[{"embeddable":true,"href":"https:\/\/streetmarkets.fr\/app\/wp-json\/wp\/v2\/comments?post=671623"}],"wp:featuredmedia":[{"embeddable":true,"href":"https:\/\/streetmarkets.fr\/app\/wp-json\/wp\/v2\/media\/671624"}],"wp:attachment":[{"href":"https:\/\/streetmarkets.fr\/app\/wp-json\/wp\/v2\/media?parent=671623"}],"wp:term":[{"taxonomy":"product_brand","embeddable":true,"href":"https:\/\/streetmarkets.fr\/app\/wp-json\/wp\/v2\/product_brand?post=671623"},{"taxonomy":"product_cat","embeddable":true,"href":"https:\/\/streetmarkets.fr\/app\/wp-json\/wp\/v2\/product_cat?post=671623"},{"taxonomy":"product_tag","embeddable":true,"href":"https:\/\/streetmarkets.fr\/app\/wp-json\/wp\/v2\/product_tag?post=671623"}],"curies":[{"name":"wp","href":"https:\/\/api.w.org\/{rel}","templated":true}]}}