{"id":671584,"date":"2024-10-13T18:46:17","date_gmt":"2024-10-13T16:46:17","guid":{"rendered":"https:\/\/streetmarkets.fr\/app\/produit\/mascotte-equipe-de-france-jo-paris-2024\/"},"modified":"2024-10-14T01:45:45","modified_gmt":"2024-10-13T23:45:45","slug":"mascotte-equipe-de-france-jo-paris-2024","status":"publish","type":"product","link":"https:\/\/streetmarkets.fr\/app\/produit\/mascotte-equipe-de-france-jo-paris-2024\/","title":{"rendered":"Mascotte \u00c9quipe de France JO Paris 2024"},"content":{"rendered":"<p>Le coq fran\u00e7ais aux couleurs des jeux olympiques pour soutenir nos athl\u00e8tes fran\u00e7ais. Allez les bleus !<\/p>\n<h3>La Mascotte Coq de l\u2019\u00e9quipe de France est olympique<\/h3>\n<p>Les jeux olympiques d\u00e9barquent \u00e0 Paris \u00e0 l\u2019\u00e9t\u00e9 2024 ! Les sportifs de tous les pays viennent d\u00e9fier l\u2019\u00e9quipe de France dans l\u2019esprit olympique. La mascotte officielle repr\u00e9sente le c\u00e9l\u00e8bre coq, embl\u00e8me de notre pays, qui s\u2019est mis aux couleurs des Jeux Olympiques de Paris 2024. C\u2019est le doudou cocorico de l\u2019\u00e9v\u00e9nement cet \u00e9t\u00e9.<\/p>\n<h3>Tout savoir sur la Mascotte officielle de l\u2019\u00e9quipe de France 2024<\/h3>\n<p>Un coq brun doux et sympathique, v\u00eatu des anneaux olympiques qui va accompagner l\u2019\u00e9quipe de France pendant les JO de Paris 2024, Deux versions ont \u00e9t\u00e9 s\u00e9lectionn\u00e9 : 15 cm et 24 cm assis.<\/p>\n<p>Mascotte officielle 100% polyester recycl\u00e9 <br \/>Conforme aux normes Europ\u00e9ennes CE<br \/>Polybag biod\u00e9gradable<br \/>Entretien : Premier lavage \u00e0 30\u00b0 avant toute utilisation<br \/>S\u00e9chage naturel ou S\u00e9chage m\u00e9canique \u00e0 basse temp\u00e9rature<\/p>\n<p>Produits sous licence officielle \u2013 \u00c9quipe de France des JO de Paris 2024<\/p>\n","protected":false},"excerpt":{"rendered":"<p>Le coq fran\u00e7ais aux couleurs des jeux olympiques pour soutenir nos athl\u00e8tes fran\u00e7ais. Allez les bleus ! La Mascotte Coq de l\u2019\u00e9quipe de France est olympique Les jeux olympiques d\u00e9barquent \u00e0 Paris \u00e0 l\u2019\u00e9t\u00e9 2024 ! Les sportifs de tous les pays viennent d\u00e9fier l\u2019\u00e9quipe de France dans l\u2019esprit olympique. La mascotte officielle repr\u00e9sente le [&hellip;]<\/p>\n","protected":false},"featured_media":671585,"comment_status":"open","ping_status":"closed","template":"","meta":[],"product_brand":[],"product_cat":[1756,1764],"product_tag":[],"acf":[],"_links":{"self":[{"href":"https:\/\/streetmarkets.fr\/app\/wp-json\/wp\/v2\/product\/671584"}],"collection":[{"href":"https:\/\/streetmarkets.fr\/app\/wp-json\/wp\/v2\/product"}],"about":[{"href":"https:\/\/streetmarkets.fr\/app\/wp-json\/wp\/v2\/types\/product"}],"replies":[{"embeddable":true,"href":"https:\/\/streetmarkets.fr\/app\/wp-json\/wp\/v2\/comments?post=671584"}],"wp:featuredmedia":[{"embeddable":true,"href":"https:\/\/streetmarkets.fr\/app\/wp-json\/wp\/v2\/media\/671585"}],"wp:attachment":[{"href":"https:\/\/streetmarkets.fr\/app\/wp-json\/wp\/v2\/media?parent=671584"}],"wp:term":[{"taxonomy":"product_brand","embeddable":true,"href":"https:\/\/streetmarkets.fr\/app\/wp-json\/wp\/v2\/product_brand?post=671584"},{"taxonomy":"product_cat","embeddable":true,"href":"https:\/\/streetmarkets.fr\/app\/wp-json\/wp\/v2\/product_cat?post=671584"},{"taxonomy":"product_tag","embeddable":true,"href":"https:\/\/streetmarkets.fr\/app\/wp-json\/wp\/v2\/product_tag?post=671584"}],"curies":[{"name":"wp","href":"https:\/\/api.w.org\/{rel}","templated":true}]}}