{"id":671566,"date":"2024-10-13T18:46:17","date_gmt":"2024-10-13T16:46:17","guid":{"rendered":"https:\/\/streetmarkets.fr\/app\/produit\/sac-banane-hindbag-sasha\/"},"modified":"2024-10-14T01:45:45","modified_gmt":"2024-10-13T23:45:45","slug":"sac-banane-hindbag-sasha","status":"publish","type":"product","link":"https:\/\/streetmarkets.fr\/app\/produit\/sac-banane-hindbag-sasha\/","title":{"rendered":"Sac Banane Hindbag Sasha"},"content":{"rendered":"<p>Sasha, c\u2019est la banane Hindbag id\u00e9al pour le quotidien avec ses poches int\u00e9rieurs et ext\u00e9rieurs super pratique. On ne sort plus sans elle<\/p>\n<h3>Soignez votre look avec Sasha, la banane XL<\/h3>\n<p>Sasha, c\u2019est le sac banane XL de la marque Hindbag pour ceux qui on besoin de place. Avec ses deux poches int\u00e9rieures, plus sa poche zipp\u00e9e ext\u00e9rieure, Sasha va soigner votre look gr\u00e2ce \u00e0 sa anse qui est de la m\u00eame couleur que la poche principale. En plus Sophia est \u00e9co-friendly car son cr\u00e9ateur, Hindbag, est la marque Fran\u00e7aise \u00e9thique et solidaire d\u2019accessoires qui sont fabriqu\u00e9s par une ONG indienne, SSMI, et qui \u0153uvre pour l\u2019\u00e9mancipation des femmes et l\u2019\u00e9ducation des enfants. Pensez \u00e9coresponsable !<\/p>\n<h3>Tout savoir Sasha, le Banane partique de Hindbag<\/h3>\n<p>Coton bio \u00e9pais 500g \/ m2 labellis\u00e9 GOTS, super r\u00e9sistant<br \/>Anse Bandouli\u00e8re ajustable de la m\u00eame couleur que la poche principale.<br \/>Grande poche zipp\u00e9e avec deux petites poches int\u00e9rieures.<br \/>Une poche zipp\u00e9e \u00e0 l\u2019arri\u00e8re pour s\u00e9curiser ses clefs.<br \/>Dimensions : L 40 cm &#8211; H 16 cm \u2013 P 9,5 cm<br \/>Dessin\u00e9 en France et fabriqu\u00e9 par une ONG indienne, SSMI, qui \u0153uvre \u00e0 l&#8217;\u00e9mancipation des femmes et l&#8217;\u00e9ducation des enfants en Inde.<\/p>\n","protected":false},"excerpt":{"rendered":"<p>Sasha, c\u2019est la banane Hindbag id\u00e9al pour le quotidien avec ses poches int\u00e9rieurs et ext\u00e9rieurs super pratique. On ne sort plus sans elle Soignez votre look avec Sasha, la banane XL Sasha, c\u2019est le sac banane XL de la marque Hindbag pour ceux qui on besoin de place. Avec ses deux poches int\u00e9rieures, plus sa [&hellip;]<\/p>\n","protected":false},"featured_media":671567,"comment_status":"open","ping_status":"closed","template":"","meta":[],"product_brand":[],"product_cat":[1756,1764],"product_tag":[1810],"acf":[],"_links":{"self":[{"href":"https:\/\/streetmarkets.fr\/app\/wp-json\/wp\/v2\/product\/671566"}],"collection":[{"href":"https:\/\/streetmarkets.fr\/app\/wp-json\/wp\/v2\/product"}],"about":[{"href":"https:\/\/streetmarkets.fr\/app\/wp-json\/wp\/v2\/types\/product"}],"replies":[{"embeddable":true,"href":"https:\/\/streetmarkets.fr\/app\/wp-json\/wp\/v2\/comments?post=671566"}],"wp:featuredmedia":[{"embeddable":true,"href":"https:\/\/streetmarkets.fr\/app\/wp-json\/wp\/v2\/media\/671567"}],"wp:attachment":[{"href":"https:\/\/streetmarkets.fr\/app\/wp-json\/wp\/v2\/media?parent=671566"}],"wp:term":[{"taxonomy":"product_brand","embeddable":true,"href":"https:\/\/streetmarkets.fr\/app\/wp-json\/wp\/v2\/product_brand?post=671566"},{"taxonomy":"product_cat","embeddable":true,"href":"https:\/\/streetmarkets.fr\/app\/wp-json\/wp\/v2\/product_cat?post=671566"},{"taxonomy":"product_tag","embeddable":true,"href":"https:\/\/streetmarkets.fr\/app\/wp-json\/wp\/v2\/product_tag?post=671566"}],"curies":[{"name":"wp","href":"https:\/\/api.w.org\/{rel}","templated":true}]}}