{"id":671540,"date":"2024-10-13T18:46:16","date_gmt":"2024-10-13T16:46:16","guid":{"rendered":"https:\/\/streetmarkets.fr\/app\/produit\/sac-a-main-hindbag-alba\/"},"modified":"2024-10-14T01:45:45","modified_gmt":"2024-10-13T23:45:45","slug":"sac-a-main-hindbag-alba","status":"publish","type":"product","link":"https:\/\/streetmarkets.fr\/app\/produit\/sac-a-main-hindbag-alba\/","title":{"rendered":"Sac \u00e0 main Hindbag Alba"},"content":{"rendered":"<p>Avec sa forme de cabas, Alba est le sac \u00e0 main pratique pour vous accompagner du matin au soir. En coton bio ou en laine recycl\u00e9e, soyez \u00e0 la mode \u00e9coresponsable avec Hindbag<\/p>\n<h3><span style=\"color:#005376\">le sac \u00e0 main chic en coton bio ou en laine<br \/><\/span><\/h3>\n<p>Le Hindbag r\u00e9ussit son entr\u00e9e dans le mode du sac \u00e0 main. Apr\u00e8s Margault, voici le cabas que la marque a d\u00e9velopp\u00e9 pour celles qui ont besoin de place. Son fond plat pratique et sa grande ouverture offrent une belle contenance. En forme de cabas, Alba peut se porter \u00e0 la main, sur le coude ou \u00e0 l\u2019\u00e9paule gr\u00e2ce \u00e0 ses doubles anses ajustables. Enfin son int\u00e9rieur poss\u00e8de plein de poche ce qui le rend tr\u00e8s pratique.<\/p>\n<h3>Tout savoir le sac \u00e0 main Alba de Hindbag<\/h3>\n<p>Dimensions : L 45 cm &#8211; H 25 cm \u2013 P 18 cm<br \/>Capacit\u00e9 : 20 L<br \/>Mati\u00e8re : Coton bio \u00e9pais 500g\/m2 labellis\u00e9 GOTS super r\u00e9sistant\u2028<br \/>Ou laine recycl\u00e9e au label GRS (GlobalRecycled Standards)<\/p>\n<p>Large ouverture zipp\u00e9e pour profiter du grand cabas \u00e0 fond plat<br \/>Une double Anse ajustable pour tous les d\u00e9placements\u2028<br \/>2 poches zipp\u00e9es plaqu\u00e9es \u00e0 int\u00e9rieur<br \/>\u00a0<br \/>Dessin\u00e9 en France et fabriqu\u00e9 par une ONG indienne, SSMI, qui \u0153uvre \u00e0 l&#8217;\u00e9mancipation des femmes et l&#8217;\u00e9ducation des enfants en Inde.<\/p>\n","protected":false},"excerpt":{"rendered":"<p>Avec sa forme de cabas, Alba est le sac \u00e0 main pratique pour vous accompagner du matin au soir. En coton bio ou en laine recycl\u00e9e, soyez \u00e0 la mode \u00e9coresponsable avec Hindbag le sac \u00e0 main chic en coton bio ou en laine Le Hindbag r\u00e9ussit son entr\u00e9e dans le mode du sac \u00e0 [&hellip;]<\/p>\n","protected":false},"featured_media":671541,"comment_status":"open","ping_status":"closed","template":"","meta":[],"product_brand":[],"product_cat":[1756,1764],"product_tag":[1810],"acf":[],"_links":{"self":[{"href":"https:\/\/streetmarkets.fr\/app\/wp-json\/wp\/v2\/product\/671540"}],"collection":[{"href":"https:\/\/streetmarkets.fr\/app\/wp-json\/wp\/v2\/product"}],"about":[{"href":"https:\/\/streetmarkets.fr\/app\/wp-json\/wp\/v2\/types\/product"}],"replies":[{"embeddable":true,"href":"https:\/\/streetmarkets.fr\/app\/wp-json\/wp\/v2\/comments?post=671540"}],"wp:featuredmedia":[{"embeddable":true,"href":"https:\/\/streetmarkets.fr\/app\/wp-json\/wp\/v2\/media\/671541"}],"wp:attachment":[{"href":"https:\/\/streetmarkets.fr\/app\/wp-json\/wp\/v2\/media?parent=671540"}],"wp:term":[{"taxonomy":"product_brand","embeddable":true,"href":"https:\/\/streetmarkets.fr\/app\/wp-json\/wp\/v2\/product_brand?post=671540"},{"taxonomy":"product_cat","embeddable":true,"href":"https:\/\/streetmarkets.fr\/app\/wp-json\/wp\/v2\/product_cat?post=671540"},{"taxonomy":"product_tag","embeddable":true,"href":"https:\/\/streetmarkets.fr\/app\/wp-json\/wp\/v2\/product_tag?post=671540"}],"curies":[{"name":"wp","href":"https:\/\/api.w.org\/{rel}","templated":true}]}}