{"id":671530,"date":"2024-10-13T18:46:16","date_gmt":"2024-10-13T16:46:16","guid":{"rendered":"https:\/\/streetmarkets.fr\/app\/produit\/petit-sac-us-en-cuir-graine\/"},"modified":"2024-10-14T01:45:45","modified_gmt":"2024-10-13T23:45:45","slug":"petit-sac-us-en-cuir-graine","status":"publish","type":"product","link":"https:\/\/streetmarkets.fr\/app\/produit\/petit-sac-us-en-cuir-graine\/","title":{"rendered":"Petit Sac US en Cuir grain\u00e9"},"content":{"rendered":"<p>Le C\u00e9l\u00e8bre sac US en version cuir grain\u00e9 est encore plus \u00e0 la mode. Petit et pratique, c\u2019est un coup de c\u0153ur pour votre look.<\/p>\n<h3>Sac Us version Cuir, c\u2019est chic<\/h3>\n<p>Entre boh\u00e8me et Po\u00e9sie, le sac US devient un accessoire de mode. Tout en cuir grain\u00e9 avec ses pi\u00e8ces m\u00e9talliques en laiton, ce sac \u00e0 main va apporter du Pep \u00e0 votre c\u00f4t\u00e9 \u00ab So Sweet \u00bb ! Au Bureau, en vadrouille ou soir\u00e9e, ce sac US va redonner vie \u00e0 votre c\u00f4t\u00e9 Pop \/ Rock. L\u2019id\u00e9e cadeau femme originale qu\u2019on adopte sans soucis !<\/p>\n<h3>Tout Savoir sur le Sac US version Cuir grain\u00e9<\/h3>\n<p>&#8211; 3 couleurs de Cuir Grain\u00e9es Disponibles<br \/>&#8211; Dimension : 23 x 25 x 7,5 cm<br \/>&#8211; Ouverture par deux pressions aimant\u00e9es<br \/>&#8211; Grande contenance pour ordinateurs et affaires de cours comme \u00e0 l\u2019\u00e9poque ! <br \/>&#8211; Poche zipp\u00e9e \u00e0 l\u2019int\u00e9rieur du sac + deux poches ext\u00e9rieures plaqu\u00e9es ferm\u00e9es par des boutons pressions<br \/>&#8211; Bandouli\u00e8re en coton r\u00e9glable et amovible sur mousquetons<br \/>\u00a0<br \/>Design In France | Fabriqu\u00e9 en Inde<\/p>\n<\/p>\n<p><a href=\"\/brand\/51-ullys\"><img decoding=\"async\" loading=\"lazy\" src=\"\/img\/cms\/00%20all%20site\/Logo%20marque\/Design%20in%20france.png\" alt=\"SAC U.S France\" width=\"299\" height=\"102\" \/><\/a><\/p>\n","protected":false},"excerpt":{"rendered":"<p>Le C\u00e9l\u00e8bre sac US en version cuir grain\u00e9 est encore plus \u00e0 la mode. Petit et pratique, c\u2019est un coup de c\u0153ur pour votre look. Sac Us version Cuir, c\u2019est chic Entre boh\u00e8me et Po\u00e9sie, le sac US devient un accessoire de mode. Tout en cuir grain\u00e9 avec ses pi\u00e8ces m\u00e9talliques en laiton, ce sac [&hellip;]<\/p>\n","protected":false},"featured_media":671531,"comment_status":"open","ping_status":"closed","template":"","meta":[],"product_brand":[],"product_cat":[1756,1764],"product_tag":[1810],"acf":[],"_links":{"self":[{"href":"https:\/\/streetmarkets.fr\/app\/wp-json\/wp\/v2\/product\/671530"}],"collection":[{"href":"https:\/\/streetmarkets.fr\/app\/wp-json\/wp\/v2\/product"}],"about":[{"href":"https:\/\/streetmarkets.fr\/app\/wp-json\/wp\/v2\/types\/product"}],"replies":[{"embeddable":true,"href":"https:\/\/streetmarkets.fr\/app\/wp-json\/wp\/v2\/comments?post=671530"}],"wp:featuredmedia":[{"embeddable":true,"href":"https:\/\/streetmarkets.fr\/app\/wp-json\/wp\/v2\/media\/671531"}],"wp:attachment":[{"href":"https:\/\/streetmarkets.fr\/app\/wp-json\/wp\/v2\/media?parent=671530"}],"wp:term":[{"taxonomy":"product_brand","embeddable":true,"href":"https:\/\/streetmarkets.fr\/app\/wp-json\/wp\/v2\/product_brand?post=671530"},{"taxonomy":"product_cat","embeddable":true,"href":"https:\/\/streetmarkets.fr\/app\/wp-json\/wp\/v2\/product_cat?post=671530"},{"taxonomy":"product_tag","embeddable":true,"href":"https:\/\/streetmarkets.fr\/app\/wp-json\/wp\/v2\/product_tag?post=671530"}],"curies":[{"name":"wp","href":"https:\/\/api.w.org\/{rel}","templated":true}]}}