{"id":671507,"date":"2024-10-13T18:46:16","date_gmt":"2024-10-13T16:46:16","guid":{"rendered":"https:\/\/streetmarkets.fr\/app\/produit\/sac-us-le-petit-toile-chinee\/"},"modified":"2024-10-14T01:45:45","modified_gmt":"2024-10-13T23:45:45","slug":"sac-us-le-petit-toile-chinee","status":"publish","type":"product","link":"https:\/\/streetmarkets.fr\/app\/produit\/sac-us-le-petit-toile-chinee\/","title":{"rendered":"SAC US le Petit Toile Chin\u00e9e"},"content":{"rendered":"<p>Le C\u00e9l\u00e8bre sac US en toile revient \u00e0 la mode en version petit sac \u00e0 main. Dispo en 6 couleurs, c&#8217;est le cadeau Femme original \u00e0 faire !<\/p>\n<h3>Petit Sac US, le retour de la toile chin\u00e9e<\/h3>\n<p>Entre Pop &amp; Romantic, ce sac US 100% Coton avec ses pi\u00e8ces m\u00e9talliques en laiton va redonner du Pep \u00e0 votre c\u00f4t\u00e9 \u00ab Urban \u00bb ! Ic\u00f4ne des ann\u00e9es 80, ce sac \u00e0 main U.S en version Mini est un super cadeau femme original qu\u2019on adopte sans soucis ! Il n&#8217;y a plus qu&#8217;a choisir votre couleur.<\/p>\n<h3>Tout Savoir sur le Sac US Mini en Toile Chin\u00e9e<\/h3>\n<p>&#8211; 6 couleurs de Toiles Chin\u00e9es Disponibles ; <br \/>&#8211; Dimension : 23 x 21 x 7,5 cm<br \/>&#8211; Ouverture par deux pressions aimant\u00e9es<br \/>&#8211; Poche zipp\u00e9e \u00e0 l\u2019int\u00e9rieur du sac &amp; deux poches ext\u00e9rieures plaqu\u00e9es ferm\u00e9es par des boutons pressions<br \/>&#8211; Bandouli\u00e8re en coton r\u00e9glable et amovible sur mousquetons<\/p>\n<p>Design In France | Fabriqu\u00e9 en Inde dans le cadre d&#8217;une ONG<\/p>\n<\/p>\n<p><a href=\"\/brand\/51-ullys\"><img decoding=\"async\" loading=\"lazy\" src=\"\/img\/cms\/00%20all%20site\/Logo%20marque\/Design%20in%20france.png\" alt=\"SAC U.S France\" width=\"299\" height=\"102\" \/><\/a><\/p>\n","protected":false},"excerpt":{"rendered":"<p>Le C\u00e9l\u00e8bre sac US en toile revient \u00e0 la mode en version petit sac \u00e0 main. Dispo en 6 couleurs, c&#8217;est le cadeau Femme original \u00e0 faire ! Petit Sac US, le retour de la toile chin\u00e9e Entre Pop &amp; Romantic, ce sac US 100% Coton avec ses pi\u00e8ces m\u00e9talliques en laiton va redonner du [&hellip;]<\/p>\n","protected":false},"featured_media":671508,"comment_status":"open","ping_status":"closed","template":"","meta":[],"product_brand":[],"product_cat":[1756,1764],"product_tag":[1810],"acf":[],"_links":{"self":[{"href":"https:\/\/streetmarkets.fr\/app\/wp-json\/wp\/v2\/product\/671507"}],"collection":[{"href":"https:\/\/streetmarkets.fr\/app\/wp-json\/wp\/v2\/product"}],"about":[{"href":"https:\/\/streetmarkets.fr\/app\/wp-json\/wp\/v2\/types\/product"}],"replies":[{"embeddable":true,"href":"https:\/\/streetmarkets.fr\/app\/wp-json\/wp\/v2\/comments?post=671507"}],"wp:featuredmedia":[{"embeddable":true,"href":"https:\/\/streetmarkets.fr\/app\/wp-json\/wp\/v2\/media\/671508"}],"wp:attachment":[{"href":"https:\/\/streetmarkets.fr\/app\/wp-json\/wp\/v2\/media?parent=671507"}],"wp:term":[{"taxonomy":"product_brand","embeddable":true,"href":"https:\/\/streetmarkets.fr\/app\/wp-json\/wp\/v2\/product_brand?post=671507"},{"taxonomy":"product_cat","embeddable":true,"href":"https:\/\/streetmarkets.fr\/app\/wp-json\/wp\/v2\/product_cat?post=671507"},{"taxonomy":"product_tag","embeddable":true,"href":"https:\/\/streetmarkets.fr\/app\/wp-json\/wp\/v2\/product_tag?post=671507"}],"curies":[{"name":"wp","href":"https:\/\/api.w.org\/{rel}","templated":true}]}}