{"id":671492,"date":"2024-10-13T18:46:15","date_gmt":"2024-10-13T16:46:15","guid":{"rendered":"https:\/\/streetmarkets.fr\/app\/produit\/sac-us-grand-toile-chinee\/"},"modified":"2024-10-14T01:45:45","modified_gmt":"2024-10-13T23:45:45","slug":"sac-us-grand-toile-chinee","status":"publish","type":"product","link":"https:\/\/streetmarkets.fr\/app\/produit\/sac-us-grand-toile-chinee\/","title":{"rendered":"Sac US Grand Toile Chin\u00e9e"},"content":{"rendered":"<p>Le C\u00e9l\u00e8bre revient \u00e0 la mode gr\u00e2ce avec un nouveau design. Une version Grand mod\u00e8le en toile disponible en 6 couleurs, Une bonne id\u00e9e cadeau<\/p>\n<h3>Sac U.S Rose, Le Cadeau \u00ab\u00a0So Sweet\u00bb rien que pour Elle\u00a0!<\/h3>\n<p>Entre boh\u00e8me et Po\u00e9sie, ce sac US 100% coton avec ses pi\u00e8ces m\u00e9talliques en laiton va apporter du Pep \u00e0 votre c\u00f4t\u00e9 \u00ab So Sweet \u00bb ! Au Bureau, en vadrouille ou \u00e0 la plage, ce sac U.S va redonner vie \u00e0 votre c\u00f4t\u00e9 Pop \/ Rock. L\u2019id\u00e9e cadeau femme originale qu\u2019on adopte sans soucis !<\/p>\n<h3>Tout Savoir sur le Grand Sac US Toile Chin\u00e9e<\/h3>\n<p>&#8211; 6 couleurs de Toiles Chin\u00e9es Disponibles <br \/>&#8211; Dimension : 37 x 31 x 10 cm<br \/>&#8211; Ouverture par deux pressions aimant\u00e9es<br \/>&#8211; Grande contenance pour ordinateurs et affaires de cours comme \u00e0 l\u2019\u00e9poque ! <br \/>&#8211; Poche zipp\u00e9e \u00e0 l\u2019int\u00e9rieur du sac + deux poches ext\u00e9rieures plaqu\u00e9es ferm\u00e9es par des boutons pressions<br \/>&#8211; Bandouli\u00e8re en coton r\u00e9glable et amovible sur mousquetons<\/p>\n<p>Design In France | Fabriqu\u00e9 en Inde en mode \u00c9CO-FRIENDLY<\/p>\n<p><a href=\"\/brand\/51-ullys\"><img decoding=\"async\" loading=\"lazy\" src=\"\/img\/cms\/00%20all%20site\/Logo%20marque\/Design%20in%20france.png\" alt=\"SAC US France\" width=\"299\" height=\"102\" \/><\/a><\/p>\n","protected":false},"excerpt":{"rendered":"<p>Le C\u00e9l\u00e8bre revient \u00e0 la mode gr\u00e2ce avec un nouveau design. Une version Grand mod\u00e8le en toile disponible en 6 couleurs, Une bonne id\u00e9e cadeau Sac U.S Rose, Le Cadeau \u00ab\u00a0So Sweet\u00bb rien que pour Elle\u00a0! Entre boh\u00e8me et Po\u00e9sie, ce sac US 100% coton avec ses pi\u00e8ces m\u00e9talliques en laiton va apporter du Pep [&hellip;]<\/p>\n","protected":false},"featured_media":671493,"comment_status":"open","ping_status":"closed","template":"","meta":[],"product_brand":[],"product_cat":[1756,1764],"product_tag":[],"acf":[],"_links":{"self":[{"href":"https:\/\/streetmarkets.fr\/app\/wp-json\/wp\/v2\/product\/671492"}],"collection":[{"href":"https:\/\/streetmarkets.fr\/app\/wp-json\/wp\/v2\/product"}],"about":[{"href":"https:\/\/streetmarkets.fr\/app\/wp-json\/wp\/v2\/types\/product"}],"replies":[{"embeddable":true,"href":"https:\/\/streetmarkets.fr\/app\/wp-json\/wp\/v2\/comments?post=671492"}],"wp:featuredmedia":[{"embeddable":true,"href":"https:\/\/streetmarkets.fr\/app\/wp-json\/wp\/v2\/media\/671493"}],"wp:attachment":[{"href":"https:\/\/streetmarkets.fr\/app\/wp-json\/wp\/v2\/media?parent=671492"}],"wp:term":[{"taxonomy":"product_brand","embeddable":true,"href":"https:\/\/streetmarkets.fr\/app\/wp-json\/wp\/v2\/product_brand?post=671492"},{"taxonomy":"product_cat","embeddable":true,"href":"https:\/\/streetmarkets.fr\/app\/wp-json\/wp\/v2\/product_cat?post=671492"},{"taxonomy":"product_tag","embeddable":true,"href":"https:\/\/streetmarkets.fr\/app\/wp-json\/wp\/v2\/product_tag?post=671492"}],"curies":[{"name":"wp","href":"https:\/\/api.w.org\/{rel}","templated":true}]}}