{"id":671440,"date":"2024-10-13T18:46:15","date_gmt":"2024-10-13T16:46:15","guid":{"rendered":"https:\/\/streetmarkets.fr\/app\/produit\/parapluie-tete-de-canard-original-duckhead\/"},"modified":"2024-10-14T01:45:45","modified_gmt":"2024-10-13T23:45:45","slug":"parapluie-tete-de-canard-original-duckhead","status":"publish","type":"product","link":"https:\/\/streetmarkets.fr\/app\/produit\/parapluie-tete-de-canard-original-duckhead\/","title":{"rendered":"Parapluie T\u00eate de Canard Original Duckhead"},"content":{"rendered":"<p>Le parapluie design venu de Londres, qui a travers\u00e9 la manche avec sa t\u00eate de canard pour vous prot\u00e9ger des gouttes. \u00c7a c\u2019est original !<\/p>\n<h3><span style=\"color:#005376\">Une magnifique t\u00eate de canard pour vous accompagner sous la pluie<\/span><\/h3>\n<p>Un petit cadeau \u00e0 faire \u00e0 une amie ? Pensez \u00e0 la t\u00eate de canard et au parapluie en toile \u00e9coresponsable de Original Duckhead. Le cadeau qui fait toujours plaisir avec ce design original et ces couleurs tr\u00e8s tendances. Un parapluie qui deviendra tr\u00e8s vite, l\u2019\u2019accessoire indispensable pour vous les mesdames !<\/p>\n<h3>Parapluie t\u00eate de canard, on vous dit tout<\/h3>\n<p>Avec ces couleurs sympas qui sont imprim\u00e9es sur une toile Blanche solide et recycl\u00e9e, ce parapluie fait son effet. Le manche est en bois massif repr\u00e9sente une t\u00eate de canard tr\u00e8s original et c\u2019est l\u00e0 que se trouve le petit bouton pour l\u2019ouverture automatique. La structure est en acier et aluminium, tr\u00e8s r\u00e9sistante quand il y a du vent. <br \/>\u00a0<br \/>Ces parapluies sont fabriqu\u00e9s avec des mat\u00e9riaux recycl\u00e9s et \u00e9coresponsable.<br \/>\u00a0<br \/>6 couleurs | Fait main | Tissus 100% PET Recycl\u00e9 | Eco-Friendly<\/p>\n<\/p>\n<p><img decoding=\"async\" loading=\"lazy\" src=\"\/img\/cms\/00%20all%20site\/Logo%20marque\/Ecofriendy\/PETAapprovedveganLOGO.png\" alt=\"Label Vegan\" width=\"300\" height=\"115\" \/><\/p>\n","protected":false},"excerpt":{"rendered":"<p>Le parapluie design venu de Londres, qui a travers\u00e9 la manche avec sa t\u00eate de canard pour vous prot\u00e9ger des gouttes. \u00c7a c\u2019est original ! Une magnifique t\u00eate de canard pour vous accompagner sous la pluie Un petit cadeau \u00e0 faire \u00e0 une amie ? Pensez \u00e0 la t\u00eate de canard et au parapluie en [&hellip;]<\/p>\n","protected":false},"featured_media":671441,"comment_status":"open","ping_status":"closed","template":"","meta":[],"product_brand":[],"product_cat":[1756,1764],"product_tag":[1810],"acf":[],"_links":{"self":[{"href":"https:\/\/streetmarkets.fr\/app\/wp-json\/wp\/v2\/product\/671440"}],"collection":[{"href":"https:\/\/streetmarkets.fr\/app\/wp-json\/wp\/v2\/product"}],"about":[{"href":"https:\/\/streetmarkets.fr\/app\/wp-json\/wp\/v2\/types\/product"}],"replies":[{"embeddable":true,"href":"https:\/\/streetmarkets.fr\/app\/wp-json\/wp\/v2\/comments?post=671440"}],"wp:featuredmedia":[{"embeddable":true,"href":"https:\/\/streetmarkets.fr\/app\/wp-json\/wp\/v2\/media\/671441"}],"wp:attachment":[{"href":"https:\/\/streetmarkets.fr\/app\/wp-json\/wp\/v2\/media?parent=671440"}],"wp:term":[{"taxonomy":"product_brand","embeddable":true,"href":"https:\/\/streetmarkets.fr\/app\/wp-json\/wp\/v2\/product_brand?post=671440"},{"taxonomy":"product_cat","embeddable":true,"href":"https:\/\/streetmarkets.fr\/app\/wp-json\/wp\/v2\/product_cat?post=671440"},{"taxonomy":"product_tag","embeddable":true,"href":"https:\/\/streetmarkets.fr\/app\/wp-json\/wp\/v2\/product_tag?post=671440"}],"curies":[{"name":"wp","href":"https:\/\/api.w.org\/{rel}","templated":true}]}}