{"id":671401,"date":"2024-10-13T18:46:14","date_gmt":"2024-10-13T16:46:14","guid":{"rendered":"https:\/\/streetmarkets.fr\/app\/produit\/parapluie-original-duckhead-en-6-couleurs\/"},"modified":"2024-10-14T01:45:44","modified_gmt":"2024-10-13T23:45:44","slug":"parapluie-original-duckhead-en-6-couleurs","status":"publish","type":"product","link":"https:\/\/streetmarkets.fr\/app\/produit\/parapluie-original-duckhead-en-6-couleurs\/","title":{"rendered":"Parapluie Original Duckhead en 6 couleurs"},"content":{"rendered":"<p>Offrez la bonne id\u00e9e cadeau avec ce parapluie tr\u00e8s styl\u00e9 ! 6 couleurs au choix pour un anniversaire ou pour no\u00ebl, c\u2019est le cadeau qui passe entre les gouttes !<\/p>\n<h3>Pour un Anniversaire comme \u00e0 no\u00ebl, le parapluie canard c\u2019est styl\u00e9\u00a0!<\/h3>\n<p>Vous recherchez un petit cadeau \u00e0 faire ? le petit parapluie qui fait toujours plaisir. Des couleurs tel que rouge mais aussi \u2026 Taupe, Vert, Noir, Bleu, forest, \u2026 c\u2019est tr\u00e8s sympa. L\u2019accessoire du sac \u00e0 main indispensable pour vous les filles !<\/p>\n<h3>Faites le plein de couleurs | Parapluie Femme rouge, taupe, vert \u2026<\/h3>\n<p>Des couleurs sympas sont imprim\u00e9es sur une toile Blanche solide et recycl\u00e9e. Le manche est en bois massif et repr\u00e9sente une t\u00eate de canard tr\u00e8s fun ou se trouve le petit bouton pour l\u2019ouverture automatique. Enfin la structure est en acier et aluminium tr\u00e8s r\u00e9sistant pour les forts coups de vent.<\/p>\n<p>Ces parapluies sont fabriqu\u00e9s avec des mat\u00e9riaux recycl\u00e9s, recyclables, et \u00e9coresponsable.<\/p>\n<p>8 couleurs | Fait main | Tissus 100% PET Recycl\u00e9 | Eco-Friendly<\/p>\n<\/p>\n<p><img decoding=\"async\" loading=\"lazy\" src=\"\/img\/cms\/00%20all%20site\/Logo%20marque\/Ecofriendy\/PETAapprovedveganLOGO.png\" alt=\"Label Vegan\" width=\"300\" height=\"115\" \/><\/p>\n","protected":false},"excerpt":{"rendered":"<p>Offrez la bonne id\u00e9e cadeau avec ce parapluie tr\u00e8s styl\u00e9 ! 6 couleurs au choix pour un anniversaire ou pour no\u00ebl, c\u2019est le cadeau qui passe entre les gouttes ! Pour un Anniversaire comme \u00e0 no\u00ebl, le parapluie canard c\u2019est styl\u00e9\u00a0! Vous recherchez un petit cadeau \u00e0 faire ? le petit parapluie qui fait toujours [&hellip;]<\/p>\n","protected":false},"featured_media":671402,"comment_status":"open","ping_status":"closed","template":"","meta":[],"product_brand":[],"product_cat":[1756,1764],"product_tag":[1810],"acf":[],"_links":{"self":[{"href":"https:\/\/streetmarkets.fr\/app\/wp-json\/wp\/v2\/product\/671401"}],"collection":[{"href":"https:\/\/streetmarkets.fr\/app\/wp-json\/wp\/v2\/product"}],"about":[{"href":"https:\/\/streetmarkets.fr\/app\/wp-json\/wp\/v2\/types\/product"}],"replies":[{"embeddable":true,"href":"https:\/\/streetmarkets.fr\/app\/wp-json\/wp\/v2\/comments?post=671401"}],"wp:featuredmedia":[{"embeddable":true,"href":"https:\/\/streetmarkets.fr\/app\/wp-json\/wp\/v2\/media\/671402"}],"wp:attachment":[{"href":"https:\/\/streetmarkets.fr\/app\/wp-json\/wp\/v2\/media?parent=671401"}],"wp:term":[{"taxonomy":"product_brand","embeddable":true,"href":"https:\/\/streetmarkets.fr\/app\/wp-json\/wp\/v2\/product_brand?post=671401"},{"taxonomy":"product_cat","embeddable":true,"href":"https:\/\/streetmarkets.fr\/app\/wp-json\/wp\/v2\/product_cat?post=671401"},{"taxonomy":"product_tag","embeddable":true,"href":"https:\/\/streetmarkets.fr\/app\/wp-json\/wp\/v2\/product_tag?post=671401"}],"curies":[{"name":"wp","href":"https:\/\/api.w.org\/{rel}","templated":true}]}}