{"id":671388,"date":"2024-10-13T18:46:14","date_gmt":"2024-10-13T16:46:14","guid":{"rendered":"https:\/\/streetmarkets.fr\/app\/produit\/parapluie-vases-compact-original-duckhead\/"},"modified":"2024-10-14T01:45:44","modified_gmt":"2024-10-13T23:45:44","slug":"parapluie-vases-compact-original-duckhead","status":"publish","type":"product","link":"https:\/\/streetmarkets.fr\/app\/produit\/parapluie-vases-compact-original-duckhead\/","title":{"rendered":"Parapluie Vases Compact Original Duckhead"},"content":{"rendered":"<p>Les parapluies d\u2019Orignal Duckhead ont tous la c\u00e9l\u00e8bre t\u00eate de canard. D\u00e9couvrez la version vases aux fleurs color\u00e9es, c\u2019est tendance sous la pluie.<\/p>\n<h3>Original Duckhead signe un parapluie color\u00e9 et fleuri<\/h3>\n<p>Avec Original Duckhead, vous allez avoir du plaisir \u00e0 sortir sous la pluie, gr\u00e2ce \u00e0 ce beau parapluie compact et pratique ! Cette \u00e9dition sp\u00e9ciale avec ce magnifique vase et ces fleurs, va vous donner un look original et color\u00e9 quand vous partirez en balade. C\u2019est l\u2019accessoire \u00e0 offrir en un cadeau femme, alors dites-le avec des fleurs !<\/p>\n<h3>Focus sur l\u2019\u00e9dition Vases Compact de Orginal Duckhead<\/h3>\n<p>La toile sur laquelle est imprim\u00e9 le vase et les fleurs, est en polyester recycl\u00e9. Le manche de ce parapluie est en bois massif et repr\u00e9sente une t\u00eate de canard au bec original de couleur pourpre. La structure est en acier et aluminium, est tr\u00e8s r\u00e9sistante pour les forts coups de vent. Et pour une fois, pas besoin d\u2019arroser les fleurs.<\/p>\n<p>Ces parapluies sont fabriqu\u00e9s avec des mat\u00e9riaux recycl\u00e9s, recyclables, et \u00e9coresponsable.<\/p>\n<p>Fait main | Tissus 100% PET Recycl\u00e9 | Eco-Friendly<\/p>\n","protected":false},"excerpt":{"rendered":"<p>Les parapluies d\u2019Orignal Duckhead ont tous la c\u00e9l\u00e8bre t\u00eate de canard. D\u00e9couvrez la version vases aux fleurs color\u00e9es, c\u2019est tendance sous la pluie. Original Duckhead signe un parapluie color\u00e9 et fleuri Avec Original Duckhead, vous allez avoir du plaisir \u00e0 sortir sous la pluie, gr\u00e2ce \u00e0 ce beau parapluie compact et pratique ! Cette \u00e9dition [&hellip;]<\/p>\n","protected":false},"featured_media":671389,"comment_status":"open","ping_status":"closed","template":"","meta":[],"product_brand":[],"product_cat":[1756,1764],"product_tag":[1810],"acf":[],"_links":{"self":[{"href":"https:\/\/streetmarkets.fr\/app\/wp-json\/wp\/v2\/product\/671388"}],"collection":[{"href":"https:\/\/streetmarkets.fr\/app\/wp-json\/wp\/v2\/product"}],"about":[{"href":"https:\/\/streetmarkets.fr\/app\/wp-json\/wp\/v2\/types\/product"}],"replies":[{"embeddable":true,"href":"https:\/\/streetmarkets.fr\/app\/wp-json\/wp\/v2\/comments?post=671388"}],"wp:featuredmedia":[{"embeddable":true,"href":"https:\/\/streetmarkets.fr\/app\/wp-json\/wp\/v2\/media\/671389"}],"wp:attachment":[{"href":"https:\/\/streetmarkets.fr\/app\/wp-json\/wp\/v2\/media?parent=671388"}],"wp:term":[{"taxonomy":"product_brand","embeddable":true,"href":"https:\/\/streetmarkets.fr\/app\/wp-json\/wp\/v2\/product_brand?post=671388"},{"taxonomy":"product_cat","embeddable":true,"href":"https:\/\/streetmarkets.fr\/app\/wp-json\/wp\/v2\/product_cat?post=671388"},{"taxonomy":"product_tag","embeddable":true,"href":"https:\/\/streetmarkets.fr\/app\/wp-json\/wp\/v2\/product_tag?post=671388"}],"curies":[{"name":"wp","href":"https:\/\/api.w.org\/{rel}","templated":true}]}}