{"id":671378,"date":"2024-10-13T18:46:14","date_gmt":"2024-10-13T16:46:14","guid":{"rendered":"https:\/\/streetmarkets.fr\/app\/produit\/parapluie-floral-rains-original-duckhead\/"},"modified":"2024-10-14T01:45:44","modified_gmt":"2024-10-13T23:45:44","slug":"parapluie-floral-rains-original-duckhead","status":"publish","type":"product","link":"https:\/\/streetmarkets.fr\/app\/produit\/parapluie-floral-rains-original-duckhead\/","title":{"rendered":"Parapluie Floral Rains Original Duckhead"},"content":{"rendered":"<p>Les fleurs inspirent les parapluies de Orignal Duckhead qui d\u00e9cline sa c\u00e9l\u00e8bre t\u00eate de canard dans une \u00e9dition pour voir la vie en bleu, m\u00eame sous la pluie<\/p>\n<h3>Un parapluie styl\u00e9 et upcycling<\/h3>\n<p>Avec Original Duckhead, vous avez le plaisir de sortir de votre sac, un beau parapluie et se balader comme si vous \u00e9tiez \u00e0 la campagne ! Cette \u00e9dition sp\u00e9ciale \u00ab Floral rains\u00bb donne \u00e0 votre style un look original et tendance. C\u2019est l\u2019accessoire \u00e0 offrir en un cadeau femme pour les fleurs bleues !<\/p>\n<h3>Focus sur l\u2019\u00e9dition Floral Rains de Orginal Duckhead<\/h3>\n<p>Des petites fleurs bleues sur une toile cyan, le manche de ce parapluie est en bois massif et repr\u00e9sente une t\u00eate de canard au bec original. La structure est en acier et aluminium, est tr\u00e8s r\u00e9sistante pour les forts coups de vent.<br \/>\u00a0<br \/>Ces parapluies sont fabriqu\u00e9s avec des mat\u00e9riaux recycl\u00e9s, recyclables, et \u00e9coresponsable.<br \/>\u00a0<br \/>Fait main | Tissus 100% PET Recycl\u00e9 | Eco-Friendly<\/p>\n","protected":false},"excerpt":{"rendered":"<p>Les fleurs inspirent les parapluies de Orignal Duckhead qui d\u00e9cline sa c\u00e9l\u00e8bre t\u00eate de canard dans une \u00e9dition pour voir la vie en bleu, m\u00eame sous la pluie Un parapluie styl\u00e9 et upcycling Avec Original Duckhead, vous avez le plaisir de sortir de votre sac, un beau parapluie et se balader comme si vous \u00e9tiez [&hellip;]<\/p>\n","protected":false},"featured_media":671379,"comment_status":"open","ping_status":"closed","template":"","meta":[],"product_brand":[],"product_cat":[1756,1764],"product_tag":[1810],"acf":[],"_links":{"self":[{"href":"https:\/\/streetmarkets.fr\/app\/wp-json\/wp\/v2\/product\/671378"}],"collection":[{"href":"https:\/\/streetmarkets.fr\/app\/wp-json\/wp\/v2\/product"}],"about":[{"href":"https:\/\/streetmarkets.fr\/app\/wp-json\/wp\/v2\/types\/product"}],"replies":[{"embeddable":true,"href":"https:\/\/streetmarkets.fr\/app\/wp-json\/wp\/v2\/comments?post=671378"}],"wp:featuredmedia":[{"embeddable":true,"href":"https:\/\/streetmarkets.fr\/app\/wp-json\/wp\/v2\/media\/671379"}],"wp:attachment":[{"href":"https:\/\/streetmarkets.fr\/app\/wp-json\/wp\/v2\/media?parent=671378"}],"wp:term":[{"taxonomy":"product_brand","embeddable":true,"href":"https:\/\/streetmarkets.fr\/app\/wp-json\/wp\/v2\/product_brand?post=671378"},{"taxonomy":"product_cat","embeddable":true,"href":"https:\/\/streetmarkets.fr\/app\/wp-json\/wp\/v2\/product_cat?post=671378"},{"taxonomy":"product_tag","embeddable":true,"href":"https:\/\/streetmarkets.fr\/app\/wp-json\/wp\/v2\/product_tag?post=671378"}],"curies":[{"name":"wp","href":"https:\/\/api.w.org\/{rel}","templated":true}]}}