{"id":671356,"date":"2024-10-13T18:46:13","date_gmt":"2024-10-13T16:46:13","guid":{"rendered":"https:\/\/streetmarkets.fr\/app\/produit\/original-duckhead-matisse-cadeau-parapluie-fun\/"},"modified":"2024-10-14T01:45:44","modified_gmt":"2024-10-13T23:45:44","slug":"original-duckhead-matisse-cadeau-parapluie-fun","status":"publish","type":"product","link":"https:\/\/streetmarkets.fr\/app\/produit\/original-duckhead-matisse-cadeau-parapluie-fun\/","title":{"rendered":"Original Duckhead Matisse | Cadeau Parapluie Fun"},"content":{"rendered":"<p>Matisse inspire les parapluies Design ! Orignal Duckhead d\u00e9cline sa c\u00e9l\u00e8bre t\u00eate de canard dans une \u00e9dition sp\u00e9ciale pour vous accompagner en temps de pluie.<\/p>\n<h2>Soyez Fun, offrez-lui Parapluie Original Duckhead Matisse<\/h2>\n<p>Parapluie Duckhead Matisse, un peintre sous la pluie<\/p>\n<p>Le plaisir de sortir un beau parapluie color\u00e9 fa\u00e7on Matisse sous les gouttes\u00a0! Cette \u00e9dition sp\u00e9ciale de Original Duckhead donne \u00e0 votre life-style des couleurs vari\u00e9es et sympas. C\u2019est l\u2019accessoire \u00e0 offrir pour un cadeau femme original et fun !<\/p>\n<h3>Tout savoir sur l\u2019\u00e9dition sp\u00e9ciale Matisse de Original Duckhead<\/h3>\n<p>Des motifs tendances et chics avec les couleurs du peintre Matisse sur la toile, le manche de ce parapluie est en bois massif et repr\u00e9sente une t\u00eate de canard au bec blanc. La structure est en acier et aluminium est tr\u00e8s r\u00e9sistante pour les forts coups de vent.<br \/>\u00a0<br \/>Ces parapluies sont fabriqu\u00e9s avec des mat\u00e9riaux recycl\u00e9s, recyclables, et \u00e9coresponsable.<br \/>\u00a0<br \/>Fait main | Tissus 100% PET Recycl\u00e9 | Eco-Friendly<\/p>\n<p><a href=\"\/brand\/22-original-duckhead\"><br \/>\n        <img decoding=\"async\" src=\"\/img\/cms\/00%20all%20site\/Brand%20Marque\/original%20Duckhead\/Original-Duckhead-idees-cadeaux-homme-Femme.png\" alt=\"\" \/><\/a><br \/>\n                    Original Duckhead<\/p>\n<h2><a href=\"a\">Parapluie Matisse de Original Duckhead | Une Story Anglaise<\/a><\/h2>\n<p>Original Duckhead est une fabrique sp\u00e9cialis\u00e9e dans le parapluie bas\u00e9e \u00e0 Londres. Une fabrique qui rend cet accessoire sympa et original pour en faire des cadeaux Fashion et Tendance. Cette \u00e9dition Matisse est le fruit d\u2019une r\u00e9flexion de deux anglaises qui ont d\u00e9cid\u00e9 de se lancer dans l\u2019aventure et de donner naissance au c\u00e9l\u00e8bre parapluie \u00e0 la t\u00eate de canard. <br \/>Compact et pratique, accompagn\u00e9 de motifs fleurs color\u00e9s, ce parapluie tendance est l\u2019accessoire que les femmes adorent avoir dans leurs sacs pour le meilleur et pour le pire\u00a0! En plus, vous allez faire un geste pour la plan\u00e8te car la toile de cet Umbrella est Upcycling\u00a0!<\/p>\n<h2>Original Duckhead Matisse, Le top parapluie color\u00e9 <\/h2>\n<p>Voil\u00e0 la super \u00e9dition sp\u00e9ciale de Original Duckhead, la marque des parapluies Designs. Matisse, c\u2019est le cadeau mode que l\u2019on aime sortir sous la pluie et qui va mettre de la couleur \u00e0 son look. Un que l\u2019on offre dans pratiquement toutes les occasions. Nous, on adore le sortir du sac car il fait toujours de l\u2019effet tellement il est mignon .. ce petit Duckhead !<\/p>\n<p>La Note:<\/p>\n<p>4,7\/5<\/p>\n<p>                    <img decoding=\"async\" src=\"\/img\/cms\/00%20all%20site\/Logo%20marque\/Ecofriendy\/PETAapprovedveganLOGO.png\" alt=\"\" \/>Label Vegan<\/p>\n","protected":false},"excerpt":{"rendered":"<p>Matisse inspire les parapluies Design ! Orignal Duckhead d\u00e9cline sa c\u00e9l\u00e8bre t\u00eate de canard dans une \u00e9dition sp\u00e9ciale pour vous accompagner en temps de pluie. Soyez Fun, offrez-lui Parapluie Original Duckhead Matisse Parapluie Duckhead Matisse, un peintre sous la pluie Le plaisir de sortir un beau parapluie color\u00e9 fa\u00e7on Matisse sous les gouttes\u00a0! Cette \u00e9dition [&hellip;]<\/p>\n","protected":false},"featured_media":671357,"comment_status":"open","ping_status":"closed","template":"","meta":[],"product_brand":[],"product_cat":[1756,1764],"product_tag":[],"acf":[],"_links":{"self":[{"href":"https:\/\/streetmarkets.fr\/app\/wp-json\/wp\/v2\/product\/671356"}],"collection":[{"href":"https:\/\/streetmarkets.fr\/app\/wp-json\/wp\/v2\/product"}],"about":[{"href":"https:\/\/streetmarkets.fr\/app\/wp-json\/wp\/v2\/types\/product"}],"replies":[{"embeddable":true,"href":"https:\/\/streetmarkets.fr\/app\/wp-json\/wp\/v2\/comments?post=671356"}],"wp:featuredmedia":[{"embeddable":true,"href":"https:\/\/streetmarkets.fr\/app\/wp-json\/wp\/v2\/media\/671357"}],"wp:attachment":[{"href":"https:\/\/streetmarkets.fr\/app\/wp-json\/wp\/v2\/media?parent=671356"}],"wp:term":[{"taxonomy":"product_brand","embeddable":true,"href":"https:\/\/streetmarkets.fr\/app\/wp-json\/wp\/v2\/product_brand?post=671356"},{"taxonomy":"product_cat","embeddable":true,"href":"https:\/\/streetmarkets.fr\/app\/wp-json\/wp\/v2\/product_cat?post=671356"},{"taxonomy":"product_tag","embeddable":true,"href":"https:\/\/streetmarkets.fr\/app\/wp-json\/wp\/v2\/product_tag?post=671356"}],"curies":[{"name":"wp","href":"https:\/\/api.w.org\/{rel}","templated":true}]}}