{"id":671345,"date":"2024-10-13T18:46:13","date_gmt":"2024-10-13T16:46:13","guid":{"rendered":"https:\/\/streetmarkets.fr\/app\/produit\/original-duckhead-flower-cadeau-parapluie-insolite\/"},"modified":"2024-10-14T01:45:44","modified_gmt":"2024-10-13T23:45:44","slug":"original-duckhead-flower-cadeau-parapluie-insolite","status":"publish","type":"product","link":"https:\/\/streetmarkets.fr\/app\/produit\/original-duckhead-flower-cadeau-parapluie-insolite\/","title":{"rendered":"Original Duckhead Flower | Cadeau Parapluie Insolite"},"content":{"rendered":"<p>Avec son design \u00e0 fleurs, Fower est le parapluie qu\u2019on emporte toujours avec soi surtout par temps de pluie. Un cadeau qui va mettre du soleil sous les gouttes.<\/p>\n<h3>Duckhead, l\u2019id\u00e9e cadeau Insolite qu\u2019elle va porter sous la pluie !<\/h3>\n<p>Le plaisir de sortir un beau parapluie flower sous les gouttes ! Des couleurs vari\u00e9es et sympas pour un motif tr\u00e8s fleuri et branch\u00e9. C\u2019est l\u2019accessoire \u00e0 offrir pour un cadeau femme insolite !<\/p>\n<h3>Flower by Original Duckhead, le focus<\/h3>\n<p>Des motifs sympas en fleurs multi couleurs imprim\u00e9s sur une toile noire solide et recycl\u00e9e. Le manche est en bois massif et repr\u00e9sente une t\u00eate de canard au bec violet. Enfin la structure est en acier et aluminium tr\u00e8s r\u00e9sistant pour les forts coups de vent.<\/p>\n<p>Ces parapluies sont fabriqu\u00e9s avec des mat\u00e9riaux recycl\u00e9s, recyclables, et \u00e9coresponsable.<\/p>\n<p>Fait main | Tissus 100% PET Recycl\u00e9 | Eco-Friendly<\/p>\n<\/p>\n<p><img decoding=\"async\" loading=\"lazy\" src=\"\/img\/cms\/00%20all%20site\/Logo%20marque\/Ecofriendy\/PETAapprovedveganLOGO.png\" alt=\"Parapluie Vegan\" width=\"300\" height=\"115\" \/><\/p>\n","protected":false},"excerpt":{"rendered":"<p>Avec son design \u00e0 fleurs, Fower est le parapluie qu\u2019on emporte toujours avec soi surtout par temps de pluie. Un cadeau qui va mettre du soleil sous les gouttes. Duckhead, l\u2019id\u00e9e cadeau Insolite qu\u2019elle va porter sous la pluie ! Le plaisir de sortir un beau parapluie flower sous les gouttes ! Des couleurs vari\u00e9es [&hellip;]<\/p>\n","protected":false},"featured_media":671346,"comment_status":"open","ping_status":"closed","template":"","meta":[],"product_brand":[],"product_cat":[1756,1764],"product_tag":[1810],"acf":[],"_links":{"self":[{"href":"https:\/\/streetmarkets.fr\/app\/wp-json\/wp\/v2\/product\/671345"}],"collection":[{"href":"https:\/\/streetmarkets.fr\/app\/wp-json\/wp\/v2\/product"}],"about":[{"href":"https:\/\/streetmarkets.fr\/app\/wp-json\/wp\/v2\/types\/product"}],"replies":[{"embeddable":true,"href":"https:\/\/streetmarkets.fr\/app\/wp-json\/wp\/v2\/comments?post=671345"}],"wp:featuredmedia":[{"embeddable":true,"href":"https:\/\/streetmarkets.fr\/app\/wp-json\/wp\/v2\/media\/671346"}],"wp:attachment":[{"href":"https:\/\/streetmarkets.fr\/app\/wp-json\/wp\/v2\/media?parent=671345"}],"wp:term":[{"taxonomy":"product_brand","embeddable":true,"href":"https:\/\/streetmarkets.fr\/app\/wp-json\/wp\/v2\/product_brand?post=671345"},{"taxonomy":"product_cat","embeddable":true,"href":"https:\/\/streetmarkets.fr\/app\/wp-json\/wp\/v2\/product_cat?post=671345"},{"taxonomy":"product_tag","embeddable":true,"href":"https:\/\/streetmarkets.fr\/app\/wp-json\/wp\/v2\/product_tag?post=671345"}],"curies":[{"name":"wp","href":"https:\/\/api.w.org\/{rel}","templated":true}]}}