{"id":671334,"date":"2024-10-13T18:46:13","date_gmt":"2024-10-13T16:46:13","guid":{"rendered":"https:\/\/streetmarkets.fr\/app\/produit\/original-duckhead-polkastrip-le-parapluie-fun\/"},"modified":"2024-10-14T01:45:44","modified_gmt":"2024-10-13T23:45:44","slug":"original-duckhead-polkastrip-le-parapluie-fun","status":"publish","type":"product","link":"https:\/\/streetmarkets.fr\/app\/produit\/original-duckhead-polkastrip-le-parapluie-fun\/","title":{"rendered":"Original Duckhead PolkaStrip | Le Parapluie Fun"},"content":{"rendered":"<p>Les parapluies Original Duckhead sont fabriqu\u00e9s \u00e0 partir de mat\u00e9riaux recycl\u00e9s et sont reconnaissables avec leurs t\u00eates de canards.<\/p>\n<h3>Cadeau Mode &amp; accessoire sous la pluie | Original Duckhead<\/h3>\n<p>Un parapluie id\u00e9al pour les sacs femme : Tendance, compact et Design. Sa t\u00eate en forme de canard, au bec color\u00e9, fait de lui un accessoire super-original ! Une fois d\u00e9pli\u00e9, votre PolkaStrip va faire des envieux avec ses motifs.<\/p>\n<h3>Tout savoir du PolkaStrip | Le Funky by Original Duckhead<\/h3>\n<p>&#8211; Motifs sympas sur une toile Blanche recycl\u00e9e <br \/>&#8211; Manche en bois massif fabriqu\u00e9 \u00e0 partir de bois de bouleau issu de sources durables<br \/>&#8211; Bouton d&#8217;ouverture automatique pour un d\u00e9ploiement facile<br \/>&#8211; Cadre en acier et aluminium haute r\u00e9sistance<\/p>\n<p>Ces parapluies sont fabriqu\u00e9s avec des mat\u00e9riaux recycl\u00e9s, recyclables, biod\u00e9gradables et issus de sources durables. Coin, coin \u2026<\/p>\n<p>Fait main | Tissus 100% PET Recycl\u00e9 | Eco-Friendly<\/p>\n<\/p>\n<p><img decoding=\"async\" loading=\"lazy\" src=\"\/img\/cms\/00%20all%20site\/Logo%20marque\/Ecofriendy\/PETAapprovedveganLOGO.png\" alt=\"Label Vegan\" width=\"300\" height=\"115\" \/><\/p>\n","protected":false},"excerpt":{"rendered":"<p>Les parapluies Original Duckhead sont fabriqu\u00e9s \u00e0 partir de mat\u00e9riaux recycl\u00e9s et sont reconnaissables avec leurs t\u00eates de canards. Cadeau Mode &amp; accessoire sous la pluie | Original Duckhead Un parapluie id\u00e9al pour les sacs femme : Tendance, compact et Design. Sa t\u00eate en forme de canard, au bec color\u00e9, fait de lui un accessoire [&hellip;]<\/p>\n","protected":false},"featured_media":671335,"comment_status":"open","ping_status":"closed","template":"","meta":[],"product_brand":[],"product_cat":[1756,1764],"product_tag":[1810],"acf":[],"_links":{"self":[{"href":"https:\/\/streetmarkets.fr\/app\/wp-json\/wp\/v2\/product\/671334"}],"collection":[{"href":"https:\/\/streetmarkets.fr\/app\/wp-json\/wp\/v2\/product"}],"about":[{"href":"https:\/\/streetmarkets.fr\/app\/wp-json\/wp\/v2\/types\/product"}],"replies":[{"embeddable":true,"href":"https:\/\/streetmarkets.fr\/app\/wp-json\/wp\/v2\/comments?post=671334"}],"wp:featuredmedia":[{"embeddable":true,"href":"https:\/\/streetmarkets.fr\/app\/wp-json\/wp\/v2\/media\/671335"}],"wp:attachment":[{"href":"https:\/\/streetmarkets.fr\/app\/wp-json\/wp\/v2\/media?parent=671334"}],"wp:term":[{"taxonomy":"product_brand","embeddable":true,"href":"https:\/\/streetmarkets.fr\/app\/wp-json\/wp\/v2\/product_brand?post=671334"},{"taxonomy":"product_cat","embeddable":true,"href":"https:\/\/streetmarkets.fr\/app\/wp-json\/wp\/v2\/product_cat?post=671334"},{"taxonomy":"product_tag","embeddable":true,"href":"https:\/\/streetmarkets.fr\/app\/wp-json\/wp\/v2\/product_tag?post=671334"}],"curies":[{"name":"wp","href":"https:\/\/api.w.org\/{rel}","templated":true}]}}