{"id":671300,"date":"2024-10-13T18:46:13","date_gmt":"2024-10-13T16:46:13","guid":{"rendered":"https:\/\/streetmarkets.fr\/app\/produit\/original-duckhead-parapluie-denim-moon\/"},"modified":"2024-10-14T01:45:44","modified_gmt":"2024-10-13T23:45:44","slug":"original-duckhead-parapluie-denim-moon","status":"publish","type":"product","link":"https:\/\/streetmarkets.fr\/app\/produit\/original-duckhead-parapluie-denim-moon\/","title":{"rendered":"Original Duckhead Parapluie Denim Moon"},"content":{"rendered":"<p>M. desc\tUn parapluie super-original ! Design &amp; fashion avec sa t\u00eate de canard, C\u2019est l\u2019accessoire indispensable sous la pluie en mode Denim Moon !<\/p>\n<h3>Parapluie Denim Moon, la bonne id\u00e9e pour pas mouiller ses dossiers !\u00a0<\/h3>\n<p>Une id\u00e9e sympa pour entrenir les bonnes relations avec vos coll\u00e8gues et vos collaborateurs. Ce parapluie est Top pratique, que l\u2019on garde toujours dans son sac car sa t\u00eate en forme de canard, au bec color\u00e9, fait fureur !<\/p>\n<h3>Denim Moon, Une Id\u00e9e cadeau Original Duckhead | Le Focus<\/h3>\n<p>&#8211; La toile blanche est recycl\u00e9e avec des motifs Bleu gris <br \/>&#8211; Manche en bois en Bouleau \u00e9coresponsable dans le cadre d\u2019un programme de sourcing Durables<br \/>&#8211; D\u00e9ploiement facile et automatique, Cadre en acier et aluminium haute r\u00e9sistance recyclable<\/p>\n<p>Ces parapluies sont fabriqu\u00e9s avec des mat\u00e9riaux recycl\u00e9s et biod\u00e9gradables<\/p>\n<p>Fait main | Tissus 100% | Label PET Recycl\u00e9 &amp; Eco-Friendly<\/p>\n<\/p>\n<p><img decoding=\"async\" loading=\"lazy\" src=\"\/img\/cms\/00%20all%20site\/Logo%20marque\/Ecofriendy\/PETAapprovedveganLOGO.png\" alt=\"Vegan\" width=\"300\" height=\"115\" \/><\/p>\n","protected":false},"excerpt":{"rendered":"<p>M. desc Un parapluie super-original ! Design &amp; fashion avec sa t\u00eate de canard, C\u2019est l\u2019accessoire indispensable sous la pluie en mode Denim Moon ! Parapluie Denim Moon, la bonne id\u00e9e pour pas mouiller ses dossiers !\u00a0 Une id\u00e9e sympa pour entrenir les bonnes relations avec vos coll\u00e8gues et vos collaborateurs. Ce parapluie est Top [&hellip;]<\/p>\n","protected":false},"featured_media":671301,"comment_status":"open","ping_status":"closed","template":"","meta":[],"product_brand":[],"product_cat":[1756,1764],"product_tag":[1810],"acf":[],"_links":{"self":[{"href":"https:\/\/streetmarkets.fr\/app\/wp-json\/wp\/v2\/product\/671300"}],"collection":[{"href":"https:\/\/streetmarkets.fr\/app\/wp-json\/wp\/v2\/product"}],"about":[{"href":"https:\/\/streetmarkets.fr\/app\/wp-json\/wp\/v2\/types\/product"}],"replies":[{"embeddable":true,"href":"https:\/\/streetmarkets.fr\/app\/wp-json\/wp\/v2\/comments?post=671300"}],"wp:featuredmedia":[{"embeddable":true,"href":"https:\/\/streetmarkets.fr\/app\/wp-json\/wp\/v2\/media\/671301"}],"wp:attachment":[{"href":"https:\/\/streetmarkets.fr\/app\/wp-json\/wp\/v2\/media?parent=671300"}],"wp:term":[{"taxonomy":"product_brand","embeddable":true,"href":"https:\/\/streetmarkets.fr\/app\/wp-json\/wp\/v2\/product_brand?post=671300"},{"taxonomy":"product_cat","embeddable":true,"href":"https:\/\/streetmarkets.fr\/app\/wp-json\/wp\/v2\/product_cat?post=671300"},{"taxonomy":"product_tag","embeddable":true,"href":"https:\/\/streetmarkets.fr\/app\/wp-json\/wp\/v2\/product_tag?post=671300"}],"curies":[{"name":"wp","href":"https:\/\/api.w.org\/{rel}","templated":true}]}}