{"id":671260,"date":"2024-10-13T18:46:12","date_gmt":"2024-10-13T16:46:12","guid":{"rendered":"https:\/\/streetmarkets.fr\/app\/produit\/smartphone-lace-en-satin\/"},"modified":"2024-10-14T01:45:44","modified_gmt":"2024-10-13T23:45:44","slug":"smartphone-lace-en-satin","status":"publish","type":"product","link":"https:\/\/streetmarkets.fr\/app\/produit\/smartphone-lace-en-satin\/","title":{"rendered":"Smartphone Lace en Satin"},"content":{"rendered":"<p>Bill\u2019s Watches lance le smartphone Lace en tissu satin. L\u2019accessoire cozy disponible en 11 motifs qui va connecter toutes vos tenues.<\/p>\n<h3>Pour un smartphone Design et Color\u00e9<\/h3>\n<p>En tissu satin color\u00e9 et disponible en 11 motifs diff\u00e9rents, les smartphones Lace entrent enfin dans le monde de la mode chic. Fini les chaines ou les boots de Marin, le smartphone lace en satin de Bill\u2019s Watches s\u2019adapte \u00e0 toutes les coques gr\u00e2ce \u00e0 son anneau magique de finitions or, argent, ou encore rose gold. Il se clips dans toutes les coques rigides, quel que soit le mod\u00e8le de smartphone. Il n\u2019y a plus qu\u2019\u00e0 choisir l\u2019un des 11 motifs qui va coller \u00e0 son humeur et ses tenues car c\u2019est le cadeau N\u00b01 des femmes connect\u00e9es.<\/p>\n<h3>Tout savoir sur le smartphone lace de Bill\u2019s Watches<\/h3>\n<p>Facile \u00e0 adapter \u00e0 la taille souhait\u00e9e par un simple n\u0153ud, le smartphone lace en tissu de satin mesure 160 cm. Il peut \u00eatre ajust\u00e9 pour \u00eatre port\u00e9e en collier ou en bandouli\u00e8re.\u00a0 L\u2019anneau est un mousqueton en acier inoxydable, qui se fixe par un patch \u00e0 l\u2019int\u00e9rieur de toutes les coques rigides sans distinction de mod\u00e8le.<br \/>Que ce soit un iPhone, un Samsung ou tout autre appareil, le smartphone lace tissu en satin va mettre du chic dans toutes ces tenues. Disponible en 11 motifs<\/p>\n","protected":false},"excerpt":{"rendered":"<p>Bill\u2019s Watches lance le smartphone Lace en tissu satin. L\u2019accessoire cozy disponible en 11 motifs qui va connecter toutes vos tenues. Pour un smartphone Design et Color\u00e9 En tissu satin color\u00e9 et disponible en 11 motifs diff\u00e9rents, les smartphones Lace entrent enfin dans le monde de la mode chic. Fini les chaines ou les boots [&hellip;]<\/p>\n","protected":false},"featured_media":671261,"comment_status":"open","ping_status":"closed","template":"","meta":[],"product_brand":[],"product_cat":[1756,1764],"product_tag":[],"acf":[],"_links":{"self":[{"href":"https:\/\/streetmarkets.fr\/app\/wp-json\/wp\/v2\/product\/671260"}],"collection":[{"href":"https:\/\/streetmarkets.fr\/app\/wp-json\/wp\/v2\/product"}],"about":[{"href":"https:\/\/streetmarkets.fr\/app\/wp-json\/wp\/v2\/types\/product"}],"replies":[{"embeddable":true,"href":"https:\/\/streetmarkets.fr\/app\/wp-json\/wp\/v2\/comments?post=671260"}],"wp:featuredmedia":[{"embeddable":true,"href":"https:\/\/streetmarkets.fr\/app\/wp-json\/wp\/v2\/media\/671261"}],"wp:attachment":[{"href":"https:\/\/streetmarkets.fr\/app\/wp-json\/wp\/v2\/media?parent=671260"}],"wp:term":[{"taxonomy":"product_brand","embeddable":true,"href":"https:\/\/streetmarkets.fr\/app\/wp-json\/wp\/v2\/product_brand?post=671260"},{"taxonomy":"product_cat","embeddable":true,"href":"https:\/\/streetmarkets.fr\/app\/wp-json\/wp\/v2\/product_cat?post=671260"},{"taxonomy":"product_tag","embeddable":true,"href":"https:\/\/streetmarkets.fr\/app\/wp-json\/wp\/v2\/product_tag?post=671260"}],"curies":[{"name":"wp","href":"https:\/\/api.w.org\/{rel}","templated":true}]}}