{"id":671205,"date":"2024-10-13T18:46:11","date_gmt":"2024-10-13T16:46:11","guid":{"rendered":"https:\/\/streetmarkets.fr\/app\/produit\/bandlets-havana-aimi-studio-bracelet-pour-femme\/"},"modified":"2024-10-14T01:45:44","modified_gmt":"2024-10-13T23:45:44","slug":"bandlets-havana-aimi-studio-bracelet-pour-femme","status":"publish","type":"product","link":"https:\/\/streetmarkets.fr\/app\/produit\/bandlets-havana-aimi-studio-bracelet-pour-femme\/","title":{"rendered":"Bandlets Havana | Aimi Studio | Bracelet pour Femme"},"content":{"rendered":"<p>Petit Bracelet en cuir de couleur Havana r\u00e9serv\u00e9 aux femmes fashion ! AMI Studio propose des inspirations japonaises pour de bonnes id\u00e9es cadeaux \u00e0 offrir !<\/p>\n<h2>Offrir la Bandlets en Cuir Havana en Bracelet Femme | Aimi Studio<\/h2>\n<h3>L\u2019id\u00e9e cadeau Fashion &amp; Design rien que pour Elle | Bandlets by Aimi<\/h3>\n<p>Petit Bracelet en cuir sympa et inspir\u00e9 par le design Japonais, Il mettra de la couleur dans votre vie, La \u00ab\u00a0Bandlets Havana\u00a0\u00bb plait aux femmes pour un petit cadeau hyper sympa\u00a0!<\/p>\n<h3>Tout savoir sur la Bandlets Havana | Une cr\u00e9ation originale Aimi Studio<\/h3>\n<p>&#8211; Fermoir est en acier inoxydable, plaqu\u00e9 or rose 18 carats<br \/>&#8211; Bracelet sont en cuir de vachette enduit d&#8217;aluminium \u00e0 l\u2019int\u00e9rieur.\u2028<br \/>&#8211; Longueur totale\u00a0:18cm | Extension possible \u00e0 19,3cm<\/p>\n<p><a href=\"\/brand\/17-aimi-studio\"> <img decoding=\"async\" src=\"\/img\/cms\/00%20all%20site\/Brand%20Marque\/AMI%20Studio\/Ami-ide%CC%81es-design-cadeaux-femme.png\" alt=\"\" \/><\/a> Aimi Studio | Bracelet pour Femme<\/p>\n<h2>Bandlets Aimi Studio | Des couleurs Sympas pour Elle | bracelet Havana<\/h2>\n<p>Les Bracelets \u00ab BANDLETS HAVANA\u00bb\u00a0 sont fabriqu\u00e9s \u00e0 partir de cuir fin de premi\u00e8re qualit\u00e9 qui ont une surface particuli\u00e8rement \u00e9l\u00e9gante gr\u00e2ce \u00e0 un processus de polissage sp\u00e9cial. Avec la partie centrale suppl\u00e9mentaire, les BANDLETS mesurent 13 mm de plus en un rien de temps, selon que vous voulez les porter serr\u00e9s ou l\u00e2ches.<\/p>\n<h2>Bandlets HAVANA | Les femmes adorent les cr\u00e9ations d\u2019AIMI Studio<\/h2>\n<p>Une bonne id\u00e9e cadeau femme !\u00a0 Un design moderne, des couleurs sympas, on adopte de nouvel AMI avec grand plaisir. A offrir ou pour se faire plaisir sans h\u00e9siter<\/p>\n<p>La Note:<\/p>\n<p>4,3\/5<\/p>\n","protected":false},"excerpt":{"rendered":"<p>Petit Bracelet en cuir de couleur Havana r\u00e9serv\u00e9 aux femmes fashion ! AMI Studio propose des inspirations japonaises pour de bonnes id\u00e9es cadeaux \u00e0 offrir ! Offrir la Bandlets en Cuir Havana en Bracelet Femme | Aimi Studio L\u2019id\u00e9e cadeau Fashion &amp; Design rien que pour Elle | Bandlets by Aimi Petit Bracelet en cuir [&hellip;]<\/p>\n","protected":false},"featured_media":671206,"comment_status":"open","ping_status":"closed","template":"","meta":[],"product_brand":[],"product_cat":[1807,1756],"product_tag":[1813],"acf":[],"_links":{"self":[{"href":"https:\/\/streetmarkets.fr\/app\/wp-json\/wp\/v2\/product\/671205"}],"collection":[{"href":"https:\/\/streetmarkets.fr\/app\/wp-json\/wp\/v2\/product"}],"about":[{"href":"https:\/\/streetmarkets.fr\/app\/wp-json\/wp\/v2\/types\/product"}],"replies":[{"embeddable":true,"href":"https:\/\/streetmarkets.fr\/app\/wp-json\/wp\/v2\/comments?post=671205"}],"wp:featuredmedia":[{"embeddable":true,"href":"https:\/\/streetmarkets.fr\/app\/wp-json\/wp\/v2\/media\/671206"}],"wp:attachment":[{"href":"https:\/\/streetmarkets.fr\/app\/wp-json\/wp\/v2\/media?parent=671205"}],"wp:term":[{"taxonomy":"product_brand","embeddable":true,"href":"https:\/\/streetmarkets.fr\/app\/wp-json\/wp\/v2\/product_brand?post=671205"},{"taxonomy":"product_cat","embeddable":true,"href":"https:\/\/streetmarkets.fr\/app\/wp-json\/wp\/v2\/product_cat?post=671205"},{"taxonomy":"product_tag","embeddable":true,"href":"https:\/\/streetmarkets.fr\/app\/wp-json\/wp\/v2\/product_tag?post=671205"}],"curies":[{"name":"wp","href":"https:\/\/api.w.org\/{rel}","templated":true}]}}