{"id":671139,"date":"2024-10-13T18:38:28","date_gmt":"2024-10-13T16:38:28","guid":{"rendered":"https:\/\/streetmarkets.fr\/app\/produit\/mocassins-noemia-cuir-noir\/"},"modified":"2025-03-24T00:39:10","modified_gmt":"2025-03-23T23:39:10","slug":"mocassins-noemia-cuir-noir","status":"publish","type":"product","link":"https:\/\/streetmarkets.fr\/app\/produit\/mocassins-noemia-cuir-noir\/","title":{"rendered":"Mocassins Noemia Cuir Noir"},"content":{"rendered":"<p>Le mocassin No\u00e9mia, allie \u00e9l\u00e9gance et f\u00e9minit\u00e9. Avec son cuir glac\u00e9 noir et sa semelle \u00e0 plateforme crant\u00e9e, il apportera une touche sophistiqu\u00e9e \u00e0 vos tenues.<\/p>\n<p>\u2022 Mocassins<br \/>\u2022 Fabrication artisanale au Portugal<br \/>\u2022 Cuir provenant d&#8217;Espagne et d&#8217;Italie &#8211; certifi\u00e9 LWG (Leather Working Group)<br \/>\u2022 Mors dor\u00e9 effet vieilli<br \/>\u2022 Talon : 4 cm<\/p>\n<p><span>Dessus : 100% cuir &#8211; LWG<\/span><br \/><span>Doublure : 100% cuir &#8211; LWG<\/span><br \/><span>Semelle int\u00e9rieure : 100% cuir &#8211; LWG<\/span><br \/><span>Semelle ext\u00e9rieure : \u00e9lastom\u00e8re<\/span><\/p>\n","protected":false},"excerpt":{"rendered":"<p>Le mocassin No\u00e9mia, allie \u00e9l\u00e9gance et f\u00e9minit\u00e9. Avec son cuir glac\u00e9 noir et sa semelle \u00e0 plateforme crant\u00e9e, il apportera une touche sophistiqu\u00e9e \u00e0 vos tenues. \u2022 Mocassins\u2022 Fabrication artisanale au Portugal\u2022 Cuir provenant d&#8217;Espagne et d&#8217;Italie &#8211; certifi\u00e9 LWG (Leather Working Group)\u2022 Mors dor\u00e9 effet vieilli\u2022 Talon : 4 cm Dessus : 100% cuir [&hellip;]<\/p>\n","protected":false},"featured_media":671140,"comment_status":"open","ping_status":"closed","template":"","meta":[],"product_brand":[],"product_cat":[1756,1763],"product_tag":[1810],"acf":[],"_links":{"self":[{"href":"https:\/\/streetmarkets.fr\/app\/wp-json\/wp\/v2\/product\/671139"}],"collection":[{"href":"https:\/\/streetmarkets.fr\/app\/wp-json\/wp\/v2\/product"}],"about":[{"href":"https:\/\/streetmarkets.fr\/app\/wp-json\/wp\/v2\/types\/product"}],"replies":[{"embeddable":true,"href":"https:\/\/streetmarkets.fr\/app\/wp-json\/wp\/v2\/comments?post=671139"}],"wp:featuredmedia":[{"embeddable":true,"href":"https:\/\/streetmarkets.fr\/app\/wp-json\/wp\/v2\/media\/671140"}],"wp:attachment":[{"href":"https:\/\/streetmarkets.fr\/app\/wp-json\/wp\/v2\/media?parent=671139"}],"wp:term":[{"taxonomy":"product_brand","embeddable":true,"href":"https:\/\/streetmarkets.fr\/app\/wp-json\/wp\/v2\/product_brand?post=671139"},{"taxonomy":"product_cat","embeddable":true,"href":"https:\/\/streetmarkets.fr\/app\/wp-json\/wp\/v2\/product_cat?post=671139"},{"taxonomy":"product_tag","embeddable":true,"href":"https:\/\/streetmarkets.fr\/app\/wp-json\/wp\/v2\/product_tag?post=671139"}],"curies":[{"name":"wp","href":"https:\/\/api.w.org\/{rel}","templated":true}]}}