{"id":671086,"date":"2024-10-13T18:38:26","date_gmt":"2024-10-13T16:38:26","guid":{"rendered":"https:\/\/streetmarkets.fr\/app\/produit\/mocassins-lyna-cuir-noir\/"},"modified":"2025-03-24T00:39:10","modified_gmt":"2025-03-23T23:39:10","slug":"mocassins-lyna-cuir-noir","status":"publish","type":"product","link":"https:\/\/streetmarkets.fr\/app\/produit\/mocassins-lyna-cuir-noir\/","title":{"rendered":"Mocassins Lyna Cuir Noir"},"content":{"rendered":"<p>Craquez pour les jolis mocassins Lyna de Maison Toufet !<br \/>Son mors dor\u00e9 et sa forme est le choix parfait pour allier confort et style.<\/p>\n<p>\u2022 Fabrication artisanale au Portugal<br \/>\u2022 Cuir provenant d&#8217;Espagne et d&#8217;Italie &#8211; certifi\u00e9 LWG (Leather Working Group)<br \/>\u2022 Mors dor\u00e9<br \/>\u2022 Forme ovale<br \/>\u2022 Talon : 2 cm<\/p>\n<p><span>Dessus : 100% cuir &#8211; LWG<\/span><br \/><span>Doublure : 100% cuir &#8211; LWG<\/span><br \/><span>Semelle int\u00e9rieure : 100% cuir &#8211; LWG<\/span><br \/><span>Semelle ext\u00e9rieure : \u00e9lastom\u00e8re<\/span><\/p>\n","protected":false},"excerpt":{"rendered":"<p>Craquez pour les jolis mocassins Lyna de Maison Toufet !Son mors dor\u00e9 et sa forme est le choix parfait pour allier confort et style. \u2022 Fabrication artisanale au Portugal\u2022 Cuir provenant d&#8217;Espagne et d&#8217;Italie &#8211; certifi\u00e9 LWG (Leather Working Group)\u2022 Mors dor\u00e9\u2022 Forme ovale\u2022 Talon : 2 cm Dessus : 100% cuir &#8211; LWGDoublure : [&hellip;]<\/p>\n","protected":false},"featured_media":671087,"comment_status":"open","ping_status":"closed","template":"","meta":[],"product_brand":[],"product_cat":[1756,1763],"product_tag":[1810],"acf":[],"_links":{"self":[{"href":"https:\/\/streetmarkets.fr\/app\/wp-json\/wp\/v2\/product\/671086"}],"collection":[{"href":"https:\/\/streetmarkets.fr\/app\/wp-json\/wp\/v2\/product"}],"about":[{"href":"https:\/\/streetmarkets.fr\/app\/wp-json\/wp\/v2\/types\/product"}],"replies":[{"embeddable":true,"href":"https:\/\/streetmarkets.fr\/app\/wp-json\/wp\/v2\/comments?post=671086"}],"wp:featuredmedia":[{"embeddable":true,"href":"https:\/\/streetmarkets.fr\/app\/wp-json\/wp\/v2\/media\/671087"}],"wp:attachment":[{"href":"https:\/\/streetmarkets.fr\/app\/wp-json\/wp\/v2\/media?parent=671086"}],"wp:term":[{"taxonomy":"product_brand","embeddable":true,"href":"https:\/\/streetmarkets.fr\/app\/wp-json\/wp\/v2\/product_brand?post=671086"},{"taxonomy":"product_cat","embeddable":true,"href":"https:\/\/streetmarkets.fr\/app\/wp-json\/wp\/v2\/product_cat?post=671086"},{"taxonomy":"product_tag","embeddable":true,"href":"https:\/\/streetmarkets.fr\/app\/wp-json\/wp\/v2\/product_tag?post=671086"}],"curies":[{"name":"wp","href":"https:\/\/api.w.org\/{rel}","templated":true}]}}