{"id":671075,"date":"2024-10-13T18:38:26","date_gmt":"2024-10-13T16:38:26","guid":{"rendered":"https:\/\/streetmarkets.fr\/app\/produit\/baskets-julianne\/"},"modified":"2025-03-24T00:39:10","modified_gmt":"2025-03-23T23:39:10","slug":"baskets-julianne","status":"publish","type":"product","link":"https:\/\/streetmarkets.fr\/app\/produit\/baskets-julianne\/","title":{"rendered":"Baskets Julianne"},"content":{"rendered":"<p>Julianne se pr\u00e9sentent comme un incontournable cette saison.<br \/>Leurs velcros les rendent pratiques et originales en toutes circonstances.<\/p>\n<p>\u2022 Fabrication artisanale au Portugal<br \/>\u2022 Cuir provenant d&#8217;Espagne et d&#8217;Italie &#8211; certifi\u00e9 LWG (Leather Working Group)<br \/>\u2022 Semelle en \u00e9lastom\u00e8re<br \/>\u2022 Col \u00e0 croquets<br \/>\u2022 3 velcros sur le dessus<br \/>\u2022 Bijou dor\u00e9 \u00e0 l\u2019arri\u00e8re de la basket<\/p>\n<p><span>Dessus : 100% cuir &#8211; LWG<\/span><br \/><span>Doublure : 100% cuir &#8211; LWG<\/span><br \/><span>Semelle int\u00e9rieure : 100% cuir &#8211; LWG<\/span><br \/><span>Semelle ext\u00e9rieure : \u00e9lastom\u00e8re<\/span><\/p>\n","protected":false},"excerpt":{"rendered":"<p>Julianne se pr\u00e9sentent comme un incontournable cette saison.Leurs velcros les rendent pratiques et originales en toutes circonstances. \u2022 Fabrication artisanale au Portugal\u2022 Cuir provenant d&#8217;Espagne et d&#8217;Italie &#8211; certifi\u00e9 LWG (Leather Working Group)\u2022 Semelle en \u00e9lastom\u00e8re\u2022 Col \u00e0 croquets\u2022 3 velcros sur le dessus\u2022 Bijou dor\u00e9 \u00e0 l\u2019arri\u00e8re de la basket Dessus : 100% cuir [&hellip;]<\/p>\n","protected":false},"featured_media":671076,"comment_status":"open","ping_status":"closed","template":"","meta":[],"product_brand":[],"product_cat":[1756,1763],"product_tag":[1810],"acf":[],"_links":{"self":[{"href":"https:\/\/streetmarkets.fr\/app\/wp-json\/wp\/v2\/product\/671075"}],"collection":[{"href":"https:\/\/streetmarkets.fr\/app\/wp-json\/wp\/v2\/product"}],"about":[{"href":"https:\/\/streetmarkets.fr\/app\/wp-json\/wp\/v2\/types\/product"}],"replies":[{"embeddable":true,"href":"https:\/\/streetmarkets.fr\/app\/wp-json\/wp\/v2\/comments?post=671075"}],"wp:featuredmedia":[{"embeddable":true,"href":"https:\/\/streetmarkets.fr\/app\/wp-json\/wp\/v2\/media\/671076"}],"wp:attachment":[{"href":"https:\/\/streetmarkets.fr\/app\/wp-json\/wp\/v2\/media?parent=671075"}],"wp:term":[{"taxonomy":"product_brand","embeddable":true,"href":"https:\/\/streetmarkets.fr\/app\/wp-json\/wp\/v2\/product_brand?post=671075"},{"taxonomy":"product_cat","embeddable":true,"href":"https:\/\/streetmarkets.fr\/app\/wp-json\/wp\/v2\/product_cat?post=671075"},{"taxonomy":"product_tag","embeddable":true,"href":"https:\/\/streetmarkets.fr\/app\/wp-json\/wp\/v2\/product_tag?post=671075"}],"curies":[{"name":"wp","href":"https:\/\/api.w.org\/{rel}","templated":true}]}}