{"id":670973,"date":"2024-10-13T18:38:22","date_gmt":"2024-10-13T16:38:22","guid":{"rendered":"https:\/\/streetmarkets.fr\/app\/produit\/mocassins-capucine\/"},"modified":"2025-03-24T00:38:49","modified_gmt":"2025-03-23T23:38:49","slug":"mocassins-capucine","status":"publish","type":"product","link":"https:\/\/streetmarkets.fr\/app\/produit\/mocassins-capucine\/","title":{"rendered":"Mocassins Capucine"},"content":{"rendered":"<div class=\"the_excerpt\" data-mce-fragment=\"1\">\n<p data-mce-fragment=\"1\">Craquez pour Capucine, un mod\u00e8le simple et \u00e9l\u00e9gant, accompagn\u00e9 d\u2019une cha\u00eene dor\u00e9e \u00e0 l\u2019avant.<br data-mce-fragment=\"1\">Avec une longue robe ou un jean, elles deviendront vite un indispensable de votre dressing.<\/p>\n<\/div>\n<div class=\"the_content\" data-mce-fragment=\"1\">\n<p data-mce-fragment=\"1\">\u2022 Mors dor\u00e9<br data-mce-fragment=\"1\">\u2022 Forme ovale<br data-mce-fragment=\"1\">\u2022 Talon : 1,5 cm<br data-mce-fragment=\"1\">\u2022 Mocassins enti\u00e8rement doubl\u00e9s cuir<br data-mce-fragment=\"1\">\u2022 Cuir provenant d\u2019Espagne et d\u2019Italie<br data-mce-fragment=\"1\">\u2022 Fabrication artisanale au Portugal<\/p>\n<p data-mce-fragment=\"1\"><strong>Composition :\u00a0<\/strong><\/p>\n<p data-mce-fragment=\"1\"><span>Dessus : 100% cuir<\/span><br \/><span>Doublure : 100% cuir en tannage v\u00e9g\u00e9tal<\/span><br \/><span>Semelle int\u00e9rieure : 100% cuir<\/span><br \/><span>Semelle ext\u00e9rieure : \u00e9lastom\u00e8re (15% recycl\u00e9)<\/span><\/p>\n<\/div>\n","protected":false},"excerpt":{"rendered":"<p>Craquez pour Capucine, un mod\u00e8le simple et \u00e9l\u00e9gant, accompagn\u00e9 d\u2019une cha\u00eene dor\u00e9e \u00e0 l\u2019avant.Avec une longue robe ou un jean, elles deviendront vite un indispensable de votre dressing. \u2022 Mors dor\u00e9\u2022 Forme ovale\u2022 Talon : 1,5 cm\u2022 Mocassins enti\u00e8rement doubl\u00e9s cuir\u2022 Cuir provenant d\u2019Espagne et d\u2019Italie\u2022 Fabrication artisanale au Portugal Composition :\u00a0 Dessus : 100% [&hellip;]<\/p>\n","protected":false},"featured_media":670974,"comment_status":"open","ping_status":"closed","template":"","meta":[],"product_brand":[],"product_cat":[1756,1763],"product_tag":[1810],"acf":[],"_links":{"self":[{"href":"https:\/\/streetmarkets.fr\/app\/wp-json\/wp\/v2\/product\/670973"}],"collection":[{"href":"https:\/\/streetmarkets.fr\/app\/wp-json\/wp\/v2\/product"}],"about":[{"href":"https:\/\/streetmarkets.fr\/app\/wp-json\/wp\/v2\/types\/product"}],"replies":[{"embeddable":true,"href":"https:\/\/streetmarkets.fr\/app\/wp-json\/wp\/v2\/comments?post=670973"}],"wp:featuredmedia":[{"embeddable":true,"href":"https:\/\/streetmarkets.fr\/app\/wp-json\/wp\/v2\/media\/670974"}],"wp:attachment":[{"href":"https:\/\/streetmarkets.fr\/app\/wp-json\/wp\/v2\/media?parent=670973"}],"wp:term":[{"taxonomy":"product_brand","embeddable":true,"href":"https:\/\/streetmarkets.fr\/app\/wp-json\/wp\/v2\/product_brand?post=670973"},{"taxonomy":"product_cat","embeddable":true,"href":"https:\/\/streetmarkets.fr\/app\/wp-json\/wp\/v2\/product_cat?post=670973"},{"taxonomy":"product_tag","embeddable":true,"href":"https:\/\/streetmarkets.fr\/app\/wp-json\/wp\/v2\/product_tag?post=670973"}],"curies":[{"name":"wp","href":"https:\/\/api.w.org\/{rel}","templated":true}]}}