{"id":670891,"date":"2024-10-13T18:38:04","date_gmt":"2024-10-13T16:38:04","guid":{"rendered":"https:\/\/streetmarkets.fr\/app\/produit\/foulard-akissi-noir\/"},"modified":"2025-03-24T00:38:28","modified_gmt":"2025-03-23T23:38:28","slug":"foulard-akissi-noir","status":"publish","type":"product","link":"https:\/\/streetmarkets.fr\/app\/produit\/foulard-akissi-noir\/","title":{"rendered":"Foulard Akissi Noir"},"content":{"rendered":"<p data-mce-fragment=\"1\"><span data-mce-fragment=\"1\">Le parfait foulard pour cet \u00e9t\u00e9 ! Autour du du cou, nou\u00e9 par dessus votre maillot de bain ou bien port\u00e9 en top, il saura vous accompagner \u00e0 chaque instant !<\/span><\/p>\n<p data-mce-fragment=\"1\"><span data-mce-fragment=\"1\">Dimensions = 103 x 92 cm<\/span><\/p>\n<p data-mce-fragment=\"1\"><strong data-mce-fragment=\"1\">Composition :<\/strong> 100% viscose<\/p>\n","protected":false},"excerpt":{"rendered":"<p>Le parfait foulard pour cet \u00e9t\u00e9 ! Autour du du cou, nou\u00e9 par dessus votre maillot de bain ou bien port\u00e9 en top, il saura vous accompagner \u00e0 chaque instant ! Dimensions = 103 x 92 cm Composition : 100% viscose<\/p>\n","protected":false},"featured_media":670892,"comment_status":"open","ping_status":"closed","template":"","meta":[],"product_brand":[],"product_cat":[1756,1764],"product_tag":[1810],"acf":[],"_links":{"self":[{"href":"https:\/\/streetmarkets.fr\/app\/wp-json\/wp\/v2\/product\/670891"}],"collection":[{"href":"https:\/\/streetmarkets.fr\/app\/wp-json\/wp\/v2\/product"}],"about":[{"href":"https:\/\/streetmarkets.fr\/app\/wp-json\/wp\/v2\/types\/product"}],"replies":[{"embeddable":true,"href":"https:\/\/streetmarkets.fr\/app\/wp-json\/wp\/v2\/comments?post=670891"}],"wp:featuredmedia":[{"embeddable":true,"href":"https:\/\/streetmarkets.fr\/app\/wp-json\/wp\/v2\/media\/670892"}],"wp:attachment":[{"href":"https:\/\/streetmarkets.fr\/app\/wp-json\/wp\/v2\/media?parent=670891"}],"wp:term":[{"taxonomy":"product_brand","embeddable":true,"href":"https:\/\/streetmarkets.fr\/app\/wp-json\/wp\/v2\/product_brand?post=670891"},{"taxonomy":"product_cat","embeddable":true,"href":"https:\/\/streetmarkets.fr\/app\/wp-json\/wp\/v2\/product_cat?post=670891"},{"taxonomy":"product_tag","embeddable":true,"href":"https:\/\/streetmarkets.fr\/app\/wp-json\/wp\/v2\/product_tag?post=670891"}],"curies":[{"name":"wp","href":"https:\/\/api.w.org\/{rel}","templated":true}]}}