{"id":670879,"date":"2024-10-13T18:38:04","date_gmt":"2024-10-13T16:38:04","guid":{"rendered":"https:\/\/streetmarkets.fr\/app\/produit\/housse-ordi-ava-m-laine-navy\/"},"modified":"2025-03-24T00:38:28","modified_gmt":"2025-03-23T23:38:28","slug":"housse-ordi-ava-m-laine-navy","status":"publish","type":"product","link":"https:\/\/streetmarkets.fr\/app\/produit\/housse-ordi-ava-m-laine-navy\/","title":{"rendered":"Housse Ordi Ava M Laine Navy"},"content":{"rendered":"<p data-mce-fragment=\"1\">Ava, c\u2019est la housse super solide avec sa mousse anti-choc tr\u00e8s \u00e9paisse pour transporter votre ordinateur en toute s\u00e9curit\u00e9. La pochette\u00a0avec fermeture \u00e9clair\u00a0existe en 2 tailles diff\u00e9rentes.\u00a0Pour un look chic et \u00e9co-responsable, optez pour notre laine recycl\u00e9e couleur navy.<\/p>\n<p data-mce-fragment=\"1\"><strong data-mce-fragment=\"1\">Dimensions (taille M) =<\/strong>\u00a0<\/p>\n<p data-mce-fragment=\"1\">L38 x H27 x 2 cm (15 pouces)<\/p>\n","protected":false},"excerpt":{"rendered":"<p>Ava, c\u2019est la housse super solide avec sa mousse anti-choc tr\u00e8s \u00e9paisse pour transporter votre ordinateur en toute s\u00e9curit\u00e9. La pochette\u00a0avec fermeture \u00e9clair\u00a0existe en 2 tailles diff\u00e9rentes.\u00a0Pour un look chic et \u00e9co-responsable, optez pour notre laine recycl\u00e9e couleur navy. Dimensions (taille M) =\u00a0 L38 x H27 x 2 cm (15 pouces)<\/p>\n","protected":false},"featured_media":670880,"comment_status":"open","ping_status":"closed","template":"","meta":[],"product_brand":[7126],"product_cat":[1756,1764],"product_tag":[1810],"acf":[],"_links":{"self":[{"href":"https:\/\/streetmarkets.fr\/app\/wp-json\/wp\/v2\/product\/670879"}],"collection":[{"href":"https:\/\/streetmarkets.fr\/app\/wp-json\/wp\/v2\/product"}],"about":[{"href":"https:\/\/streetmarkets.fr\/app\/wp-json\/wp\/v2\/types\/product"}],"replies":[{"embeddable":true,"href":"https:\/\/streetmarkets.fr\/app\/wp-json\/wp\/v2\/comments?post=670879"}],"wp:featuredmedia":[{"embeddable":true,"href":"https:\/\/streetmarkets.fr\/app\/wp-json\/wp\/v2\/media\/670880"}],"wp:attachment":[{"href":"https:\/\/streetmarkets.fr\/app\/wp-json\/wp\/v2\/media?parent=670879"}],"wp:term":[{"taxonomy":"product_brand","embeddable":true,"href":"https:\/\/streetmarkets.fr\/app\/wp-json\/wp\/v2\/product_brand?post=670879"},{"taxonomy":"product_cat","embeddable":true,"href":"https:\/\/streetmarkets.fr\/app\/wp-json\/wp\/v2\/product_cat?post=670879"},{"taxonomy":"product_tag","embeddable":true,"href":"https:\/\/streetmarkets.fr\/app\/wp-json\/wp\/v2\/product_tag?post=670879"}],"curies":[{"name":"wp","href":"https:\/\/api.w.org\/{rel}","templated":true}]}}