{"id":667355,"date":"2024-10-13T12:17:15","date_gmt":"2024-10-13T10:17:15","guid":{"rendered":"https:\/\/streetmarkets.fr\/app\/produit\/pink-siifu-ensley\/"},"modified":"2026-05-03T03:50:03","modified_gmt":"2026-05-03T01:50:03","slug":"pink-siifu-ensley","status":"publish","type":"product","link":"https:\/\/streetmarkets.fr\/app\/produit\/pink-siifu-ensley\/","title":{"rendered":"Pink Siifu &#8211; Ensley"},"content":{"rendered":"<p><strong>Ensley<\/strong> est le dernier des plus de trois douzaines de projets post\u00e9s sur la page Bandcamp de Siifu. Ses 25 chansons sont parsem\u00e9es d&#8217;interludes parl\u00e9s, de beats magnifiques et de bribes low-fi qui refl\u00e8tent la forte influence du producteur Knxwledge. Les boucles en d\u00e9composition brillent comme l&#8217;or que Siifu mentionne tout au long de ses chansons, presque aussi souvent qu&#8217;il \u00e9voque le pouvoir de la pri\u00e8re. Ajoutez \u00e0 ces deux motifs l&#8217;\u00e9l\u00e9ment myst\u00e9rieux et insidieux identifi\u00e9 sur \u00ab tht bag \u00bb et vous commencerez \u00e0 comprendre la lutte qui d\u00e9finit l&#8217;album. L&#8217;or et la pri\u00e8re sont les armes dont dispose Siifu, le premier lui procurant un sentiment de bien-\u00eatre esth\u00e9tique (et non \u00e9conomique) et le second un sentiment de bien-\u00eatre spirituel. Le \u00ab sac \u00bb est figuratif et repr\u00e9sente tout \u00e9l\u00e9ment qui menace de priver le sujet de ces sens : le poids de l&#8217;alcoolisme, du racisme, de toutes les formes de turpitudes morales.<\/p>\n<p>\u00a0<\/p>\n<p>2019 (R\u00e9\u00e9dition 2022)<\/p>\n","protected":false},"excerpt":{"rendered":"<p>Ensley est le dernier des plus de trois douzaines de projets post\u00e9s sur la page Bandcamp de Siifu. Ses 25 chansons sont parsem\u00e9es d&#8217;interludes parl\u00e9s, de beats magnifiques et de bribes low-fi qui refl\u00e8tent la forte influence du producteur Knxwledge. Les boucles en d\u00e9composition brillent comme l&#8217;or que Siifu mentionne tout au long de ses [&hellip;]<\/p>\n","protected":false},"featured_media":667356,"comment_status":"open","ping_status":"closed","template":"","meta":[],"product_brand":[],"product_cat":[1756,1764],"product_tag":[2244],"acf":[],"_links":{"self":[{"href":"https:\/\/streetmarkets.fr\/app\/wp-json\/wp\/v2\/product\/667355"}],"collection":[{"href":"https:\/\/streetmarkets.fr\/app\/wp-json\/wp\/v2\/product"}],"about":[{"href":"https:\/\/streetmarkets.fr\/app\/wp-json\/wp\/v2\/types\/product"}],"replies":[{"embeddable":true,"href":"https:\/\/streetmarkets.fr\/app\/wp-json\/wp\/v2\/comments?post=667355"}],"wp:featuredmedia":[{"embeddable":true,"href":"https:\/\/streetmarkets.fr\/app\/wp-json\/wp\/v2\/media\/667356"}],"wp:attachment":[{"href":"https:\/\/streetmarkets.fr\/app\/wp-json\/wp\/v2\/media?parent=667355"}],"wp:term":[{"taxonomy":"product_brand","embeddable":true,"href":"https:\/\/streetmarkets.fr\/app\/wp-json\/wp\/v2\/product_brand?post=667355"},{"taxonomy":"product_cat","embeddable":true,"href":"https:\/\/streetmarkets.fr\/app\/wp-json\/wp\/v2\/product_cat?post=667355"},{"taxonomy":"product_tag","embeddable":true,"href":"https:\/\/streetmarkets.fr\/app\/wp-json\/wp\/v2\/product_tag?post=667355"}],"curies":[{"name":"wp","href":"https:\/\/api.w.org\/{rel}","templated":true}]}}