{"id":667339,"date":"2024-10-13T12:17:14","date_gmt":"2024-10-13T10:17:14","guid":{"rendered":"https:\/\/streetmarkets.fr\/app\/produit\/pete-rock-return-of-the-sp1200\/"},"modified":"2026-04-12T03:50:33","modified_gmt":"2026-04-12T01:50:33","slug":"pete-rock-return-of-the-sp1200","status":"publish","type":"product","link":"https:\/\/streetmarkets.fr\/app\/produit\/pete-rock-return-of-the-sp1200\/","title":{"rendered":"Pete Rock &#8211; Return of The SP1200"},"content":{"rendered":"<p><strong>Return of the SP1200<\/strong> est le quatri\u00e8me album instrumental de hip-hop du producteur de hip-hop Pete Rock. L&#8217;album est sorti le 13 avril 2019 exclusivement en vinyle sur la derni\u00e8re marque de Rock, Tru Soul Records. La sortie physique de l&#8217;album a eu lieu le 26 avril. L&#8217;album contient 15 pistes qui sont des instrumentaux produits entre les ann\u00e9es 1990-1998. Il comprend des scratches suppl\u00e9mentaires de J. Rocc des Beat Junkies. La pochette de l&#8217;album a \u00e9t\u00e9 cr\u00e9\u00e9e par Sanford Greene pour illustrer les \u00e9v\u00e9nements de 2016-2019 aux \u00c9tats-Unis. C&#8217;est la premi\u00e8re fois dans la carri\u00e8re de Rock que ses beats instrumentaux des ann\u00e9es 1990 sont publi\u00e9s.<\/p>\n<p>\u00a0<\/p>\n<p>Edition 2019<\/p>\n","protected":false},"excerpt":{"rendered":"<p>Return of the SP1200 est le quatri\u00e8me album instrumental de hip-hop du producteur de hip-hop Pete Rock. L&#8217;album est sorti le 13 avril 2019 exclusivement en vinyle sur la derni\u00e8re marque de Rock, Tru Soul Records. La sortie physique de l&#8217;album a eu lieu le 26 avril. L&#8217;album contient 15 pistes qui sont des instrumentaux [&hellip;]<\/p>\n","protected":false},"featured_media":667340,"comment_status":"open","ping_status":"closed","template":"","meta":[],"product_brand":[],"product_cat":[1756,1764],"product_tag":[2244],"acf":[],"_links":{"self":[{"href":"https:\/\/streetmarkets.fr\/app\/wp-json\/wp\/v2\/product\/667339"}],"collection":[{"href":"https:\/\/streetmarkets.fr\/app\/wp-json\/wp\/v2\/product"}],"about":[{"href":"https:\/\/streetmarkets.fr\/app\/wp-json\/wp\/v2\/types\/product"}],"replies":[{"embeddable":true,"href":"https:\/\/streetmarkets.fr\/app\/wp-json\/wp\/v2\/comments?post=667339"}],"wp:featuredmedia":[{"embeddable":true,"href":"https:\/\/streetmarkets.fr\/app\/wp-json\/wp\/v2\/media\/667340"}],"wp:attachment":[{"href":"https:\/\/streetmarkets.fr\/app\/wp-json\/wp\/v2\/media?parent=667339"}],"wp:term":[{"taxonomy":"product_brand","embeddable":true,"href":"https:\/\/streetmarkets.fr\/app\/wp-json\/wp\/v2\/product_brand?post=667339"},{"taxonomy":"product_cat","embeddable":true,"href":"https:\/\/streetmarkets.fr\/app\/wp-json\/wp\/v2\/product_cat?post=667339"},{"taxonomy":"product_tag","embeddable":true,"href":"https:\/\/streetmarkets.fr\/app\/wp-json\/wp\/v2\/product_tag?post=667339"}],"curies":[{"name":"wp","href":"https:\/\/api.w.org\/{rel}","templated":true}]}}