{"id":667279,"date":"2024-10-13T12:16:52","date_gmt":"2024-10-13T10:16:52","guid":{"rendered":"https:\/\/streetmarkets.fr\/app\/produit\/slum-village-fan-tas-tic-vol-1\/"},"modified":"2026-05-06T03:50:03","modified_gmt":"2026-05-06T01:50:03","slug":"slum-village-fan-tas-tic-vol-1","status":"publish","type":"product","link":"https:\/\/streetmarkets.fr\/app\/produit\/slum-village-fan-tas-tic-vol-1\/","title":{"rendered":"Slum Village &#8211; Fan-Tas-Tic Vol.1"},"content":{"rendered":"<p><strong>Fan-Tas-Tic (Vol. 1)<\/strong>\u00a0est le premier album studio non officiel du groupe de hip-hop am\u00e9ricain Slum Village. Il comprend des chansons de leur album d\u00e9mo, qui a \u00e9t\u00e9 enregistr\u00e9 en 1996 et 1997, mais qui n&#8217;est sorti officiellement que 8 ans plus tard. Il a n\u00e9anmoins fait l&#8217;objet d&#8217;une fuite dans le circuit underground et a fait \u00ab sensation \u00bb en 1997. L&#8217;ensemble de l&#8217;album a \u00e9t\u00e9 produit par J Dilla. De nombreuses chansons ont \u00e9t\u00e9 r\u00e9-arrang\u00e9es ou retravaill\u00e9es pour leur album suivant, Fantastic, Vol. 2 en 2000.<\/p>\n<p>\u00a0<\/p>\n<p>1997 (R\u00e9\u00e9dition 2022)<\/p>\n","protected":false},"excerpt":{"rendered":"<p>Fan-Tas-Tic (Vol. 1)\u00a0est le premier album studio non officiel du groupe de hip-hop am\u00e9ricain Slum Village. Il comprend des chansons de leur album d\u00e9mo, qui a \u00e9t\u00e9 enregistr\u00e9 en 1996 et 1997, mais qui n&#8217;est sorti officiellement que 8 ans plus tard. Il a n\u00e9anmoins fait l&#8217;objet d&#8217;une fuite dans le circuit underground et a [&hellip;]<\/p>\n","protected":false},"featured_media":667280,"comment_status":"open","ping_status":"closed","template":"","meta":[],"product_brand":[],"product_cat":[1756,1764],"product_tag":[2244],"acf":[],"_links":{"self":[{"href":"https:\/\/streetmarkets.fr\/app\/wp-json\/wp\/v2\/product\/667279"}],"collection":[{"href":"https:\/\/streetmarkets.fr\/app\/wp-json\/wp\/v2\/product"}],"about":[{"href":"https:\/\/streetmarkets.fr\/app\/wp-json\/wp\/v2\/types\/product"}],"replies":[{"embeddable":true,"href":"https:\/\/streetmarkets.fr\/app\/wp-json\/wp\/v2\/comments?post=667279"}],"wp:featuredmedia":[{"embeddable":true,"href":"https:\/\/streetmarkets.fr\/app\/wp-json\/wp\/v2\/media\/667280"}],"wp:attachment":[{"href":"https:\/\/streetmarkets.fr\/app\/wp-json\/wp\/v2\/media?parent=667279"}],"wp:term":[{"taxonomy":"product_brand","embeddable":true,"href":"https:\/\/streetmarkets.fr\/app\/wp-json\/wp\/v2\/product_brand?post=667279"},{"taxonomy":"product_cat","embeddable":true,"href":"https:\/\/streetmarkets.fr\/app\/wp-json\/wp\/v2\/product_cat?post=667279"},{"taxonomy":"product_tag","embeddable":true,"href":"https:\/\/streetmarkets.fr\/app\/wp-json\/wp\/v2\/product_tag?post=667279"}],"curies":[{"name":"wp","href":"https:\/\/api.w.org\/{rel}","templated":true}]}}