{"id":665609,"date":"2024-10-13T12:13:12","date_gmt":"2024-10-13T10:13:12","guid":{"rendered":"https:\/\/streetmarkets.fr\/app\/produit\/something-for-bloated-tums\/"},"modified":"2026-05-06T03:50:03","modified_gmt":"2026-05-06T01:50:03","slug":"something-for-bloated-tums","status":"publish","type":"product","link":"https:\/\/streetmarkets.fr\/app\/produit\/something-for-bloated-tums\/","title":{"rendered":"Something For Bloated Tums"},"content":{"rendered":"<p>La plupart des rem\u00e8des digestifs sont compos\u00e9s d&#8217;ingr\u00e9dients synth\u00e9tiques que notre corps n&#8217;a pas \u00e9t\u00e9 con\u00e7u pour absorber. Ils attaquent donc un probl\u00e8me par un autre probl\u00e8me. Votre ventre n&#8217;a pas besoin de cela. Nous avons cr\u00e9\u00e9 l&#8217;aide \u00e0 la digestion post-chimique. something\u00ae for bloated tums est un rem\u00e8de \u00e0 base de plantes compos\u00e9 de probiotiques, de gingembre et de chlorure, qui contribue \u00e0 une digestion normale. Il contient \u00e9galement du fenouil et de l&#8217;anis vert, qui contribuent au fonctionnement normal du tractus intestinal. Le tout emball\u00e9 dans une belle bo\u00eete de poche. Un peu de patience&#8230;<\/p>\n<p>10 tablettes, en prendre 2 si besoin<\/p>\n<p><span>5604841904043<\/span><\/p>\n","protected":false},"excerpt":{"rendered":"<p>La plupart des rem\u00e8des digestifs sont compos\u00e9s d&#8217;ingr\u00e9dients synth\u00e9tiques que notre corps n&#8217;a pas \u00e9t\u00e9 con\u00e7u pour absorber. Ils attaquent donc un probl\u00e8me par un autre probl\u00e8me. Votre ventre n&#8217;a pas besoin de cela. Nous avons cr\u00e9\u00e9 l&#8217;aide \u00e0 la digestion post-chimique. something\u00ae for bloated tums est un rem\u00e8de \u00e0 base de plantes compos\u00e9 de [&hellip;]<\/p>\n","protected":false},"featured_media":665610,"comment_status":"open","ping_status":"closed","template":"","meta":[],"product_brand":[],"product_cat":[1756,1760],"product_tag":[2244],"acf":[],"_links":{"self":[{"href":"https:\/\/streetmarkets.fr\/app\/wp-json\/wp\/v2\/product\/665609"}],"collection":[{"href":"https:\/\/streetmarkets.fr\/app\/wp-json\/wp\/v2\/product"}],"about":[{"href":"https:\/\/streetmarkets.fr\/app\/wp-json\/wp\/v2\/types\/product"}],"replies":[{"embeddable":true,"href":"https:\/\/streetmarkets.fr\/app\/wp-json\/wp\/v2\/comments?post=665609"}],"wp:featuredmedia":[{"embeddable":true,"href":"https:\/\/streetmarkets.fr\/app\/wp-json\/wp\/v2\/media\/665610"}],"wp:attachment":[{"href":"https:\/\/streetmarkets.fr\/app\/wp-json\/wp\/v2\/media?parent=665609"}],"wp:term":[{"taxonomy":"product_brand","embeddable":true,"href":"https:\/\/streetmarkets.fr\/app\/wp-json\/wp\/v2\/product_brand?post=665609"},{"taxonomy":"product_cat","embeddable":true,"href":"https:\/\/streetmarkets.fr\/app\/wp-json\/wp\/v2\/product_cat?post=665609"},{"taxonomy":"product_tag","embeddable":true,"href":"https:\/\/streetmarkets.fr\/app\/wp-json\/wp\/v2\/product_tag?post=665609"}],"curies":[{"name":"wp","href":"https:\/\/api.w.org\/{rel}","templated":true}]}}