{"id":665275,"date":"2024-10-13T12:12:20","date_gmt":"2024-10-13T10:12:20","guid":{"rendered":"https:\/\/streetmarkets.fr\/app\/produit\/noemi-om7-desert-taupe\/"},"modified":"2026-05-03T03:50:02","modified_gmt":"2026-05-03T01:50:02","slug":"noemi-om7-desert-taupe","status":"publish","type":"product","link":"https:\/\/streetmarkets.fr\/app\/produit\/noemi-om7-desert-taupe\/","title":{"rendered":"Noemi OM7 &#8220;Desert Taupe&#8221;"},"content":{"rendered":"<p>Les montures d&#8217;Oscar Magnuson sont des produits enti\u00e8rement naturels. Elles sont fabriqu\u00e9es \u00e0 la main \u00e0 partir de bio-ac\u00e9tate par des artisans hautement qualifi\u00e9s dans leur usine italienne. Le bio-ac\u00e9tate, d\u00e9riv\u00e9 de fibres de bois et de coton, lui conf\u00e8re un toucher exclusif et une sensation de chaleur et de douceur, qui ne peuvent provenir que de substances naturelles. Notre bio-ac\u00e9tate est 100 % \u00e9cologique, 100 % biod\u00e9gradable et 100 % recyclable.<\/p>\n<p>Les verres sont respectueux de l&#8217;environnement. Le BioNylon est fabriqu\u00e9 \u00e0 partir d&#8217;une r\u00e9sine \u00e9cologique d\u00e9riv\u00e9e de l&#8217;huile de ricin et ne contient ni BPA ni phtalates. Nos verres \u00e9cologiques bloquent 100 % des UVA, UVB et UVC ; ils sont l\u00e9gers, hypoallerg\u00e9niques et 100 % recyclables.<\/p>\n<p>Etui en\u00a0cuir 100 % biologique provenant de la tannerie su\u00e9doise Tarnsj\u00f6 Garveri.<\/p>\n<p>Fabriqu\u00e9e en Italie.<\/p>\n<p>50-21\/140mm<\/p>\n<p>NOEMI-950<\/p>\n","protected":false},"excerpt":{"rendered":"<p>Les montures d&#8217;Oscar Magnuson sont des produits enti\u00e8rement naturels. Elles sont fabriqu\u00e9es \u00e0 la main \u00e0 partir de bio-ac\u00e9tate par des artisans hautement qualifi\u00e9s dans leur usine italienne. Le bio-ac\u00e9tate, d\u00e9riv\u00e9 de fibres de bois et de coton, lui conf\u00e8re un toucher exclusif et une sensation de chaleur et de douceur, qui ne peuvent provenir [&hellip;]<\/p>\n","protected":false},"featured_media":665276,"comment_status":"open","ping_status":"closed","template":"","meta":[],"product_brand":[],"product_cat":[1756,1764],"product_tag":[2244],"acf":[],"_links":{"self":[{"href":"https:\/\/streetmarkets.fr\/app\/wp-json\/wp\/v2\/product\/665275"}],"collection":[{"href":"https:\/\/streetmarkets.fr\/app\/wp-json\/wp\/v2\/product"}],"about":[{"href":"https:\/\/streetmarkets.fr\/app\/wp-json\/wp\/v2\/types\/product"}],"replies":[{"embeddable":true,"href":"https:\/\/streetmarkets.fr\/app\/wp-json\/wp\/v2\/comments?post=665275"}],"wp:featuredmedia":[{"embeddable":true,"href":"https:\/\/streetmarkets.fr\/app\/wp-json\/wp\/v2\/media\/665276"}],"wp:attachment":[{"href":"https:\/\/streetmarkets.fr\/app\/wp-json\/wp\/v2\/media?parent=665275"}],"wp:term":[{"taxonomy":"product_brand","embeddable":true,"href":"https:\/\/streetmarkets.fr\/app\/wp-json\/wp\/v2\/product_brand?post=665275"},{"taxonomy":"product_cat","embeddable":true,"href":"https:\/\/streetmarkets.fr\/app\/wp-json\/wp\/v2\/product_cat?post=665275"},{"taxonomy":"product_tag","embeddable":true,"href":"https:\/\/streetmarkets.fr\/app\/wp-json\/wp\/v2\/product_tag?post=665275"}],"curies":[{"name":"wp","href":"https:\/\/api.w.org\/{rel}","templated":true}]}}