{"id":665128,"date":"2024-10-13T12:11:53","date_gmt":"2024-10-13T10:11:53","guid":{"rendered":"https:\/\/streetmarkets.fr\/app\/produit\/deluxeware-crimson-products-company\/"},"modified":"2026-05-10T03:50:35","modified_gmt":"2026-05-10T01:50:35","slug":"deluxeware-crimson-products-company","status":"publish","type":"product","link":"https:\/\/streetmarkets.fr\/app\/produit\/deluxeware-crimson-products-company\/","title":{"rendered":"Deluxeware Crimson &#8211; Products Company"},"content":{"rendered":"<p>L&#8217;un des th\u00e8mes principaux de Deluxeware Clothing Company est celui des &#8220;mat\u00e9riaux&#8221;, qu&#8217;il s&#8217;agisse des bons vieux mat\u00e9riaux familiers, de ceux d\u00e9velopp\u00e9s par essais et erreurs ou d&#8217;autres qui ont \u00e9t\u00e9 perdus dans l&#8217;histoire en raison de la difficult\u00e9 \u00e0 se procurer les ingr\u00e9dients bruts n\u00e9cessaires \u00e0 leur fabrication.<\/p>\n<p>La marque japonaise met l&#8217;accent sur la qualit\u00e9 et la valeur des mat\u00e9riaux, avec l&#8217;aide d&#8217;\u00e9quipements et d&#8217;artisans \u00e0 l&#8217;ancienne.<\/p>\n<p>Son usine interne fonctionne depuis 2010 et produit des chemises tricot\u00e9es, des sweatshirts, des jeans et des vestes en denim, des v\u00eatements d&#8217;ext\u00e9rieur, des manteaux en cuir et bien d&#8217;autres choses encore. Une quarantaine de machines \u00e0 coudre anciennes sont activement utilis\u00e9es dans l&#8217;atelier.<\/p>\n<p>Le catalogue &#8220;Crimson&#8221; offre un aper\u00e7u approfondi de la marque et de ses produits.<\/p>\n<p><span>80 pages <\/span><\/p>\n<p><span>Dimensions : 210 x 280 cm<\/span><\/p>\n<p><span>9784846532345<\/span><\/p>\n","protected":false},"excerpt":{"rendered":"<p>L&#8217;un des th\u00e8mes principaux de Deluxeware Clothing Company est celui des &#8220;mat\u00e9riaux&#8221;, qu&#8217;il s&#8217;agisse des bons vieux mat\u00e9riaux familiers, de ceux d\u00e9velopp\u00e9s par essais et erreurs ou d&#8217;autres qui ont \u00e9t\u00e9 perdus dans l&#8217;histoire en raison de la difficult\u00e9 \u00e0 se procurer les ingr\u00e9dients bruts n\u00e9cessaires \u00e0 leur fabrication. La marque japonaise met l&#8217;accent sur [&hellip;]<\/p>\n","protected":false},"featured_media":665129,"comment_status":"open","ping_status":"closed","template":"","meta":[],"product_brand":[],"product_cat":[1756,1760],"product_tag":[2244],"acf":[],"_links":{"self":[{"href":"https:\/\/streetmarkets.fr\/app\/wp-json\/wp\/v2\/product\/665128"}],"collection":[{"href":"https:\/\/streetmarkets.fr\/app\/wp-json\/wp\/v2\/product"}],"about":[{"href":"https:\/\/streetmarkets.fr\/app\/wp-json\/wp\/v2\/types\/product"}],"replies":[{"embeddable":true,"href":"https:\/\/streetmarkets.fr\/app\/wp-json\/wp\/v2\/comments?post=665128"}],"wp:featuredmedia":[{"embeddable":true,"href":"https:\/\/streetmarkets.fr\/app\/wp-json\/wp\/v2\/media\/665129"}],"wp:attachment":[{"href":"https:\/\/streetmarkets.fr\/app\/wp-json\/wp\/v2\/media?parent=665128"}],"wp:term":[{"taxonomy":"product_brand","embeddable":true,"href":"https:\/\/streetmarkets.fr\/app\/wp-json\/wp\/v2\/product_brand?post=665128"},{"taxonomy":"product_cat","embeddable":true,"href":"https:\/\/streetmarkets.fr\/app\/wp-json\/wp\/v2\/product_cat?post=665128"},{"taxonomy":"product_tag","embeddable":true,"href":"https:\/\/streetmarkets.fr\/app\/wp-json\/wp\/v2\/product_tag?post=665128"}],"curies":[{"name":"wp","href":"https:\/\/api.w.org\/{rel}","templated":true}]}}