{"id":665120,"date":"2024-10-13T12:11:53","date_gmt":"2024-10-13T10:11:53","guid":{"rendered":"https:\/\/streetmarkets.fr\/app\/produit\/franco-fontana-skyline\/"},"modified":"2026-05-10T03:50:35","modified_gmt":"2026-05-10T01:50:35","slug":"franco-fontana-skyline","status":"publish","type":"product","link":"https:\/\/streetmarkets.fr\/app\/produit\/franco-fontana-skyline\/","title":{"rendered":"Franco Fontana &#8211; Skyline"},"content":{"rendered":"<p>En 1978, le livre Skyline de Franco Fontana a contribu\u00e9 \u00e0 ouvrir la voie \u00e0 la nouvelle photographie italienne par son radicalisme et son approche typiquement photographique. Ce livre, r\u00e9alis\u00e9 de mani\u00e8re tr\u00e8s simple, sans pr\u00e9tentions graphiques excessives, pr\u00e9sentant une photographie par page, \u00e9tait l&#8217;aboutissement d&#8217;une \u0153uvre en pleine maturit\u00e9, lib\u00e9r\u00e9e de tous les tics en vogue dans les milieux photographiques, de la publicit\u00e9 ou du photojournalisme conventionnel. Skyline ne fait l&#8217;\u00e9loge d&#8217;aucune ville, d&#8217;aucune production locale, c&#8217;est une \u0153uvre referm\u00e9e sur elle-m\u00eame. Partant de la r\u00e9alit\u00e9 tangible, en l&#8217;occurrence le paysage, et des lignes d&#8217;horizon, il exclut tout \u00e9l\u00e9ment superflu pour pr\u00e9server l&#8217;essentiel, l&#8217;exaltation des formes et des couleurs. Fontana codifie ses paysages familiers et ses \u00e9tendues inconnues de telle sorte que les signes, l&#8217;espace, la forme et la couleur deviennent les seuls \u00e9l\u00e9ments de l&#8217;image. Avec Skyline, avant le c\u00e9l\u00e8bre livre Kodachrome de Luigi Ghirri et six ans avant Viaggio in Italia, Franco Fontana a \u00e9t\u00e9 l&#8217;un des premiers \u00e0 s&#8217;interroger sur les possibilit\u00e9s linguistiques du processus chromatique et sur les caract\u00e9ristiques esth\u00e9tiques de la photographie, r\u00e9interpr\u00e9tant personnellement le monde qui l&#8217;entourait tout en initiant une nouvelle lecture du paysage italien. Ce livre est bas\u00e9 sur l&#8217;\u00e9dition italienne originale et sur la couverture souple, tant en ce qui concerne le format et la pr\u00e9sentation que le nombre de photographies fix\u00e9 par Paola et Luigi Ghirri. Pour am\u00e9liorer la qualit\u00e9, la photogravure a \u00e9t\u00e9 refaite \u00e0 partir des diapositives.<\/p>\n<table class=\"table product-detail-custom-fields-table\" style=\"width: 42.2635%;height: 16px\">\n<tbody>\n<tr class=\"custom-fields-row\" style=\"height: 35.5938px\">\n<td colspan=\"2\" class=\"custom-fields-value\" style=\"width: 99.47%;height: 35.5938px\">\n<p>80 p, 210 x 270 mm<\/p>\n<\/td>\n<\/tr>\n<\/tbody>\n<\/table>\n<table class=\"table product-detail-custom-fields-table\">\n<tbody>\n<tr class=\"custom-fields-row\">\n<td class=\"custom-fields-value\">9788898030637<\/td>\n<\/tr>\n<\/tbody>\n<\/table>\n","protected":false},"excerpt":{"rendered":"<p>En 1978, le livre Skyline de Franco Fontana a contribu\u00e9 \u00e0 ouvrir la voie \u00e0 la nouvelle photographie italienne par son radicalisme et son approche typiquement photographique. Ce livre, r\u00e9alis\u00e9 de mani\u00e8re tr\u00e8s simple, sans pr\u00e9tentions graphiques excessives, pr\u00e9sentant une photographie par page, \u00e9tait l&#8217;aboutissement d&#8217;une \u0153uvre en pleine maturit\u00e9, lib\u00e9r\u00e9e de tous les tics [&hellip;]<\/p>\n","protected":false},"featured_media":665121,"comment_status":"open","ping_status":"closed","template":"","meta":[],"product_brand":[],"product_cat":[1756,1760],"product_tag":[2244],"acf":[],"_links":{"self":[{"href":"https:\/\/streetmarkets.fr\/app\/wp-json\/wp\/v2\/product\/665120"}],"collection":[{"href":"https:\/\/streetmarkets.fr\/app\/wp-json\/wp\/v2\/product"}],"about":[{"href":"https:\/\/streetmarkets.fr\/app\/wp-json\/wp\/v2\/types\/product"}],"replies":[{"embeddable":true,"href":"https:\/\/streetmarkets.fr\/app\/wp-json\/wp\/v2\/comments?post=665120"}],"wp:featuredmedia":[{"embeddable":true,"href":"https:\/\/streetmarkets.fr\/app\/wp-json\/wp\/v2\/media\/665121"}],"wp:attachment":[{"href":"https:\/\/streetmarkets.fr\/app\/wp-json\/wp\/v2\/media?parent=665120"}],"wp:term":[{"taxonomy":"product_brand","embeddable":true,"href":"https:\/\/streetmarkets.fr\/app\/wp-json\/wp\/v2\/product_brand?post=665120"},{"taxonomy":"product_cat","embeddable":true,"href":"https:\/\/streetmarkets.fr\/app\/wp-json\/wp\/v2\/product_cat?post=665120"},{"taxonomy":"product_tag","embeddable":true,"href":"https:\/\/streetmarkets.fr\/app\/wp-json\/wp\/v2\/product_tag?post=665120"}],"curies":[{"name":"wp","href":"https:\/\/api.w.org\/{rel}","templated":true}]}}