{"id":663667,"date":"2024-10-13T12:08:52","date_gmt":"2024-10-13T10:08:52","guid":{"rendered":"https:\/\/streetmarkets.fr\/app\/produit\/faith-evans-keep-the-faith\/"},"modified":"2026-05-06T03:50:02","modified_gmt":"2026-05-06T01:50:02","slug":"faith-evans-keep-the-faith","status":"publish","type":"product","link":"https:\/\/streetmarkets.fr\/app\/produit\/faith-evans-keep-the-faith\/","title":{"rendered":"Faith Evans &#8211; Keep The Faith"},"content":{"rendered":"<p>Keep the Faith est le deuxi\u00e8me album de la chanteuse am\u00e9ricaine Faith Evans.<\/p>\n<p>Il a \u00e9t\u00e9 publi\u00e9 par Bad Boy Records le 27 octobre 1998 aux \u00c9tats-Unis<\/p>\n","protected":false},"excerpt":{"rendered":"<p>Keep the Faith est le deuxi\u00e8me album de la chanteuse am\u00e9ricaine Faith Evans. Il a \u00e9t\u00e9 publi\u00e9 par Bad Boy Records le 27 octobre 1998 aux \u00c9tats-Unis<\/p>\n","protected":false},"featured_media":663668,"comment_status":"open","ping_status":"closed","template":"","meta":[],"product_brand":[],"product_cat":[1756,1764],"product_tag":[2244],"acf":[],"_links":{"self":[{"href":"https:\/\/streetmarkets.fr\/app\/wp-json\/wp\/v2\/product\/663667"}],"collection":[{"href":"https:\/\/streetmarkets.fr\/app\/wp-json\/wp\/v2\/product"}],"about":[{"href":"https:\/\/streetmarkets.fr\/app\/wp-json\/wp\/v2\/types\/product"}],"replies":[{"embeddable":true,"href":"https:\/\/streetmarkets.fr\/app\/wp-json\/wp\/v2\/comments?post=663667"}],"wp:featuredmedia":[{"embeddable":true,"href":"https:\/\/streetmarkets.fr\/app\/wp-json\/wp\/v2\/media\/663668"}],"wp:attachment":[{"href":"https:\/\/streetmarkets.fr\/app\/wp-json\/wp\/v2\/media?parent=663667"}],"wp:term":[{"taxonomy":"product_brand","embeddable":true,"href":"https:\/\/streetmarkets.fr\/app\/wp-json\/wp\/v2\/product_brand?post=663667"},{"taxonomy":"product_cat","embeddable":true,"href":"https:\/\/streetmarkets.fr\/app\/wp-json\/wp\/v2\/product_cat?post=663667"},{"taxonomy":"product_tag","embeddable":true,"href":"https:\/\/streetmarkets.fr\/app\/wp-json\/wp\/v2\/product_tag?post=663667"}],"curies":[{"name":"wp","href":"https:\/\/api.w.org\/{rel}","templated":true}]}}