{"id":663577,"date":"2024-10-13T12:08:50","date_gmt":"2024-10-13T10:08:50","guid":{"rendered":"https:\/\/streetmarkets.fr\/app\/produit\/candle-winter-saga\/"},"modified":"2026-04-12T03:50:18","modified_gmt":"2026-04-12T01:50:18","slug":"candle-winter-saga","status":"publish","type":"product","link":"https:\/\/streetmarkets.fr\/app\/produit\/candle-winter-saga\/","title":{"rendered":"Candle WINTER SAGA"},"content":{"rendered":"<p>Une c\u00e9l\u00e9bration de l&#8217;essence mondiale de l&#8217;hiver, influenc\u00e9e par un ch\u0153ur de voix. L&#8217;un des premiers parfums au monde cr\u00e9\u00e9s par les utilisateurs pr\u00e9sente un m\u00e9lange harmonieux de chaleur \u00e9pic\u00e9e et de bois glac\u00e9s qui se fondra gracieusement sur votre peau pendant la saison la plus froide.<\/p>\n<p><span>POIVRE SICHUAN, ENCENS<\/span><\/p>\n<p><span>Dur\u00e9e d&#8217;environ 45h\u00a0<\/span><\/p>\n<p><\/p>\n<p>\u00a0<\/p>\n","protected":false},"excerpt":{"rendered":"<p>Une c\u00e9l\u00e9bration de l&#8217;essence mondiale de l&#8217;hiver, influenc\u00e9e par un ch\u0153ur de voix. L&#8217;un des premiers parfums au monde cr\u00e9\u00e9s par les utilisateurs pr\u00e9sente un m\u00e9lange harmonieux de chaleur \u00e9pic\u00e9e et de bois glac\u00e9s qui se fondra gracieusement sur votre peau pendant la saison la plus froide. POIVRE SICHUAN, ENCENS Dur\u00e9e d&#8217;environ 45h\u00a0 \u00a0<\/p>\n","protected":false},"featured_media":663578,"comment_status":"open","ping_status":"closed","template":"","meta":[],"product_brand":[],"product_cat":[1756,1764],"product_tag":[2244],"acf":[],"_links":{"self":[{"href":"https:\/\/streetmarkets.fr\/app\/wp-json\/wp\/v2\/product\/663577"}],"collection":[{"href":"https:\/\/streetmarkets.fr\/app\/wp-json\/wp\/v2\/product"}],"about":[{"href":"https:\/\/streetmarkets.fr\/app\/wp-json\/wp\/v2\/types\/product"}],"replies":[{"embeddable":true,"href":"https:\/\/streetmarkets.fr\/app\/wp-json\/wp\/v2\/comments?post=663577"}],"wp:featuredmedia":[{"embeddable":true,"href":"https:\/\/streetmarkets.fr\/app\/wp-json\/wp\/v2\/media\/663578"}],"wp:attachment":[{"href":"https:\/\/streetmarkets.fr\/app\/wp-json\/wp\/v2\/media?parent=663577"}],"wp:term":[{"taxonomy":"product_brand","embeddable":true,"href":"https:\/\/streetmarkets.fr\/app\/wp-json\/wp\/v2\/product_brand?post=663577"},{"taxonomy":"product_cat","embeddable":true,"href":"https:\/\/streetmarkets.fr\/app\/wp-json\/wp\/v2\/product_cat?post=663577"},{"taxonomy":"product_tag","embeddable":true,"href":"https:\/\/streetmarkets.fr\/app\/wp-json\/wp\/v2\/product_tag?post=663577"}],"curies":[{"name":"wp","href":"https:\/\/api.w.org\/{rel}","templated":true}]}}