{"id":663308,"date":"2024-10-13T12:08:20","date_gmt":"2024-10-13T10:08:20","guid":{"rendered":"https:\/\/streetmarkets.fr\/app\/produit\/design-for-military-vol-3\/"},"modified":"2026-05-06T03:50:02","modified_gmt":"2026-05-06T01:50:02","slug":"design-for-military-vol-3","status":"publish","type":"product","link":"https:\/\/streetmarkets.fr\/app\/produit\/design-for-military-vol-3\/","title":{"rendered":"Design For Military Vol 3"},"content":{"rendered":"<p>Des centaines d&#8217;affiches et d&#8217;accessoires de guerre am\u00e9ricains ont \u00e9t\u00e9 rassembl\u00e9s. Ils traitent de la guerre sur le front int\u00e9rieur et de l&#8217;effort de guerre, de l&#8217;enr\u00f4lement, du rationnement et de la production en temps de guerre \u00e0 la formation des civils, en passant par l&#8217;emploi des femmes, les obligations de guerre et les dangers des paroles en l&#8217;air.<\/p>\n<p><span>144 p, 210 x 280 mm<\/span><\/p>\n<p><span>9784846526740<\/span><\/p>\n","protected":false},"excerpt":{"rendered":"<p>Des centaines d&#8217;affiches et d&#8217;accessoires de guerre am\u00e9ricains ont \u00e9t\u00e9 rassembl\u00e9s. Ils traitent de la guerre sur le front int\u00e9rieur et de l&#8217;effort de guerre, de l&#8217;enr\u00f4lement, du rationnement et de la production en temps de guerre \u00e0 la formation des civils, en passant par l&#8217;emploi des femmes, les obligations de guerre et les dangers [&hellip;]<\/p>\n","protected":false},"featured_media":663309,"comment_status":"open","ping_status":"closed","template":"","meta":[],"product_brand":[],"product_cat":[1756,1760],"product_tag":[2244],"acf":[],"_links":{"self":[{"href":"https:\/\/streetmarkets.fr\/app\/wp-json\/wp\/v2\/product\/663308"}],"collection":[{"href":"https:\/\/streetmarkets.fr\/app\/wp-json\/wp\/v2\/product"}],"about":[{"href":"https:\/\/streetmarkets.fr\/app\/wp-json\/wp\/v2\/types\/product"}],"replies":[{"embeddable":true,"href":"https:\/\/streetmarkets.fr\/app\/wp-json\/wp\/v2\/comments?post=663308"}],"wp:featuredmedia":[{"embeddable":true,"href":"https:\/\/streetmarkets.fr\/app\/wp-json\/wp\/v2\/media\/663309"}],"wp:attachment":[{"href":"https:\/\/streetmarkets.fr\/app\/wp-json\/wp\/v2\/media?parent=663308"}],"wp:term":[{"taxonomy":"product_brand","embeddable":true,"href":"https:\/\/streetmarkets.fr\/app\/wp-json\/wp\/v2\/product_brand?post=663308"},{"taxonomy":"product_cat","embeddable":true,"href":"https:\/\/streetmarkets.fr\/app\/wp-json\/wp\/v2\/product_cat?post=663308"},{"taxonomy":"product_tag","embeddable":true,"href":"https:\/\/streetmarkets.fr\/app\/wp-json\/wp\/v2\/product_tag?post=663308"}],"curies":[{"name":"wp","href":"https:\/\/api.w.org\/{rel}","templated":true}]}}