{"id":662968,"date":"2024-10-13T12:07:15","date_gmt":"2024-10-13T10:07:15","guid":{"rendered":"https:\/\/streetmarkets.fr\/app\/produit\/bone-glass-vase-m2\/"},"modified":"2026-05-06T03:49:51","modified_gmt":"2026-05-06T01:49:51","slug":"bone-glass-vase-m2","status":"publish","type":"product","link":"https:\/\/streetmarkets.fr\/app\/produit\/bone-glass-vase-m2\/","title":{"rendered":"Bone Glass Vase M2"},"content":{"rendered":"<p>Studio Ella Einhell se trouve \u00e0 l&#8217;intersection de la recherche sur les mat\u00e9riaux et de la conception de produits, et s&#8217;articule autour de l&#8217;utilisation de ressources gaspill\u00e9es et de leur transformation en mati\u00e8res premi\u00e8res innovantes.<\/p>\n<p>Cette pi\u00e8ce unique est r\u00e9alis\u00e9 a partir d&#8217;un\u00a0m\u00e9lange de d\u00e9chets de verre et de cendres d&#8217;os pour l&#8217;effet partiellement opaque.<\/p>\n<p>Le m\u00e9lange est ensuite souffl\u00e9 directement dans divers ossements pour en prendre la forme, organique et impr\u00e9visible.<\/p>\n<p>\u00a0<\/p>\n","protected":false},"excerpt":{"rendered":"<p>Studio Ella Einhell se trouve \u00e0 l&#8217;intersection de la recherche sur les mat\u00e9riaux et de la conception de produits, et s&#8217;articule autour de l&#8217;utilisation de ressources gaspill\u00e9es et de leur transformation en mati\u00e8res premi\u00e8res innovantes. Cette pi\u00e8ce unique est r\u00e9alis\u00e9 a partir d&#8217;un\u00a0m\u00e9lange de d\u00e9chets de verre et de cendres d&#8217;os pour l&#8217;effet partiellement opaque. [&hellip;]<\/p>\n","protected":false},"featured_media":662969,"comment_status":"open","ping_status":"closed","template":"","meta":[],"product_brand":[],"product_cat":[1756,1760],"product_tag":[2244],"acf":[],"_links":{"self":[{"href":"https:\/\/streetmarkets.fr\/app\/wp-json\/wp\/v2\/product\/662968"}],"collection":[{"href":"https:\/\/streetmarkets.fr\/app\/wp-json\/wp\/v2\/product"}],"about":[{"href":"https:\/\/streetmarkets.fr\/app\/wp-json\/wp\/v2\/types\/product"}],"replies":[{"embeddable":true,"href":"https:\/\/streetmarkets.fr\/app\/wp-json\/wp\/v2\/comments?post=662968"}],"wp:featuredmedia":[{"embeddable":true,"href":"https:\/\/streetmarkets.fr\/app\/wp-json\/wp\/v2\/media\/662969"}],"wp:attachment":[{"href":"https:\/\/streetmarkets.fr\/app\/wp-json\/wp\/v2\/media?parent=662968"}],"wp:term":[{"taxonomy":"product_brand","embeddable":true,"href":"https:\/\/streetmarkets.fr\/app\/wp-json\/wp\/v2\/product_brand?post=662968"},{"taxonomy":"product_cat","embeddable":true,"href":"https:\/\/streetmarkets.fr\/app\/wp-json\/wp\/v2\/product_cat?post=662968"},{"taxonomy":"product_tag","embeddable":true,"href":"https:\/\/streetmarkets.fr\/app\/wp-json\/wp\/v2\/product_tag?post=662968"}],"curies":[{"name":"wp","href":"https:\/\/api.w.org\/{rel}","templated":true}]}}