{"id":662859,"date":"2024-10-13T12:07:13","date_gmt":"2024-10-13T10:07:13","guid":{"rendered":"https:\/\/streetmarkets.fr\/app\/produit\/fashion-portrait-new-york\/"},"modified":"2026-04-12T03:50:16","modified_gmt":"2026-04-12T01:50:16","slug":"fashion-portrait-new-york","status":"publish","type":"product","link":"https:\/\/streetmarkets.fr\/app\/produit\/fashion-portrait-new-york\/","title":{"rendered":"Fashion Portrait: New York"},"content":{"rendered":"<p><span data-mce-fragment=\"1\">CLUTCH Magazine a photographi\u00e9 des personnes\u00a0au style authentic et propre a chacun,\u00a0\u00a0entour\u00e9es d&#8217;une culture de pointe \u00e0 New York.<\/p>\n<p>Une version new-yorkaise de Fashion Snap rassemble des styles du monde entier qui ne sont pas influenc\u00e9s par les tendances.<\/span><\/p>\n<p><span data-mce-fragment=\"1\">26 \u00d7 18,5 c<\/span><span data-mce-fragment=\"1\">m<\/span><br data-mce-fragment=\"1\"><span data-mce-fragment=\"1\">160 pages<\/span><\/p>\n","protected":false},"excerpt":{"rendered":"<p>CLUTCH Magazine a photographi\u00e9 des personnes\u00a0au style authentic et propre a chacun,\u00a0\u00a0entour\u00e9es d&#8217;une culture de pointe \u00e0 New York. Une version new-yorkaise de Fashion Snap rassemble des styles du monde entier qui ne sont pas influenc\u00e9s par les tendances. 26 \u00d7 18,5 cm160 pages<\/p>\n","protected":false},"featured_media":662860,"comment_status":"open","ping_status":"closed","template":"","meta":[],"product_brand":[],"product_cat":[1756,1764],"product_tag":[2244],"acf":[],"_links":{"self":[{"href":"https:\/\/streetmarkets.fr\/app\/wp-json\/wp\/v2\/product\/662859"}],"collection":[{"href":"https:\/\/streetmarkets.fr\/app\/wp-json\/wp\/v2\/product"}],"about":[{"href":"https:\/\/streetmarkets.fr\/app\/wp-json\/wp\/v2\/types\/product"}],"replies":[{"embeddable":true,"href":"https:\/\/streetmarkets.fr\/app\/wp-json\/wp\/v2\/comments?post=662859"}],"wp:featuredmedia":[{"embeddable":true,"href":"https:\/\/streetmarkets.fr\/app\/wp-json\/wp\/v2\/media\/662860"}],"wp:attachment":[{"href":"https:\/\/streetmarkets.fr\/app\/wp-json\/wp\/v2\/media?parent=662859"}],"wp:term":[{"taxonomy":"product_brand","embeddable":true,"href":"https:\/\/streetmarkets.fr\/app\/wp-json\/wp\/v2\/product_brand?post=662859"},{"taxonomy":"product_cat","embeddable":true,"href":"https:\/\/streetmarkets.fr\/app\/wp-json\/wp\/v2\/product_cat?post=662859"},{"taxonomy":"product_tag","embeddable":true,"href":"https:\/\/streetmarkets.fr\/app\/wp-json\/wp\/v2\/product_tag?post=662859"}],"curies":[{"name":"wp","href":"https:\/\/api.w.org\/{rel}","templated":true}]}}