{"id":662735,"date":"2024-10-13T12:06:47","date_gmt":"2024-10-13T10:06:47","guid":{"rendered":"https:\/\/streetmarkets.fr\/app\/produit\/incense-cinnamon-core\/"},"modified":"2026-05-10T03:50:22","modified_gmt":"2026-05-10T01:50:22","slug":"incense-cinnamon-core","status":"publish","type":"product","link":"https:\/\/streetmarkets.fr\/app\/produit\/incense-cinnamon-core\/","title":{"rendered":"Incense CINNAMON CORE"},"content":{"rendered":"<p>D\u00e9couvrez le m\u00e9lange captivant de cannelle et de clou de girofle, qui produit un ar\u00f4me chaleureux et invitant. Le parfum r\u00e9confortant de l&#8217;essence de cannelle offre une senteur irr\u00e9sistible, parfaite pour cr\u00e9er une ambiance sereine et magnifique dans n&#8217;importe quel espace. <\/p>\n<p>Tremp\u00e9s \u00e0 la main dans une huile de parfum fine et emball\u00e9s avec soin. Chaque paquet contient 15 b\u00e2tonnets d&#8217;une dur\u00e9e d&#8217;une heure chacun.<\/p>\n<p>DOUX, CHAUD ET CONFORTABLE \/ CANNELLE, CLOU DE GIROFLE<\/p>\n","protected":false},"excerpt":{"rendered":"<p>D\u00e9couvrez le m\u00e9lange captivant de cannelle et de clou de girofle, qui produit un ar\u00f4me chaleureux et invitant. Le parfum r\u00e9confortant de l&#8217;essence de cannelle offre une senteur irr\u00e9sistible, parfaite pour cr\u00e9er une ambiance sereine et magnifique dans n&#8217;importe quel espace. Tremp\u00e9s \u00e0 la main dans une huile de parfum fine et emball\u00e9s avec soin. [&hellip;]<\/p>\n","protected":false},"featured_media":662736,"comment_status":"open","ping_status":"closed","template":"","meta":[],"product_brand":[],"product_cat":[1756,1760],"product_tag":[2244],"acf":[],"_links":{"self":[{"href":"https:\/\/streetmarkets.fr\/app\/wp-json\/wp\/v2\/product\/662735"}],"collection":[{"href":"https:\/\/streetmarkets.fr\/app\/wp-json\/wp\/v2\/product"}],"about":[{"href":"https:\/\/streetmarkets.fr\/app\/wp-json\/wp\/v2\/types\/product"}],"replies":[{"embeddable":true,"href":"https:\/\/streetmarkets.fr\/app\/wp-json\/wp\/v2\/comments?post=662735"}],"wp:featuredmedia":[{"embeddable":true,"href":"https:\/\/streetmarkets.fr\/app\/wp-json\/wp\/v2\/media\/662736"}],"wp:attachment":[{"href":"https:\/\/streetmarkets.fr\/app\/wp-json\/wp\/v2\/media?parent=662735"}],"wp:term":[{"taxonomy":"product_brand","embeddable":true,"href":"https:\/\/streetmarkets.fr\/app\/wp-json\/wp\/v2\/product_brand?post=662735"},{"taxonomy":"product_cat","embeddable":true,"href":"https:\/\/streetmarkets.fr\/app\/wp-json\/wp\/v2\/product_cat?post=662735"},{"taxonomy":"product_tag","embeddable":true,"href":"https:\/\/streetmarkets.fr\/app\/wp-json\/wp\/v2\/product_tag?post=662735"}],"curies":[{"name":"wp","href":"https:\/\/api.w.org\/{rel}","templated":true}]}}