{"id":662137,"date":"2024-10-13T12:05:55","date_gmt":"2024-10-13T10:05:55","guid":{"rendered":"https:\/\/streetmarkets.fr\/app\/produit\/fabric-spray-for-sneaker-jb\/"},"modified":"2026-05-06T03:49:50","modified_gmt":"2026-05-06T01:49:50","slug":"fabric-spray-for-sneaker-jb","status":"publish","type":"product","link":"https:\/\/streetmarkets.fr\/app\/produit\/fabric-spray-for-sneaker-jb\/","title":{"rendered":"Fabric Spray For Sneaker JB*"},"content":{"rendered":"<p>Un spray rafra\u00eechissant, d\u00e9sodorisant et antibact\u00e9rien pour vos baskets pr\u00e9f\u00e9r\u00e9es, avec un parfum de propret\u00e9 sp\u00e9cialement formul\u00e9.\u00a0<\/p>\n<ul>\n<li><span>T\u00eate: Orange, Citron, Citron Vert<\/span><\/li>\n<li><span>Coeur: Lavende, Noix de Coco, Cannelle, Menthe Poivr\u00e9e<\/span><\/li>\n<li><span>Fond: Vanille<\/span><\/li>\n<\/ul>\n<p><span>Fabriqu\u00e9 au Japon<\/span><\/p>\n<p><span>rtw-337<\/span><\/p>\n","protected":false},"excerpt":{"rendered":"<p>Un spray rafra\u00eechissant, d\u00e9sodorisant et antibact\u00e9rien pour vos baskets pr\u00e9f\u00e9r\u00e9es, avec un parfum de propret\u00e9 sp\u00e9cialement formul\u00e9.\u00a0 T\u00eate: Orange, Citron, Citron Vert Coeur: Lavende, Noix de Coco, Cannelle, Menthe Poivr\u00e9e Fond: Vanille Fabriqu\u00e9 au Japon rtw-337<\/p>\n","protected":false},"featured_media":662138,"comment_status":"open","ping_status":"closed","template":"","meta":[],"product_brand":[],"product_cat":[1756,1760],"product_tag":[2244],"acf":[],"_links":{"self":[{"href":"https:\/\/streetmarkets.fr\/app\/wp-json\/wp\/v2\/product\/662137"}],"collection":[{"href":"https:\/\/streetmarkets.fr\/app\/wp-json\/wp\/v2\/product"}],"about":[{"href":"https:\/\/streetmarkets.fr\/app\/wp-json\/wp\/v2\/types\/product"}],"replies":[{"embeddable":true,"href":"https:\/\/streetmarkets.fr\/app\/wp-json\/wp\/v2\/comments?post=662137"}],"wp:featuredmedia":[{"embeddable":true,"href":"https:\/\/streetmarkets.fr\/app\/wp-json\/wp\/v2\/media\/662138"}],"wp:attachment":[{"href":"https:\/\/streetmarkets.fr\/app\/wp-json\/wp\/v2\/media?parent=662137"}],"wp:term":[{"taxonomy":"product_brand","embeddable":true,"href":"https:\/\/streetmarkets.fr\/app\/wp-json\/wp\/v2\/product_brand?post=662137"},{"taxonomy":"product_cat","embeddable":true,"href":"https:\/\/streetmarkets.fr\/app\/wp-json\/wp\/v2\/product_cat?post=662137"},{"taxonomy":"product_tag","embeddable":true,"href":"https:\/\/streetmarkets.fr\/app\/wp-json\/wp\/v2\/product_tag?post=662137"}],"curies":[{"name":"wp","href":"https:\/\/api.w.org\/{rel}","templated":true}]}}