{"id":661800,"date":"2024-10-13T12:05:21","date_gmt":"2024-10-13T10:05:21","guid":{"rendered":"https:\/\/streetmarkets.fr\/app\/produit\/vietnam-war-vol-6\/"},"modified":"2026-05-06T03:49:50","modified_gmt":"2026-05-06T01:49:50","slug":"vietnam-war-vol-6","status":"publish","type":"product","link":"https:\/\/streetmarkets.fr\/app\/produit\/vietnam-war-vol-6\/","title":{"rendered":"Vietnam War vol.6"},"content":{"rendered":"<p>Le sixi\u00e8me volume de cette s\u00e9rie vient compl\u00e9ter la documentation d\u00e9j\u00e0 abondante sur le bourbier militaire am\u00e9ricain en Asie du Sud-Est qui a dur\u00e9 pr\u00e8s de deux d\u00e9cennies. Ce volume pr\u00e9sente les souvenirs, mangas et images habituels de la guerre du Vi\u00eat Nam, mais aussi des casques personnalis\u00e9s par les soldats qui les portaient, une histoire en images de la deuxi\u00e8me ann\u00e9e de la 173D Airbone Brigade, le mus\u00e9e national de l&#8217;air et de l&#8217;espace de Washington D.C., des photographies en couleurs des forces sp\u00e9ciales de l&#8217;arm\u00e9e am\u00e9ricaine, les insignes de l&#8217;U.S. Special Operations Command, le fusil d&#8217;assaut M16, l&#8217;h\u00e9licopt\u00e8re AC-47, l&#8217;hygi\u00e8ne sur le champ de bataille et des peintures patrimoniales de la Garde nationale, pour n&#8217;en citer que quelques-unes.<\/p>\n<p><span data-mce-fragment=\"1\">288 p, 18 x 26 cm<\/span><\/p>\n<p><span data-mce-fragment=\"1\"> Japanese<\/span><\/p>\n<p><span data-mce-fragment=\"1\">9784846532727<\/span><\/p>\n","protected":false},"excerpt":{"rendered":"<p>Le sixi\u00e8me volume de cette s\u00e9rie vient compl\u00e9ter la documentation d\u00e9j\u00e0 abondante sur le bourbier militaire am\u00e9ricain en Asie du Sud-Est qui a dur\u00e9 pr\u00e8s de deux d\u00e9cennies. Ce volume pr\u00e9sente les souvenirs, mangas et images habituels de la guerre du Vi\u00eat Nam, mais aussi des casques personnalis\u00e9s par les soldats qui les portaient, une [&hellip;]<\/p>\n","protected":false},"featured_media":661801,"comment_status":"open","ping_status":"closed","template":"","meta":[],"product_brand":[],"product_cat":[1756,1760],"product_tag":[2244],"acf":[],"_links":{"self":[{"href":"https:\/\/streetmarkets.fr\/app\/wp-json\/wp\/v2\/product\/661800"}],"collection":[{"href":"https:\/\/streetmarkets.fr\/app\/wp-json\/wp\/v2\/product"}],"about":[{"href":"https:\/\/streetmarkets.fr\/app\/wp-json\/wp\/v2\/types\/product"}],"replies":[{"embeddable":true,"href":"https:\/\/streetmarkets.fr\/app\/wp-json\/wp\/v2\/comments?post=661800"}],"wp:featuredmedia":[{"embeddable":true,"href":"https:\/\/streetmarkets.fr\/app\/wp-json\/wp\/v2\/media\/661801"}],"wp:attachment":[{"href":"https:\/\/streetmarkets.fr\/app\/wp-json\/wp\/v2\/media?parent=661800"}],"wp:term":[{"taxonomy":"product_brand","embeddable":true,"href":"https:\/\/streetmarkets.fr\/app\/wp-json\/wp\/v2\/product_brand?post=661800"},{"taxonomy":"product_cat","embeddable":true,"href":"https:\/\/streetmarkets.fr\/app\/wp-json\/wp\/v2\/product_cat?post=661800"},{"taxonomy":"product_tag","embeddable":true,"href":"https:\/\/streetmarkets.fr\/app\/wp-json\/wp\/v2\/product_tag?post=661800"}],"curies":[{"name":"wp","href":"https:\/\/api.w.org\/{rel}","templated":true}]}}