{"id":661795,"date":"2024-10-13T12:05:21","date_gmt":"2024-10-13T10:05:21","guid":{"rendered":"https:\/\/streetmarkets.fr\/app\/produit\/vietnam-war-vol-5\/"},"modified":"2026-05-10T03:50:22","modified_gmt":"2026-05-10T01:50:22","slug":"vietnam-war-vol-5","status":"publish","type":"product","link":"https:\/\/streetmarkets.fr\/app\/produit\/vietnam-war-vol-5\/","title":{"rendered":"Vietnam War vol.5"},"content":{"rendered":"<p>La s\u00e9rie sur les souvenirs et les images de la guerre du Vi\u00eat Nam, qui en est \u00e0 son cinqui\u00e8me volume, vient s&#8217;ajouter \u00e0 la documentation d\u00e9j\u00e0 abondante sur le bourbier militaire am\u00e9ricain en Asie du Sud-Est, qui a dur\u00e9 pr\u00e8s de deux d\u00e9cennies. L&#8217;ouvrage pr\u00e9sente des uniformes, des treillis, des accessoires divers et des \u00e9quipements essentiels, ainsi que des aper\u00e7us d\u00e9taill\u00e9s des insignes de combat, tant \u00e0 l&#8217;\u00e9poque qu&#8217;aujourd&#8217;hui. Des sujets particuliers sont abord\u00e9s, comme le pont Long Bi\u00ean \u00e0 Hano\u00ef, les mines et les pi\u00e8ges du Vi\u00eat-cong, les cam\u00e9ras utilis\u00e9es par les journalistes et les photographes de guerre, les tactiques de bombardement de l&#8217;US Air Force, les op\u00e9rations de l&#8217;US Navy dans le delta du M\u00e9kong, ainsi que plusieurs pages sur les femmes qui ont servi, notamment en tant que membres de la Croix-Rouge am\u00e9ricaine.<\/p>\n<p><span data-mce-fragment=\"1\">286 p, 18 x 26 cm<\/span><\/p>\n<p><span data-mce-fragment=\"1\"> Japanese<\/span><\/p>\n<p><span data-mce-fragment=\"1\">9784846532666<\/span><\/p>\n","protected":false},"excerpt":{"rendered":"<p>La s\u00e9rie sur les souvenirs et les images de la guerre du Vi\u00eat Nam, qui en est \u00e0 son cinqui\u00e8me volume, vient s&#8217;ajouter \u00e0 la documentation d\u00e9j\u00e0 abondante sur le bourbier militaire am\u00e9ricain en Asie du Sud-Est, qui a dur\u00e9 pr\u00e8s de deux d\u00e9cennies. L&#8217;ouvrage pr\u00e9sente des uniformes, des treillis, des accessoires divers et des [&hellip;]<\/p>\n","protected":false},"featured_media":661796,"comment_status":"open","ping_status":"closed","template":"","meta":[],"product_brand":[],"product_cat":[1756,1760],"product_tag":[2244],"acf":[],"_links":{"self":[{"href":"https:\/\/streetmarkets.fr\/app\/wp-json\/wp\/v2\/product\/661795"}],"collection":[{"href":"https:\/\/streetmarkets.fr\/app\/wp-json\/wp\/v2\/product"}],"about":[{"href":"https:\/\/streetmarkets.fr\/app\/wp-json\/wp\/v2\/types\/product"}],"replies":[{"embeddable":true,"href":"https:\/\/streetmarkets.fr\/app\/wp-json\/wp\/v2\/comments?post=661795"}],"wp:featuredmedia":[{"embeddable":true,"href":"https:\/\/streetmarkets.fr\/app\/wp-json\/wp\/v2\/media\/661796"}],"wp:attachment":[{"href":"https:\/\/streetmarkets.fr\/app\/wp-json\/wp\/v2\/media?parent=661795"}],"wp:term":[{"taxonomy":"product_brand","embeddable":true,"href":"https:\/\/streetmarkets.fr\/app\/wp-json\/wp\/v2\/product_brand?post=661795"},{"taxonomy":"product_cat","embeddable":true,"href":"https:\/\/streetmarkets.fr\/app\/wp-json\/wp\/v2\/product_cat?post=661795"},{"taxonomy":"product_tag","embeddable":true,"href":"https:\/\/streetmarkets.fr\/app\/wp-json\/wp\/v2\/product_tag?post=661795"}],"curies":[{"name":"wp","href":"https:\/\/api.w.org\/{rel}","templated":true}]}}