{"id":661696,"date":"2024-10-13T12:05:02","date_gmt":"2024-10-13T10:05:02","guid":{"rendered":"https:\/\/streetmarkets.fr\/app\/produit\/all-over-colour-manketti\/"},"modified":"2026-05-10T03:50:22","modified_gmt":"2026-05-10T01:50:22","slug":"all-over-colour-manketti","status":"publish","type":"product","link":"https:\/\/streetmarkets.fr\/app\/produit\/all-over-colour-manketti\/","title":{"rendered":"All over colour Manketti"},"content":{"rendered":"<p>Une teinte caf\u00e9 au lait cr\u00e9meuse qui peut \u00eatre utilis\u00e9e comme poudre bronzante et qui vous permet de personnaliser votre maquillage.<\/p>\n<p class=\"p1\">Les All Over Colour de Manasi7\u00a0sont des produits polyvalents, prim\u00e9s, bio, naturels et issus de la cueillette sauvage.<\/p>\n<p class=\"p1\">Ils peuvent se porter en rouge a l\u00e8vre, en blush ainsi qu&#8217;en fard \u00e0 paupi\u00e8res, d&#8217;une nuance subtile \u00e0 un look affirm\u00e9, ou superpos\u00e9 \u00e0 nos autres couleurs pour cr\u00e9er de nouvelles nuances \u00e9poustouflantes.<\/p>\n<p>Poids\u00a0:\u00a05g<\/p>\n<p>Fabriqu\u00e9 en\u00a0Italie \u00a0<\/p>\n<p>MANASI7AOC012<\/p>\n<div><\/div>\n<div><\/div>\n","protected":false},"excerpt":{"rendered":"<p>Une teinte caf\u00e9 au lait cr\u00e9meuse qui peut \u00eatre utilis\u00e9e comme poudre bronzante et qui vous permet de personnaliser votre maquillage. Les All Over Colour de Manasi7\u00a0sont des produits polyvalents, prim\u00e9s, bio, naturels et issus de la cueillette sauvage. Ils peuvent se porter en rouge a l\u00e8vre, en blush ainsi qu&#8217;en fard \u00e0 paupi\u00e8res, d&#8217;une [&hellip;]<\/p>\n","protected":false},"featured_media":661697,"comment_status":"open","ping_status":"closed","template":"","meta":[],"product_brand":[],"product_cat":[1756,1760],"product_tag":[2244],"acf":[],"_links":{"self":[{"href":"https:\/\/streetmarkets.fr\/app\/wp-json\/wp\/v2\/product\/661696"}],"collection":[{"href":"https:\/\/streetmarkets.fr\/app\/wp-json\/wp\/v2\/product"}],"about":[{"href":"https:\/\/streetmarkets.fr\/app\/wp-json\/wp\/v2\/types\/product"}],"replies":[{"embeddable":true,"href":"https:\/\/streetmarkets.fr\/app\/wp-json\/wp\/v2\/comments?post=661696"}],"wp:featuredmedia":[{"embeddable":true,"href":"https:\/\/streetmarkets.fr\/app\/wp-json\/wp\/v2\/media\/661697"}],"wp:attachment":[{"href":"https:\/\/streetmarkets.fr\/app\/wp-json\/wp\/v2\/media?parent=661696"}],"wp:term":[{"taxonomy":"product_brand","embeddable":true,"href":"https:\/\/streetmarkets.fr\/app\/wp-json\/wp\/v2\/product_brand?post=661696"},{"taxonomy":"product_cat","embeddable":true,"href":"https:\/\/streetmarkets.fr\/app\/wp-json\/wp\/v2\/product_cat?post=661696"},{"taxonomy":"product_tag","embeddable":true,"href":"https:\/\/streetmarkets.fr\/app\/wp-json\/wp\/v2\/product_tag?post=661696"}],"curies":[{"name":"wp","href":"https:\/\/api.w.org\/{rel}","templated":true}]}}