{"id":661646,"date":"2024-10-13T12:05:01","date_gmt":"2024-10-13T10:05:01","guid":{"rendered":"https:\/\/streetmarkets.fr\/app\/produit\/renzo\/"},"modified":"2026-05-16T03:49:48","modified_gmt":"2026-05-16T01:49:48","slug":"renzo","status":"publish","type":"product","link":"https:\/\/streetmarkets.fr\/app\/produit\/renzo\/","title":{"rendered":"Renzo"},"content":{"rendered":"<p>Forme papillon<\/p>\n<p>\u00a0&#8211; Ac\u00e9tate Mazzucchelli italien fabriqu\u00e9 \u00e0 la main<\/p>\n<p>&#8211;\u00a0Verres Dalloz\u00a0anti-reflets et anti-rayures,<\/p>\n<p>&#8211; Protection \u00e0 100 % contre les UVA\/UVB.<br data-mce-fragment=\"1\"><br data-mce-fragment=\"1\">&#8211; Charni\u00e8res \u00e0\u00a0aimants brevet\u00e9es<\/p>\n<p>&#8211; Cordon inclus<br data-mce-fragment=\"1\"><br data-mce-fragment=\"1\">Verres 46 mm<br data-mce-fragment=\"1\">Pont 19 mm<br data-mce-fragment=\"1\">Largeur 138 mm<br data-mce-fragment=\"1\">Longueur des branches 140 mm<\/p>\n<p>Fabriqu\u00e9es en France<\/p>\n<p>REN-SUN-C40<\/p>\n","protected":false},"excerpt":{"rendered":"<p>Forme papillon \u00a0&#8211; Ac\u00e9tate Mazzucchelli italien fabriqu\u00e9 \u00e0 la main &#8211;\u00a0Verres Dalloz\u00a0anti-reflets et anti-rayures, &#8211; Protection \u00e0 100 % contre les UVA\/UVB.&#8211; Charni\u00e8res \u00e0\u00a0aimants brevet\u00e9es &#8211; Cordon inclusVerres 46 mmPont 19 mmLargeur 138 mmLongueur des branches 140 mm Fabriqu\u00e9es en France REN-SUN-C40<\/p>\n","protected":false},"featured_media":661647,"comment_status":"open","ping_status":"closed","template":"","meta":[],"product_brand":[],"product_cat":[1756,1760],"product_tag":[2244],"acf":[],"_links":{"self":[{"href":"https:\/\/streetmarkets.fr\/app\/wp-json\/wp\/v2\/product\/661646"}],"collection":[{"href":"https:\/\/streetmarkets.fr\/app\/wp-json\/wp\/v2\/product"}],"about":[{"href":"https:\/\/streetmarkets.fr\/app\/wp-json\/wp\/v2\/types\/product"}],"replies":[{"embeddable":true,"href":"https:\/\/streetmarkets.fr\/app\/wp-json\/wp\/v2\/comments?post=661646"}],"wp:featuredmedia":[{"embeddable":true,"href":"https:\/\/streetmarkets.fr\/app\/wp-json\/wp\/v2\/media\/661647"}],"wp:attachment":[{"href":"https:\/\/streetmarkets.fr\/app\/wp-json\/wp\/v2\/media?parent=661646"}],"wp:term":[{"taxonomy":"product_brand","embeddable":true,"href":"https:\/\/streetmarkets.fr\/app\/wp-json\/wp\/v2\/product_brand?post=661646"},{"taxonomy":"product_cat","embeddable":true,"href":"https:\/\/streetmarkets.fr\/app\/wp-json\/wp\/v2\/product_cat?post=661646"},{"taxonomy":"product_tag","embeddable":true,"href":"https:\/\/streetmarkets.fr\/app\/wp-json\/wp\/v2\/product_tag?post=661646"}],"curies":[{"name":"wp","href":"https:\/\/api.w.org\/{rel}","templated":true}]}}