{"id":660531,"date":"2024-10-13T12:02:51","date_gmt":"2024-10-13T10:02:51","guid":{"rendered":"https:\/\/streetmarkets.fr\/app\/produit\/sandales\/"},"modified":"2026-04-12T03:50:03","modified_gmt":"2026-04-12T01:50:03","slug":"sandales","status":"publish","type":"product","link":"https:\/\/streetmarkets.fr\/app\/produit\/sandales\/","title":{"rendered":"Sandales"},"content":{"rendered":"<p>Effet d\u00e9color\u00e9<\/p>\n<p>Hauteur de la plateforme : 5 cm<\/p>\n<p>Fabriqu\u00e9 en Italie\u00a0<\/p>\n<p>FN-WN-SHOE000605<\/p>\n","protected":false},"excerpt":{"rendered":"<p>Effet d\u00e9color\u00e9 Hauteur de la plateforme : 5 cm Fabriqu\u00e9 en Italie\u00a0 FN-WN-SHOE000605<\/p>\n","protected":false},"featured_media":660532,"comment_status":"open","ping_status":"closed","template":"","meta":[],"product_brand":[],"product_cat":[1756,1763],"product_tag":[2244],"acf":[],"_links":{"self":[{"href":"https:\/\/streetmarkets.fr\/app\/wp-json\/wp\/v2\/product\/660531"}],"collection":[{"href":"https:\/\/streetmarkets.fr\/app\/wp-json\/wp\/v2\/product"}],"about":[{"href":"https:\/\/streetmarkets.fr\/app\/wp-json\/wp\/v2\/types\/product"}],"replies":[{"embeddable":true,"href":"https:\/\/streetmarkets.fr\/app\/wp-json\/wp\/v2\/comments?post=660531"}],"wp:featuredmedia":[{"embeddable":true,"href":"https:\/\/streetmarkets.fr\/app\/wp-json\/wp\/v2\/media\/660532"}],"wp:attachment":[{"href":"https:\/\/streetmarkets.fr\/app\/wp-json\/wp\/v2\/media?parent=660531"}],"wp:term":[{"taxonomy":"product_brand","embeddable":true,"href":"https:\/\/streetmarkets.fr\/app\/wp-json\/wp\/v2\/product_brand?post=660531"},{"taxonomy":"product_cat","embeddable":true,"href":"https:\/\/streetmarkets.fr\/app\/wp-json\/wp\/v2\/product_cat?post=660531"},{"taxonomy":"product_tag","embeddable":true,"href":"https:\/\/streetmarkets.fr\/app\/wp-json\/wp\/v2\/product_tag?post=660531"}],"curies":[{"name":"wp","href":"https:\/\/api.w.org\/{rel}","templated":true}]}}