{"id":660125,"date":"2024-10-13T12:02:21","date_gmt":"2024-10-13T10:02:21","guid":{"rendered":"https:\/\/streetmarkets.fr\/app\/produit\/copper\/"},"modified":"2026-05-06T03:49:49","modified_gmt":"2026-05-06T01:49:49","slug":"copper","status":"publish","type":"product","link":"https:\/\/streetmarkets.fr\/app\/produit\/copper\/","title":{"rendered":"Copper"},"content":{"rendered":"<p>Du m\u00e9tal rouge flamboyant, froid au toucher. Des baies lumineuses au sommet de feuilles noircies. COPPER est une interrogation olfactive sur les diff\u00e9rences per\u00e7ues et leur alignement harmonieux.<br data-mce-fragment=\"1\"><br data-mce-fragment=\"1\">Un m\u00e9lange de composants olfactifs distincts : des roses vifs positionn\u00e9s contre des verts profonds. Les contrastes vifs r\u00e9v\u00e8lent une nouvelle clart\u00e9. Des ingr\u00e9dients trouv\u00e9s dans le monde entier trouvent leur unit\u00e9 dans un seul parfum.<\/p>\n<p><span>Galbanum, poivre rose, gingembre, et groseille rouge, f<\/span><span>euilles de tabac, feuilles de violette et ambre m\u00e9tallique, m<\/span><span>yrrh et vanille<\/span><\/p>\n<p><span>Fabriqu\u00e9 en Espagne<\/span><\/p>\n<p><span>65133821<\/span><\/p>\n","protected":false},"excerpt":{"rendered":"<p>Du m\u00e9tal rouge flamboyant, froid au toucher. Des baies lumineuses au sommet de feuilles noircies. COPPER est une interrogation olfactive sur les diff\u00e9rences per\u00e7ues et leur alignement harmonieux.Un m\u00e9lange de composants olfactifs distincts : des roses vifs positionn\u00e9s contre des verts profonds. Les contrastes vifs r\u00e9v\u00e8lent une nouvelle clart\u00e9. Des ingr\u00e9dients trouv\u00e9s dans le monde [&hellip;]<\/p>\n","protected":false},"featured_media":660126,"comment_status":"open","ping_status":"closed","template":"","meta":[],"product_brand":[],"product_cat":[1756,1760],"product_tag":[2244],"acf":[],"_links":{"self":[{"href":"https:\/\/streetmarkets.fr\/app\/wp-json\/wp\/v2\/product\/660125"}],"collection":[{"href":"https:\/\/streetmarkets.fr\/app\/wp-json\/wp\/v2\/product"}],"about":[{"href":"https:\/\/streetmarkets.fr\/app\/wp-json\/wp\/v2\/types\/product"}],"replies":[{"embeddable":true,"href":"https:\/\/streetmarkets.fr\/app\/wp-json\/wp\/v2\/comments?post=660125"}],"wp:featuredmedia":[{"embeddable":true,"href":"https:\/\/streetmarkets.fr\/app\/wp-json\/wp\/v2\/media\/660126"}],"wp:attachment":[{"href":"https:\/\/streetmarkets.fr\/app\/wp-json\/wp\/v2\/media?parent=660125"}],"wp:term":[{"taxonomy":"product_brand","embeddable":true,"href":"https:\/\/streetmarkets.fr\/app\/wp-json\/wp\/v2\/product_brand?post=660125"},{"taxonomy":"product_cat","embeddable":true,"href":"https:\/\/streetmarkets.fr\/app\/wp-json\/wp\/v2\/product_cat?post=660125"},{"taxonomy":"product_tag","embeddable":true,"href":"https:\/\/streetmarkets.fr\/app\/wp-json\/wp\/v2\/product_tag?post=660125"}],"curies":[{"name":"wp","href":"https:\/\/api.w.org\/{rel}","templated":true}]}}