{"id":658714,"date":"2024-10-13T12:00:29","date_gmt":"2024-10-13T10:00:29","guid":{"rendered":"https:\/\/streetmarkets.fr\/app\/produit\/thumbsucker\/"},"modified":"2026-05-03T03:49:49","modified_gmt":"2026-05-03T01:49:49","slug":"thumbsucker","status":"publish","type":"product","link":"https:\/\/streetmarkets.fr\/app\/produit\/thumbsucker\/","title":{"rendered":"Thumbsucker"},"content":{"rendered":"<p>Un ancien roi nomm\u00e9 Yuvanaswa avait de grandes richesses, une bonne fortune et de nombreuses \u00e9pouses. Mais il n&#8217;avait pas d&#8217;enfants, ce qu&#8217;il d\u00e9sirait plus que tout. Le saint sage Bhrigu accepta donc de l&#8217;aider \u00e0 pr\u00e9parer une potion magique pour le roi, et Yuvanaswa, qui \u00e9tait un homme tr\u00e8s pieux, organisa un grand rituel pour plaire aux dieux. Le rituel dura plusieurs jours et, \u00e0 la fin, Yuvanaswa \u00e9tait \u00e9puis\u00e9 et tr\u00e8s assoiff\u00e9. En titubant, il tomba sur une belle cruche d&#8217;eau et la but enti\u00e8rement. RETOURNEMENT DE SITUATION. La cruche \u00e9tait la potion magique pr\u00e9par\u00e9e par les grands sages et destin\u00e9e \u00e0 la reine.<\/p>\n<p>Alors, \u00e9videmment, le roi lui-m\u00eame est tomb\u00e9 enceinte. Heureusement pour Yuvanaswa, il \u00e9tait tenu en haute estime par les puissances sacr\u00e9es. Lorsque sa grossesse arriva \u00e0 terme, les sept grands sages et m\u00eame le roi des dieux, Indra, se joignirent \u00e0 lui et firent un trou dans la cuisse du roi pour mettre au monde le petit gar\u00e7on. Mais un nouveau probl\u00e8me est apparu : le roi ne pouvait pas allaiter son enfant. Indra lui a coup\u00e9 le pouce et, comme il \u00e9tait un dieu, ses veines \u00e9taient remplies de nectar vivifiant au lieu de sang. Il laissa donc l&#8217;enfant sucer son pouce et proclama &#8220;Mandhata&#8221;, et ce fut le nom du nouveau roi, qui allait conqu\u00e9rir toute la terre.<\/p>\n<p>C&#8217;est pourquoi les b\u00e9b\u00e9s, qui naissent avec la m\u00e9moire de leurs anc\u00eatres divins, sucent toujours leur pouce.<\/p>\n<p>Contenance : 30ml<\/p>\n<p><span data-mce-fragment=\"1\">Fabriqu\u00e9\u00a0en Su\u00e8de\u00a0<\/span><\/p>\n<p>73151883<\/p>\n","protected":false},"excerpt":{"rendered":"<p>Un ancien roi nomm\u00e9 Yuvanaswa avait de grandes richesses, une bonne fortune et de nombreuses \u00e9pouses. Mais il n&#8217;avait pas d&#8217;enfants, ce qu&#8217;il d\u00e9sirait plus que tout. Le saint sage Bhrigu accepta donc de l&#8217;aider \u00e0 pr\u00e9parer une potion magique pour le roi, et Yuvanaswa, qui \u00e9tait un homme tr\u00e8s pieux, organisa un grand rituel [&hellip;]<\/p>\n","protected":false},"featured_media":658716,"comment_status":"open","ping_status":"closed","template":"","meta":[],"product_brand":[],"product_cat":[1756,1760],"product_tag":[2244],"acf":[],"_links":{"self":[{"href":"https:\/\/streetmarkets.fr\/app\/wp-json\/wp\/v2\/product\/658714"}],"collection":[{"href":"https:\/\/streetmarkets.fr\/app\/wp-json\/wp\/v2\/product"}],"about":[{"href":"https:\/\/streetmarkets.fr\/app\/wp-json\/wp\/v2\/types\/product"}],"replies":[{"embeddable":true,"href":"https:\/\/streetmarkets.fr\/app\/wp-json\/wp\/v2\/comments?post=658714"}],"wp:featuredmedia":[{"embeddable":true,"href":"https:\/\/streetmarkets.fr\/app\/wp-json\/wp\/v2\/media\/658716"}],"wp:attachment":[{"href":"https:\/\/streetmarkets.fr\/app\/wp-json\/wp\/v2\/media?parent=658714"}],"wp:term":[{"taxonomy":"product_brand","embeddable":true,"href":"https:\/\/streetmarkets.fr\/app\/wp-json\/wp\/v2\/product_brand?post=658714"},{"taxonomy":"product_cat","embeddable":true,"href":"https:\/\/streetmarkets.fr\/app\/wp-json\/wp\/v2\/product_cat?post=658714"},{"taxonomy":"product_tag","embeddable":true,"href":"https:\/\/streetmarkets.fr\/app\/wp-json\/wp\/v2\/product_tag?post=658714"}],"curies":[{"name":"wp","href":"https:\/\/api.w.org\/{rel}","templated":true}]}}