{"id":658524,"date":"2024-10-13T11:59:56","date_gmt":"2024-10-13T09:59:56","guid":{"rendered":"https:\/\/streetmarkets.fr\/app\/produit\/shampoo-bar-00-31\/"},"modified":"2026-05-10T03:50:11","modified_gmt":"2026-05-10T01:50:11","slug":"shampoo-bar-00-31","status":"publish","type":"product","link":"https:\/\/streetmarkets.fr\/app\/produit\/shampoo-bar-00-31\/","title":{"rendered":"Shampoo Bar 00.31"},"content":{"rendered":"<p><u><strong>Propri\u00e9t\u00e9s<\/strong><\/u>:<\/p>\n<ul>\n<li>\n<p>Apporte brillance et volume.<\/p>\n<\/li>\n<li>\n<p>Renforce la racine et favorise un cuir chevelu sain et nourri.<\/p>\n<\/li>\n<li>\n<p>Stimule la croissance et r\u00e9duit la chute des cheveux.<\/p>\n<\/li>\n<\/ul>\n<p><strong><u>Ingr\u00e9dients actifs<\/u><\/strong>: huile de romarin, huile de riz et huile de moringa<\/p>\n<p><strong><u>Parfum<\/u><\/strong>: romarin et citron.<\/p>\n<p>Convient \u00e0\u00a0tous types de cheveux.<\/p>\n<p>Poids : 70g<\/p>\n<p>Fabriqu\u00e9 en Espagne\u00a0<\/p>\n<p><span>BarShaM0021<\/span><\/p>\n","protected":false},"excerpt":{"rendered":"<p>Propri\u00e9t\u00e9s: Apporte brillance et volume. Renforce la racine et favorise un cuir chevelu sain et nourri. Stimule la croissance et r\u00e9duit la chute des cheveux. Ingr\u00e9dients actifs: huile de romarin, huile de riz et huile de moringa Parfum: romarin et citron. Convient \u00e0\u00a0tous types de cheveux. Poids : 70g Fabriqu\u00e9 en Espagne\u00a0 BarShaM0021<\/p>\n","protected":false},"featured_media":658525,"comment_status":"open","ping_status":"closed","template":"","meta":[],"product_brand":[],"product_cat":[1756,1764,1760],"product_tag":[2244],"acf":[],"_links":{"self":[{"href":"https:\/\/streetmarkets.fr\/app\/wp-json\/wp\/v2\/product\/658524"}],"collection":[{"href":"https:\/\/streetmarkets.fr\/app\/wp-json\/wp\/v2\/product"}],"about":[{"href":"https:\/\/streetmarkets.fr\/app\/wp-json\/wp\/v2\/types\/product"}],"replies":[{"embeddable":true,"href":"https:\/\/streetmarkets.fr\/app\/wp-json\/wp\/v2\/comments?post=658524"}],"wp:featuredmedia":[{"embeddable":true,"href":"https:\/\/streetmarkets.fr\/app\/wp-json\/wp\/v2\/media\/658525"}],"wp:attachment":[{"href":"https:\/\/streetmarkets.fr\/app\/wp-json\/wp\/v2\/media?parent=658524"}],"wp:term":[{"taxonomy":"product_brand","embeddable":true,"href":"https:\/\/streetmarkets.fr\/app\/wp-json\/wp\/v2\/product_brand?post=658524"},{"taxonomy":"product_cat","embeddable":true,"href":"https:\/\/streetmarkets.fr\/app\/wp-json\/wp\/v2\/product_cat?post=658524"},{"taxonomy":"product_tag","embeddable":true,"href":"https:\/\/streetmarkets.fr\/app\/wp-json\/wp\/v2\/product_tag?post=658524"}],"curies":[{"name":"wp","href":"https:\/\/api.w.org\/{rel}","templated":true}]}}