{"id":658514,"date":"2024-10-13T11:59:56","date_gmt":"2024-10-13T09:59:56","guid":{"rendered":"https:\/\/streetmarkets.fr\/app\/produit\/all-over-colour-sisserou\/"},"modified":"2026-05-10T03:50:11","modified_gmt":"2026-05-10T01:50:11","slug":"all-over-colour-sisserou","status":"publish","type":"product","link":"https:\/\/streetmarkets.fr\/app\/produit\/all-over-colour-sisserou\/","title":{"rendered":"All over colour Sisserou"},"content":{"rendered":"<p>Lorsque le nude classique ne suffit pas et que le rouge classique est trop fort, la teinte mauve unique fait l&#8217;affaire.<\/p>\n<p class=\"p1\">Les All Over Colour de Manasi7\u00a0sont des produits polyvalents, prim\u00e9s, bio, naturels et issus de la cueillette sauvage.<\/p>\n<p class=\"p1\">Ils peuvent se porter en rouge a l\u00e8vre, en blush ainsi qu&#8217;en fard \u00e0 paupi\u00e8res, d&#8217;une nuance subtile \u00e0 un look affirm\u00e9, ou superpos\u00e9 \u00e0 nos autres couleurs pour cr\u00e9er de nouvelles nuances \u00e9poustouflantes.<\/p>\n<p>Poids\u00a0:\u00a05g<\/p>\n<p>Fabriqu\u00e9 en\u00a0Italie \u00a0<\/p>\n<p>MANASI7AOC015<\/p>\n<div><\/div>\n<div><\/div>\n","protected":false},"excerpt":{"rendered":"<p>Lorsque le nude classique ne suffit pas et que le rouge classique est trop fort, la teinte mauve unique fait l&#8217;affaire. Les All Over Colour de Manasi7\u00a0sont des produits polyvalents, prim\u00e9s, bio, naturels et issus de la cueillette sauvage. Ils peuvent se porter en rouge a l\u00e8vre, en blush ainsi qu&#8217;en fard \u00e0 paupi\u00e8res, d&#8217;une [&hellip;]<\/p>\n","protected":false},"featured_media":658515,"comment_status":"open","ping_status":"closed","template":"","meta":[],"product_brand":[],"product_cat":[1756,1764,1760],"product_tag":[2244],"acf":[],"_links":{"self":[{"href":"https:\/\/streetmarkets.fr\/app\/wp-json\/wp\/v2\/product\/658514"}],"collection":[{"href":"https:\/\/streetmarkets.fr\/app\/wp-json\/wp\/v2\/product"}],"about":[{"href":"https:\/\/streetmarkets.fr\/app\/wp-json\/wp\/v2\/types\/product"}],"replies":[{"embeddable":true,"href":"https:\/\/streetmarkets.fr\/app\/wp-json\/wp\/v2\/comments?post=658514"}],"wp:featuredmedia":[{"embeddable":true,"href":"https:\/\/streetmarkets.fr\/app\/wp-json\/wp\/v2\/media\/658515"}],"wp:attachment":[{"href":"https:\/\/streetmarkets.fr\/app\/wp-json\/wp\/v2\/media?parent=658514"}],"wp:term":[{"taxonomy":"product_brand","embeddable":true,"href":"https:\/\/streetmarkets.fr\/app\/wp-json\/wp\/v2\/product_brand?post=658514"},{"taxonomy":"product_cat","embeddable":true,"href":"https:\/\/streetmarkets.fr\/app\/wp-json\/wp\/v2\/product_cat?post=658514"},{"taxonomy":"product_tag","embeddable":true,"href":"https:\/\/streetmarkets.fr\/app\/wp-json\/wp\/v2\/product_tag?post=658514"}],"curies":[{"name":"wp","href":"https:\/\/api.w.org\/{rel}","templated":true}]}}