{"id":657798,"date":"2024-10-13T11:59:07","date_gmt":"2024-10-13T09:59:07","guid":{"rendered":"https:\/\/streetmarkets.fr\/app\/produit\/coffe-drip-black\/"},"modified":"2026-05-06T03:49:37","modified_gmt":"2026-05-06T01:49:37","slug":"coffe-drip-black","status":"publish","type":"product","link":"https:\/\/streetmarkets.fr\/app\/produit\/coffe-drip-black\/","title":{"rendered":"Coffe Drip Black"},"content":{"rendered":"<p>Fabriqu\u00e9 \u00e0 la main en Suede<\/p>\n<p>Chaque pi\u00e8ce est unique et peut l\u00e9g\u00e8rement varier, de\u00a0forme ou de\u00a0couleur.<\/p>\n<p>100% C\u00e9ramique\u00a0<\/p>\n<p>AB-18<\/p>\n","protected":false},"excerpt":{"rendered":"<p>Fabriqu\u00e9 \u00e0 la main en Suede Chaque pi\u00e8ce est unique et peut l\u00e9g\u00e8rement varier, de\u00a0forme ou de\u00a0couleur. 100% C\u00e9ramique\u00a0 AB-18<\/p>\n","protected":false},"featured_media":657799,"comment_status":"open","ping_status":"closed","template":"","meta":[],"product_brand":[],"product_cat":[1756,1760],"product_tag":[2244],"acf":[],"_links":{"self":[{"href":"https:\/\/streetmarkets.fr\/app\/wp-json\/wp\/v2\/product\/657798"}],"collection":[{"href":"https:\/\/streetmarkets.fr\/app\/wp-json\/wp\/v2\/product"}],"about":[{"href":"https:\/\/streetmarkets.fr\/app\/wp-json\/wp\/v2\/types\/product"}],"replies":[{"embeddable":true,"href":"https:\/\/streetmarkets.fr\/app\/wp-json\/wp\/v2\/comments?post=657798"}],"wp:featuredmedia":[{"embeddable":true,"href":"https:\/\/streetmarkets.fr\/app\/wp-json\/wp\/v2\/media\/657799"}],"wp:attachment":[{"href":"https:\/\/streetmarkets.fr\/app\/wp-json\/wp\/v2\/media?parent=657798"}],"wp:term":[{"taxonomy":"product_brand","embeddable":true,"href":"https:\/\/streetmarkets.fr\/app\/wp-json\/wp\/v2\/product_brand?post=657798"},{"taxonomy":"product_cat","embeddable":true,"href":"https:\/\/streetmarkets.fr\/app\/wp-json\/wp\/v2\/product_cat?post=657798"},{"taxonomy":"product_tag","embeddable":true,"href":"https:\/\/streetmarkets.fr\/app\/wp-json\/wp\/v2\/product_tag?post=657798"}],"curies":[{"name":"wp","href":"https:\/\/api.w.org\/{rel}","templated":true}]}}