{"id":657788,"date":"2024-10-13T11:59:06","date_gmt":"2024-10-13T09:59:06","guid":{"rendered":"https:\/\/streetmarkets.fr\/app\/produit\/large-breakfast-kit-stracciatella\/"},"modified":"2026-05-10T03:50:09","modified_gmt":"2026-05-10T01:50:09","slug":"large-breakfast-kit-stracciatella","status":"publish","type":"product","link":"https:\/\/streetmarkets.fr\/app\/produit\/large-breakfast-kit-stracciatella\/","title":{"rendered":"Large Breakfast Kit Stracciatella"},"content":{"rendered":"<p>Fabriqu\u00e9 \u00e0 la main en Suede<\/p>\n<p>Chaque pi\u00e8ce est unique et peut l\u00e9g\u00e8rement varier, de\u00a0forme ou de\u00a0couleur.<\/p>\n<p>Le kit contient :\u00a0<\/p>\n<p>&#8211; 1 Breakfast\u00a0Carafe Stracciatella<\/p>\n<p>&#8211; 2 Breakfast Bowl <span data-mce-fragment=\"1\">Stracciatella<\/span><\/p>\n<p>&#8211; 2 Breakfast Mug <span data-mce-fragment=\"1\">Stracciatella<\/span><\/p>\n<p><span data-mce-fragment=\"1\">&#8211; 2 Breakfast Plate\u00a0Stracciatella<\/span><\/p>\n<p>&#8211; 1 Breakfast Coffee Drip <span data-mce-fragment=\"1\">Stracciatella<\/span><\/p>\n<p>100% C\u00e9ramique\u00a0<\/p>\n<p>1x AB-1, \u00a02x AB-3, 2x AB-8, 2x AB-22 &amp; 1x AB-31<\/p>\n","protected":false},"excerpt":{"rendered":"<p>Fabriqu\u00e9 \u00e0 la main en Suede Chaque pi\u00e8ce est unique et peut l\u00e9g\u00e8rement varier, de\u00a0forme ou de\u00a0couleur. Le kit contient :\u00a0 &#8211; 1 Breakfast\u00a0Carafe Stracciatella &#8211; 2 Breakfast Bowl Stracciatella &#8211; 2 Breakfast Mug Stracciatella &#8211; 2 Breakfast Plate\u00a0Stracciatella &#8211; 1 Breakfast Coffee Drip Stracciatella 100% C\u00e9ramique\u00a0 1x AB-1, \u00a02x AB-3, 2x AB-8, 2x AB-22 [&hellip;]<\/p>\n","protected":false},"featured_media":657789,"comment_status":"open","ping_status":"closed","template":"","meta":[],"product_brand":[],"product_cat":[1756,1760],"product_tag":[2244],"acf":[],"_links":{"self":[{"href":"https:\/\/streetmarkets.fr\/app\/wp-json\/wp\/v2\/product\/657788"}],"collection":[{"href":"https:\/\/streetmarkets.fr\/app\/wp-json\/wp\/v2\/product"}],"about":[{"href":"https:\/\/streetmarkets.fr\/app\/wp-json\/wp\/v2\/types\/product"}],"replies":[{"embeddable":true,"href":"https:\/\/streetmarkets.fr\/app\/wp-json\/wp\/v2\/comments?post=657788"}],"wp:featuredmedia":[{"embeddable":true,"href":"https:\/\/streetmarkets.fr\/app\/wp-json\/wp\/v2\/media\/657789"}],"wp:attachment":[{"href":"https:\/\/streetmarkets.fr\/app\/wp-json\/wp\/v2\/media?parent=657788"}],"wp:term":[{"taxonomy":"product_brand","embeddable":true,"href":"https:\/\/streetmarkets.fr\/app\/wp-json\/wp\/v2\/product_brand?post=657788"},{"taxonomy":"product_cat","embeddable":true,"href":"https:\/\/streetmarkets.fr\/app\/wp-json\/wp\/v2\/product_cat?post=657788"},{"taxonomy":"product_tag","embeddable":true,"href":"https:\/\/streetmarkets.fr\/app\/wp-json\/wp\/v2\/product_tag?post=657788"}],"curies":[{"name":"wp","href":"https:\/\/api.w.org\/{rel}","templated":true}]}}