{"id":657781,"date":"2024-10-13T11:59:06","date_gmt":"2024-10-13T09:59:06","guid":{"rendered":"https:\/\/streetmarkets.fr\/app\/produit\/small-breakfast-kit-coral\/"},"modified":"2026-05-13T03:49:44","modified_gmt":"2026-05-13T01:49:44","slug":"small-breakfast-kit-coral","status":"publish","type":"product","link":"https:\/\/streetmarkets.fr\/app\/produit\/small-breakfast-kit-coral\/","title":{"rendered":"Small Breakfast Kit Coral"},"content":{"rendered":"<p>Fabriqu\u00e9 \u00e0 la main en Su\u00e8de<\/p>\n<p>Chaque pi\u00e8ce est unique et peut l\u00e9g\u00e8rement varier, de\u00a0forme ou de\u00a0couleur.<\/p>\n<p>Le kit contient :\u00a0<\/p>\n<p>&#8211; 1 Breakfast Plate Coral<\/p>\n<p>&#8211; 1 Breakfast Bowl Coral<\/p>\n<p>&#8211; 1 Breakfast Mug Coral<\/p>\n<p>&#8211; 1 Breakfast Coffee Drip Coral<\/p>\n<p>100% C\u00e9ramique\u00a0<\/p>\n<p>AB-10,\u00a0AB-25, AB-36 &amp; AB-39<\/p>\n","protected":false},"excerpt":{"rendered":"<p>Fabriqu\u00e9 \u00e0 la main en Su\u00e8de Chaque pi\u00e8ce est unique et peut l\u00e9g\u00e8rement varier, de\u00a0forme ou de\u00a0couleur. Le kit contient :\u00a0 &#8211; 1 Breakfast Plate Coral &#8211; 1 Breakfast Bowl Coral &#8211; 1 Breakfast Mug Coral &#8211; 1 Breakfast Coffee Drip Coral 100% C\u00e9ramique\u00a0 AB-10,\u00a0AB-25, AB-36 &amp; AB-39<\/p>\n","protected":false},"featured_media":657782,"comment_status":"open","ping_status":"closed","template":"","meta":[],"product_brand":[],"product_cat":[1756,1760],"product_tag":[2244],"acf":[],"_links":{"self":[{"href":"https:\/\/streetmarkets.fr\/app\/wp-json\/wp\/v2\/product\/657781"}],"collection":[{"href":"https:\/\/streetmarkets.fr\/app\/wp-json\/wp\/v2\/product"}],"about":[{"href":"https:\/\/streetmarkets.fr\/app\/wp-json\/wp\/v2\/types\/product"}],"replies":[{"embeddable":true,"href":"https:\/\/streetmarkets.fr\/app\/wp-json\/wp\/v2\/comments?post=657781"}],"wp:featuredmedia":[{"embeddable":true,"href":"https:\/\/streetmarkets.fr\/app\/wp-json\/wp\/v2\/media\/657782"}],"wp:attachment":[{"href":"https:\/\/streetmarkets.fr\/app\/wp-json\/wp\/v2\/media?parent=657781"}],"wp:term":[{"taxonomy":"product_brand","embeddable":true,"href":"https:\/\/streetmarkets.fr\/app\/wp-json\/wp\/v2\/product_brand?post=657781"},{"taxonomy":"product_cat","embeddable":true,"href":"https:\/\/streetmarkets.fr\/app\/wp-json\/wp\/v2\/product_cat?post=657781"},{"taxonomy":"product_tag","embeddable":true,"href":"https:\/\/streetmarkets.fr\/app\/wp-json\/wp\/v2\/product_tag?post=657781"}],"curies":[{"name":"wp","href":"https:\/\/api.w.org\/{rel}","templated":true}]}}