{"id":657695,"date":"2024-10-13T11:59:02","date_gmt":"2024-10-13T09:59:02","guid":{"rendered":"https:\/\/streetmarkets.fr\/app\/produit\/boucles-suzanne-prune-marbre-et-vert-deau\/"},"modified":"2026-05-06T00:55:50","modified_gmt":"2026-05-05T22:55:50","slug":"boucles-suzanne-prune-marbre-et-vert-deau","status":"publish","type":"product","link":"https:\/\/streetmarkets.fr\/app\/produit\/boucles-suzanne-prune-marbre-et-vert-deau\/","title":{"rendered":"Boucles Suzanne &#8211; prune marbr\u00e9 et vert d&#8217;eau"},"content":{"rendered":"<p>D\u00e9couvrez les boucles d&#8217;oreilles Suzanne de couleur prune marbr\u00e9 et vert d&#8217;eau, d\u00e9licates et \u00e9l\u00e9gantes, cr\u00e9\u00e9es pour se sentir f\u00e9minine dans toutes les occasions.<\/p>\n<p>Fabrication \u00e0 la main par Marie \u00e0 Paris.<\/p>\n<p>COMPOSITION<\/p>\n<ul>\n<li>Boucles en r\u00e9sine<\/li>\n<li>Tiges dor\u00e9es \u00e0 l&#8217;or fin<\/li>\n<\/ul>\n<p><span>LE CONSEIL D&#8217;ASTRID<\/span><\/p>\n<p><span data-mce-fragment=\"1\">Accessoirisez votre tenue avec un collier ou un bracelet assorti \u00e0 vos boucles d\u2019oreilles<\/span><\/p>\n<p>LA MARQUE<\/p>\n<p>&#8211; Des\u00a0accessoires\u00a0uniques et confectionn\u00e9es \u00e0 la main &#8211;<\/p>\n<p>Paule est une marque de mode et d&#8217;accessoires tendances et color\u00e9s fabriqu\u00e9s \u00e0 Paris et cr\u00e9\u00e9s \u00e0 la commande pour \u00e9viter tout surstock. Marie, la cr\u00e9atrice, confectionne un seul mod\u00e8le personnalisable tous les mois et utilise ses chutes de tissus pour cr\u00e9er de jolis accessoires durables.<\/p>\n","protected":false},"excerpt":{"rendered":"<p>D\u00e9couvrez les boucles d&#8217;oreilles Suzanne de couleur prune marbr\u00e9 et vert d&#8217;eau, d\u00e9licates et \u00e9l\u00e9gantes, cr\u00e9\u00e9es pour se sentir f\u00e9minine dans toutes les occasions. Fabrication \u00e0 la main par Marie \u00e0 Paris. COMPOSITION Boucles en r\u00e9sine Tiges dor\u00e9es \u00e0 l&#8217;or fin LE CONSEIL D&#8217;ASTRID Accessoirisez votre tenue avec un collier ou un bracelet assorti \u00e0 [&hellip;]<\/p>\n","protected":false},"featured_media":657696,"comment_status":"open","ping_status":"closed","template":"","meta":[],"product_brand":[],"product_cat":[1807,1756],"product_tag":[1813],"acf":[],"_links":{"self":[{"href":"https:\/\/streetmarkets.fr\/app\/wp-json\/wp\/v2\/product\/657695"}],"collection":[{"href":"https:\/\/streetmarkets.fr\/app\/wp-json\/wp\/v2\/product"}],"about":[{"href":"https:\/\/streetmarkets.fr\/app\/wp-json\/wp\/v2\/types\/product"}],"replies":[{"embeddable":true,"href":"https:\/\/streetmarkets.fr\/app\/wp-json\/wp\/v2\/comments?post=657695"}],"wp:featuredmedia":[{"embeddable":true,"href":"https:\/\/streetmarkets.fr\/app\/wp-json\/wp\/v2\/media\/657696"}],"wp:attachment":[{"href":"https:\/\/streetmarkets.fr\/app\/wp-json\/wp\/v2\/media?parent=657695"}],"wp:term":[{"taxonomy":"product_brand","embeddable":true,"href":"https:\/\/streetmarkets.fr\/app\/wp-json\/wp\/v2\/product_brand?post=657695"},{"taxonomy":"product_cat","embeddable":true,"href":"https:\/\/streetmarkets.fr\/app\/wp-json\/wp\/v2\/product_cat?post=657695"},{"taxonomy":"product_tag","embeddable":true,"href":"https:\/\/streetmarkets.fr\/app\/wp-json\/wp\/v2\/product_tag?post=657695"}],"curies":[{"name":"wp","href":"https:\/\/api.w.org\/{rel}","templated":true}]}}